{"id":36620,"date":"2020-07-13T09:42:53","date_gmt":"2020-07-13T14:44:38","guid":{"rendered":"https:\/\/petmobile.ca\/?post_type=product&#038;p=36620"},"modified":"2025-05-29T11:29:20","modified_gmt":"2025-05-29T15:29:20","slug":"pronature-original-recette-agneau-avec-pois-et-orge","status":"publish","type":"product","link":"https:\/\/petmobile.ca\/fr\/produit\/pronature-original-recette-agneau-avec-pois-et-orge\/","title":{"rendered":"Pronature Original <br> Recette agneau"},"content":{"rendered":"<p><strong>INGR\u00c9DIENTS :<\/strong><\/p>\n<p>Farine d\u2019agneau, pois, orge enti\u00e8re, avoine, ma\u00efs, gras de poulet conserv\u00e9 naturellement avec un m\u00e9lange de tocoph\u00e9rols, farine de gluten de ma\u00efs, pulpe de betteraves s\u00e9ch\u00e9e, luzerne s\u00e9ch\u00e9e, saveur naturelle, carbonate de calcium, sel, graines de lin enti\u00e8res, propionate de calcium (comme agent de conservation), chlorure de choline, chlorure de potassium, sulfate ferreux, ac\u00e9tate d\u2019alpha-tocoph\u00e9rol (une source de vitamine E), oxyde de zinc, extrait de Yucca schidigera, extrait de romarin, oxyde manganeux, acide nicotinique, pantoth\u00e9nate de d-calcium, suppl\u00e9ment de vitamine A, chol\u00e9calcif\u00e9rol (une source de vitamine D3), mononitrate de thiamine, prot\u00e9inate de zinc, biotine, s\u00e9l\u00e9nite de sodium, riboflavine, prot\u00e9inate de mangan\u00e8se, chlorhydrate de pyridoxine, suppl\u00e9ment de vitamine B12, iodate de calcium, prot\u00e9inate de cuivre, acide folique.<\/p>\n<p><strong> ANALYSES GARANTIES :<\/strong><\/p>\n<p>Prot\u00e9ines brutes 22 % minimum, mati\u00e8res grasses brutes 12 % minimum, fibres brutes 5,5 % maximum, humidit\u00e9 10 % maximum, cendres 8 % maximum, calcium 1,2 % minimum, phosphore 0,8 % minimum, sodium 0,28 % minimum, vitamine A 12 500 UI\/kg minimum, vitamine D3 1150 UI\/kg minimum, vitamine E 80 UI\/kg minimum.<\/p>\n","protected":false},"excerpt":{"rendered":"<p>INGR\u00c9DIENTS : Farine d\u2019agneau, pois, orge enti\u00e8re, avoine, ma\u00efs, gras de poulet conserv\u00e9 naturellement avec un m\u00e9lange de tocoph\u00e9rols, farine<\/p>\n","protected":false},"featured_media":80619,"comment_status":"closed","ping_status":"closed","template":"","meta":[],"product_brand":[],"product_cat":[1109,1110,1111],"product_tag":[2115],"pa_animal":[1848],"pa_couleur":[],"pa_duration":[],"pa_format":[2085,2019],"pa_marque":[2087],"pa_type-de-produit":[],"class_list":{"0":"post-36620","1":"product","2":"type-product","3":"status-publish","4":"has-post-thumbnail","6":"product_cat-nourriture-et-produits-pour-chien","7":"product_cat-chien-nourriture","8":"product_cat-chien-nourriture-seche","9":"product_tag-pronature-fr-2","10":"pa_animal-chien","11":"pa_format-11-3kg-fr","12":"pa_format-2-27kg","13":"pa_marque-pronature-fr","14":"has-subscription-plans","16":"first","17":"instock","18":"taxable","19":"shipping-taxable","20":"purchasable","21":"product-type-variable"},"aioseo_notices":[],"_links":{"self":[{"href":"https:\/\/petmobile.ca\/fr\/wp-json\/wp\/v2\/product\/36620","targetHints":{"allow":["GET"]}}],"collection":[{"href":"https:\/\/petmobile.ca\/fr\/wp-json\/wp\/v2\/product"}],"about":[{"href":"https:\/\/petmobile.ca\/fr\/wp-json\/wp\/v2\/types\/product"}],"replies":[{"embeddable":true,"href":"https:\/\/petmobile.ca\/fr\/wp-json\/wp\/v2\/comments?post=36620"}],"wp:featuredmedia":[{"embeddable":true,"href":"https:\/\/petmobile.ca\/fr\/wp-json\/wp\/v2\/media\/80619"}],"wp:attachment":[{"href":"https:\/\/petmobile.ca\/fr\/wp-json\/wp\/v2\/media?parent=36620"}],"wp:term":[{"taxonomy":"product_brand","embeddable":true,"href":"https:\/\/petmobile.ca\/fr\/wp-json\/wp\/v2\/product_brand?post=36620"},{"taxonomy":"product_cat","embeddable":true,"href":"https:\/\/petmobile.ca\/fr\/wp-json\/wp\/v2\/product_cat?post=36620"},{"taxonomy":"product_tag","embeddable":true,"href":"https:\/\/petmobile.ca\/fr\/wp-json\/wp\/v2\/product_tag?post=36620"},{"taxonomy":"pa_animal","embeddable":true,"href":"https:\/\/petmobile.ca\/fr\/wp-json\/wp\/v2\/pa_animal?post=36620"},{"taxonomy":"pa_couleur","embeddable":true,"href":"https:\/\/petmobile.ca\/fr\/wp-json\/wp\/v2\/pa_couleur?post=36620"},{"taxonomy":"pa_duration","embeddable":true,"href":"https:\/\/petmobile.ca\/fr\/wp-json\/wp\/v2\/pa_duration?post=36620"},{"taxonomy":"pa_format","embeddable":true,"href":"https:\/\/petmobile.ca\/fr\/wp-json\/wp\/v2\/pa_format?post=36620"},{"taxonomy":"pa_marque","embeddable":true,"href":"https:\/\/petmobile.ca\/fr\/wp-json\/wp\/v2\/pa_marque?post=36620"},{"taxonomy":"pa_type-de-produit","embeddable":true,"href":"https:\/\/petmobile.ca\/fr\/wp-json\/wp\/v2\/pa_type-de-produit?post=36620"}],"curies":[{"name":"wp","href":"https:\/\/api.w.org\/{rel}","templated":true}]}}