{"id":36806,"date":"2020-07-20T13:15:34","date_gmt":"2020-07-20T18:15:34","guid":{"rendered":"https:\/\/petmobile.ca\/?post_type=product&#038;p=36806"},"modified":"2023-11-27T15:18:08","modified_gmt":"2023-11-27T20:18:08","slug":"extreme-goodie-bone","status":"publish","type":"product","link":"https:\/\/petmobile.ca\/fr\/produit\/extreme-goodie-bone\/","title":{"rendered":"Kong  Extreme Goodie Bone"},"content":{"rendered":"<p>Le jouet KONG Extreme Goodie Bone\u2122 ravit les chiens aux m\u00e2choires puissantes qui prennent un plaisir particulier \u00e0 mastiquer. Cet os, fait du plus robuste des caoutchoucs 100 % naturel KONG Extreme noir, est con\u00e7u pour les mastiqueurs r\u00e9solus. Le KONG Extreme Goodie Bone\u2122 dispose \u00e9galement de Goodie Grippers\u2122 brevet\u00e9s qui transforment ce jouet divertissant en un distributeur de friandises stimulant quand il est rempli des croquettes pr\u00e9f\u00e9r\u00e9es de votre chien. Vous voulez prolonger la s\u00e9ance de mastication\u00a0? Remplissez de KONG Snacks\u2122 agr\u00e9ment\u00e9s d\u2019un soup\u00e7on de KONG Easy Treat\u2122. Fi\u00e8rement fabriqu\u00e9 aux \u00c9tats-Unis.<\/p>\n","protected":false},"excerpt":{"rendered":"<p>Le jouet KONG Extreme Goodie Bone\u2122 ravit les chiens aux m\u00e2choires puissantes qui prennent un plaisir particulier \u00e0 mastiquer. Cet<\/p>\n","protected":false},"featured_media":36807,"comment_status":"closed","ping_status":"closed","template":"","meta":[],"product_brand":[],"product_cat":[1117,1109,1120],"product_tag":[],"pa_animal":[1848],"pa_couleur":[],"pa_duration":[],"pa_format":[],"pa_marque":[],"pa_type-de-produit":[],"class_list":{"0":"post-36806","1":"product","2":"type-product","3":"status-publish","4":"has-post-thumbnail","6":"product_cat-chien-accessoires","7":"product_cat-nourriture-et-produits-pour-chien","8":"product_cat-chien-accessoires-jouets","9":"pa_animal-chien","10":"has-subscription-plans","12":"first","13":"instock","14":"taxable","15":"shipping-taxable","16":"purchasable","17":"product-type-simple"},"aioseo_notices":[],"_links":{"self":[{"href":"https:\/\/petmobile.ca\/fr\/wp-json\/wp\/v2\/product\/36806","targetHints":{"allow":["GET"]}}],"collection":[{"href":"https:\/\/petmobile.ca\/fr\/wp-json\/wp\/v2\/product"}],"about":[{"href":"https:\/\/petmobile.ca\/fr\/wp-json\/wp\/v2\/types\/product"}],"replies":[{"embeddable":true,"href":"https:\/\/petmobile.ca\/fr\/wp-json\/wp\/v2\/comments?post=36806"}],"wp:featuredmedia":[{"embeddable":true,"href":"https:\/\/petmobile.ca\/fr\/wp-json\/wp\/v2\/media\/36807"}],"wp:attachment":[{"href":"https:\/\/petmobile.ca\/fr\/wp-json\/wp\/v2\/media?parent=36806"}],"wp:term":[{"taxonomy":"product_brand","embeddable":true,"href":"https:\/\/petmobile.ca\/fr\/wp-json\/wp\/v2\/product_brand?post=36806"},{"taxonomy":"product_cat","embeddable":true,"href":"https:\/\/petmobile.ca\/fr\/wp-json\/wp\/v2\/product_cat?post=36806"},{"taxonomy":"product_tag","embeddable":true,"href":"https:\/\/petmobile.ca\/fr\/wp-json\/wp\/v2\/product_tag?post=36806"},{"taxonomy":"pa_animal","embeddable":true,"href":"https:\/\/petmobile.ca\/fr\/wp-json\/wp\/v2\/pa_animal?post=36806"},{"taxonomy":"pa_couleur","embeddable":true,"href":"https:\/\/petmobile.ca\/fr\/wp-json\/wp\/v2\/pa_couleur?post=36806"},{"taxonomy":"pa_duration","embeddable":true,"href":"https:\/\/petmobile.ca\/fr\/wp-json\/wp\/v2\/pa_duration?post=36806"},{"taxonomy":"pa_format","embeddable":true,"href":"https:\/\/petmobile.ca\/fr\/wp-json\/wp\/v2\/pa_format?post=36806"},{"taxonomy":"pa_marque","embeddable":true,"href":"https:\/\/petmobile.ca\/fr\/wp-json\/wp\/v2\/pa_marque?post=36806"},{"taxonomy":"pa_type-de-produit","embeddable":true,"href":"https:\/\/petmobile.ca\/fr\/wp-json\/wp\/v2\/pa_type-de-produit?post=36806"}],"curies":[{"name":"wp","href":"https:\/\/api.w.org\/{rel}","templated":true}]}}