{"id":36825,"date":"2020-07-20T14:33:27","date_gmt":"2020-07-20T19:33:27","guid":{"rendered":"https:\/\/petmobile.ca\/?post_type=product&#038;p=36825"},"modified":"2021-12-23T13:38:10","modified_gmt":"2021-12-23T18:38:10","slug":"jw-balle-avec-plume","status":"publish","type":"product","link":"https:\/\/petmobile.ca\/fr\/produit\/jw-balle-avec-plume\/","title":{"rendered":"JW Cataction <br> Balle \u00e0 plumes"},"content":{"rendered":"<p>La balle \u00e0 plumes Cataction pour chats de JW Pet sera un bel ajout \u00e0 la collection de jouets de votre chat.<\/p>\n<p>Les petites d\u00e9coupes rondes permettent aux plumes fines et duveteuses de sortir et de provoquer votre chat. Les plumes attireront, tenteront et r\u00e9veilleront les instincts de chasseur de votre chat.<\/p>\n<p>Ce jouet pour chats fera bouger votre chat et il aura des tonnes de plaisir et d'exercice sain!<\/p>\n","protected":false},"excerpt":{"rendered":"<p>La balle \u00e0 plumes Cataction pour chats de JW Pet sera un bel ajout \u00e0 la collection de jouets de<\/p>\n","protected":false},"featured_media":38751,"comment_status":"closed","ping_status":"closed","template":"","meta":[],"product_brand":[],"product_cat":[1097,1092,1102],"product_tag":[],"pa_animal":[1847],"pa_couleur":[],"pa_duration":[],"pa_format":[],"pa_marque":[],"pa_type-de-produit":[],"class_list":{"0":"post-36825","1":"product","2":"type-product","3":"status-publish","4":"has-post-thumbnail","6":"product_cat-chat-accessoires","7":"product_cat-produits-pour-chat","8":"product_cat-chat-accessoires-jouets","9":"pa_animal-chat","10":"has-subscription-plans","12":"first","13":"instock","14":"taxable","15":"shipping-taxable","16":"purchasable","17":"product-type-simple"},"aioseo_notices":[],"_links":{"self":[{"href":"https:\/\/petmobile.ca\/fr\/wp-json\/wp\/v2\/product\/36825","targetHints":{"allow":["GET"]}}],"collection":[{"href":"https:\/\/petmobile.ca\/fr\/wp-json\/wp\/v2\/product"}],"about":[{"href":"https:\/\/petmobile.ca\/fr\/wp-json\/wp\/v2\/types\/product"}],"replies":[{"embeddable":true,"href":"https:\/\/petmobile.ca\/fr\/wp-json\/wp\/v2\/comments?post=36825"}],"wp:featuredmedia":[{"embeddable":true,"href":"https:\/\/petmobile.ca\/fr\/wp-json\/wp\/v2\/media\/38751"}],"wp:attachment":[{"href":"https:\/\/petmobile.ca\/fr\/wp-json\/wp\/v2\/media?parent=36825"}],"wp:term":[{"taxonomy":"product_brand","embeddable":true,"href":"https:\/\/petmobile.ca\/fr\/wp-json\/wp\/v2\/product_brand?post=36825"},{"taxonomy":"product_cat","embeddable":true,"href":"https:\/\/petmobile.ca\/fr\/wp-json\/wp\/v2\/product_cat?post=36825"},{"taxonomy":"product_tag","embeddable":true,"href":"https:\/\/petmobile.ca\/fr\/wp-json\/wp\/v2\/product_tag?post=36825"},{"taxonomy":"pa_animal","embeddable":true,"href":"https:\/\/petmobile.ca\/fr\/wp-json\/wp\/v2\/pa_animal?post=36825"},{"taxonomy":"pa_couleur","embeddable":true,"href":"https:\/\/petmobile.ca\/fr\/wp-json\/wp\/v2\/pa_couleur?post=36825"},{"taxonomy":"pa_duration","embeddable":true,"href":"https:\/\/petmobile.ca\/fr\/wp-json\/wp\/v2\/pa_duration?post=36825"},{"taxonomy":"pa_format","embeddable":true,"href":"https:\/\/petmobile.ca\/fr\/wp-json\/wp\/v2\/pa_format?post=36825"},{"taxonomy":"pa_marque","embeddable":true,"href":"https:\/\/petmobile.ca\/fr\/wp-json\/wp\/v2\/pa_marque?post=36825"},{"taxonomy":"pa_type-de-produit","embeddable":true,"href":"https:\/\/petmobile.ca\/fr\/wp-json\/wp\/v2\/pa_type-de-produit?post=36825"}],"curies":[{"name":"wp","href":"https:\/\/api.w.org\/{rel}","templated":true}]}}