{"id":36921,"date":"2020-07-27T09:03:13","date_gmt":"2020-07-27T14:05:09","guid":{"rendered":"https:\/\/petmobile.ca\/?post_type=product&#038;p=36921"},"modified":"2021-12-23T11:21:58","modified_gmt":"2021-12-23T16:21:58","slug":"solvit-moyen-harnais-de-securite-de-luxe-pour-voiture","status":"publish","type":"product","link":"https:\/\/petmobile.ca\/fr\/produit\/solvit-moyen-harnais-de-securite-de-luxe-pour-voiture\/","title":{"rendered":"Solvit <br> Moyen Harnais de s\u00e9curit\u00e9 de luxe pour voiture"},"content":{"rendered":"<p>Moyen pour les animaux de 20 \u00e0 55 lb<\/p>\n<p>Le harnais de s\u00e9curit\u00e9 pour voiture Solvit Deluxe offre un voyage sur la route fluide, s\u00fbr et confortable pour vous et votre chien.<\/p>\n<p>Le harnais de s\u00e9curit\u00e9 pour voiture Solvit Deluxe est con\u00e7u pour la s\u00e9curit\u00e9 et le confort de votre chien. Cette conception totalement nouvelle a \u00e9t\u00e9 test\u00e9e en cas de collision dans une installation certifi\u00e9e selon les principales normes de l'industrie. Les harnais ont \u00e9galement subi des tests statiques approfondis jusqu'\u00e0 3000 livres et plus. pour assurer la r\u00e9sistance et la durabilit\u00e9.<\/p>\n<p>Le harnais de s\u00e9curit\u00e9 s'int\u00e8gre parfaitement au syst\u00e8me de ceinture de s\u00e9curit\u00e9 de votre v\u00e9hicule, offrant une libert\u00e9 de mouvement pendant le voyage et une s\u00e9curit\u00e9 en cas d'arr\u00eat soudain.<\/p>\n<p>Les bretelles de r\u00e9sistance se fixent \u00e0 un gilet enti\u00e8rement rembourr\u00e9, avec une couche int\u00e9rieure respirante pour un confort optimal. Notre harnais de s\u00e9curit\u00e9 am\u00e9liore \u00e9galement la s\u00e9curit\u00e9 en r\u00e9duisant la distraction du conducteur.<\/p>\n<p>Un point d'attache pratique pour laisse de marche facilite la transition vers et depuis la voiture.<\/p>\n","protected":false},"excerpt":{"rendered":"<p>Moyen pour les animaux de 20 \u00e0 55 lb Le harnais de s\u00e9curit\u00e9 pour voiture Solvit Deluxe offre un voyage<\/p>\n","protected":false},"featured_media":36920,"comment_status":"closed","ping_status":"closed","template":"","meta":[],"product_brand":[],"product_cat":[1109,1118],"product_tag":[],"pa_animal":[],"pa_couleur":[],"pa_duration":[],"pa_format":[],"pa_marque":[],"pa_type-de-produit":[],"class_list":{"0":"post-36921","1":"product","2":"type-product","3":"status-publish","4":"has-post-thumbnail","6":"product_cat-nourriture-et-produits-pour-chien","7":"product_cat-chien-accessoires-laisse-collier-harnais","8":"has-subscription-plans","10":"first","11":"instock","12":"taxable","13":"shipping-taxable","14":"purchasable","15":"product-type-simple"},"aioseo_notices":[],"_links":{"self":[{"href":"https:\/\/petmobile.ca\/fr\/wp-json\/wp\/v2\/product\/36921","targetHints":{"allow":["GET"]}}],"collection":[{"href":"https:\/\/petmobile.ca\/fr\/wp-json\/wp\/v2\/product"}],"about":[{"href":"https:\/\/petmobile.ca\/fr\/wp-json\/wp\/v2\/types\/product"}],"replies":[{"embeddable":true,"href":"https:\/\/petmobile.ca\/fr\/wp-json\/wp\/v2\/comments?post=36921"}],"wp:featuredmedia":[{"embeddable":true,"href":"https:\/\/petmobile.ca\/fr\/wp-json\/wp\/v2\/media\/36920"}],"wp:attachment":[{"href":"https:\/\/petmobile.ca\/fr\/wp-json\/wp\/v2\/media?parent=36921"}],"wp:term":[{"taxonomy":"product_brand","embeddable":true,"href":"https:\/\/petmobile.ca\/fr\/wp-json\/wp\/v2\/product_brand?post=36921"},{"taxonomy":"product_cat","embeddable":true,"href":"https:\/\/petmobile.ca\/fr\/wp-json\/wp\/v2\/product_cat?post=36921"},{"taxonomy":"product_tag","embeddable":true,"href":"https:\/\/petmobile.ca\/fr\/wp-json\/wp\/v2\/product_tag?post=36921"},{"taxonomy":"pa_animal","embeddable":true,"href":"https:\/\/petmobile.ca\/fr\/wp-json\/wp\/v2\/pa_animal?post=36921"},{"taxonomy":"pa_couleur","embeddable":true,"href":"https:\/\/petmobile.ca\/fr\/wp-json\/wp\/v2\/pa_couleur?post=36921"},{"taxonomy":"pa_duration","embeddable":true,"href":"https:\/\/petmobile.ca\/fr\/wp-json\/wp\/v2\/pa_duration?post=36921"},{"taxonomy":"pa_format","embeddable":true,"href":"https:\/\/petmobile.ca\/fr\/wp-json\/wp\/v2\/pa_format?post=36921"},{"taxonomy":"pa_marque","embeddable":true,"href":"https:\/\/petmobile.ca\/fr\/wp-json\/wp\/v2\/pa_marque?post=36921"},{"taxonomy":"pa_type-de-produit","embeddable":true,"href":"https:\/\/petmobile.ca\/fr\/wp-json\/wp\/v2\/pa_type-de-produit?post=36921"}],"curies":[{"name":"wp","href":"https:\/\/api.w.org\/{rel}","templated":true}]}}