{"id":36939,"date":"2020-07-27T10:23:15","date_gmt":"2020-07-27T15:23:15","guid":{"rendered":"https:\/\/petmobile.ca\/?post_type=product&#038;p=36939"},"modified":"2022-08-17T10:50:53","modified_gmt":"2022-08-17T14:50:53","slug":"petsafe-petit-harnais-easysport","status":"publish","type":"product","link":"https:\/\/petmobile.ca\/fr\/produit\/petsafe-petit-harnais-easysport\/","title":{"rendered":"Petsafe <br> Petit &#8211; Harnais EasySport"},"content":{"rendered":"<p>Le harnais EasySport\u2122 est enti\u00e8rement r\u00e9glable et molletonn\u00e9, offrant ainsi un confort optimal aux chiens. Le col \u00e9lastique permet un ajustement agr\u00e9able et les deux boucles \u00e0 fermeture rapide facilitent l\u2019enfilage et le retrait. La poign\u00e9e sup\u00e9rieure permet une plus grande s\u00e9curit\u00e9 lorsque le ma\u00eetre a besoin de ramener rapidement son chien \u00e0 l\u2019ordre. Id\u00e9al pour \u00eatre port\u00e9 tous les jours, le harnais EasySport\u2122 permet aux chiens de profiter de la vie avec confort et style.<\/p>\n<p>&nbsp;<\/p>\n<h4>Dimensions de harnais<\/h4>\n<p>Mesurez la largeur\/le tour de poitrine de votre chien gr\u00e2ce \u00e0 un m\u00e8tre que vous passerez autour de sa poitrine, juste derri\u00e8re les jambes.<\/p>\n<table class=\"data-table\">\n<tbody>\n<tr>\n<th class=\"border-top border-bottom border-left border-right\">Taille de harnais<\/th>\n<th class=\"border-top border-bottom border-right\">Largeur de l'animal<\/th>\n<th class=\"border-top border-bottom border-right\">Exemples de races<\/th>\n<\/tr>\n<tr>\n<td class=\"border-bottom border-left border-right\">Tr\u00e9s Petit<\/td>\n<td class=\"border-bottom border-right\">Convient \u00e0 des gabarits de 38 cm \u2013 56 cm<\/td>\n<td class=\"border-bottom border-right\">Jack Russel Terrier,\u00a0Sheltie<\/td>\n<\/tr>\n<tr>\n<td class=\"border-bottom border-left border-right\">Petit<\/td>\n<td class=\"border-bottom border-right\">Convient \u00e0 des gabarits de 46 cm \u2013 56 cm<\/td>\n<td class=\"border-bottom border-right\">Boston Terrier, Sheltie, Pug<\/td>\n<\/tr>\n<tr>\n<td class=\"border-bottom border-left border-right\">Moyen<\/td>\n<td class=\"border-bottom border-right\">Convient \u00e0 des gabarits de 56 cm \u2013 76 cm<\/td>\n<td class=\"border-bottom border-right\">Beagle, Border collie, Springer anglais<\/td>\n<\/tr>\n<tr>\n<td class=\"border-bottom border-left border-right\">Grand<\/td>\n<td class=\"border-bottom border-right\">Convient \u00e0 des gabarits de 71 cm \u2013 107 cm<\/td>\n<td class=\"border-bottom border-right\">Berger allemand, Boxer, Labrador retriever<\/td>\n<\/tr>\n<\/tbody>\n<\/table>\n","protected":false},"excerpt":{"rendered":"<p>Le harnais EasySport\u2122 est enti\u00e8rement r\u00e9glable et molletonn\u00e9, offrant ainsi un confort optimal aux chiens. Le col \u00e9lastique permet un<\/p>\n","protected":false},"featured_media":36928,"comment_status":"closed","ping_status":"closed","template":"","meta":[],"product_brand":[],"product_cat":[1117,1109,1118],"product_tag":[],"pa_animal":[],"pa_couleur":[],"pa_duration":[],"pa_format":[],"pa_marque":[],"pa_type-de-produit":[],"class_list":{"0":"post-36939","1":"product","2":"type-product","3":"status-publish","4":"has-post-thumbnail","6":"product_cat-chien-accessoires","7":"product_cat-nourriture-et-produits-pour-chien","8":"product_cat-chien-accessoires-laisse-collier-harnais","9":"has-subscription-plans","11":"first","12":"instock","13":"taxable","14":"shipping-taxable","15":"purchasable","16":"product-type-simple"},"aioseo_notices":[],"_links":{"self":[{"href":"https:\/\/petmobile.ca\/fr\/wp-json\/wp\/v2\/product\/36939","targetHints":{"allow":["GET"]}}],"collection":[{"href":"https:\/\/petmobile.ca\/fr\/wp-json\/wp\/v2\/product"}],"about":[{"href":"https:\/\/petmobile.ca\/fr\/wp-json\/wp\/v2\/types\/product"}],"replies":[{"embeddable":true,"href":"https:\/\/petmobile.ca\/fr\/wp-json\/wp\/v2\/comments?post=36939"}],"wp:featuredmedia":[{"embeddable":true,"href":"https:\/\/petmobile.ca\/fr\/wp-json\/wp\/v2\/media\/36928"}],"wp:attachment":[{"href":"https:\/\/petmobile.ca\/fr\/wp-json\/wp\/v2\/media?parent=36939"}],"wp:term":[{"taxonomy":"product_brand","embeddable":true,"href":"https:\/\/petmobile.ca\/fr\/wp-json\/wp\/v2\/product_brand?post=36939"},{"taxonomy":"product_cat","embeddable":true,"href":"https:\/\/petmobile.ca\/fr\/wp-json\/wp\/v2\/product_cat?post=36939"},{"taxonomy":"product_tag","embeddable":true,"href":"https:\/\/petmobile.ca\/fr\/wp-json\/wp\/v2\/product_tag?post=36939"},{"taxonomy":"pa_animal","embeddable":true,"href":"https:\/\/petmobile.ca\/fr\/wp-json\/wp\/v2\/pa_animal?post=36939"},{"taxonomy":"pa_couleur","embeddable":true,"href":"https:\/\/petmobile.ca\/fr\/wp-json\/wp\/v2\/pa_couleur?post=36939"},{"taxonomy":"pa_duration","embeddable":true,"href":"https:\/\/petmobile.ca\/fr\/wp-json\/wp\/v2\/pa_duration?post=36939"},{"taxonomy":"pa_format","embeddable":true,"href":"https:\/\/petmobile.ca\/fr\/wp-json\/wp\/v2\/pa_format?post=36939"},{"taxonomy":"pa_marque","embeddable":true,"href":"https:\/\/petmobile.ca\/fr\/wp-json\/wp\/v2\/pa_marque?post=36939"},{"taxonomy":"pa_type-de-produit","embeddable":true,"href":"https:\/\/petmobile.ca\/fr\/wp-json\/wp\/v2\/pa_type-de-produit?post=36939"}],"curies":[{"name":"wp","href":"https:\/\/api.w.org\/{rel}","templated":true}]}}