{"id":36954,"date":"2020-07-27T10:40:47","date_gmt":"2020-07-27T15:42:06","guid":{"rendered":"https:\/\/petmobile.ca\/?post_type=product&#038;p=36954"},"modified":"2023-10-06T12:32:43","modified_gmt":"2023-10-06T16:32:43","slug":"company-of-animals-halti-le-licol","status":"publish","type":"product","link":"https:\/\/petmobile.ca\/fr\/produit\/company-of-animals-halti-le-licol\/","title":{"rendered":"Company of animals <br> Halti &#8211; Le licol"},"content":{"rendered":"<p>J'adore marcher, j'adore HALTI!<\/p>\n<p>HALTI est l'un des noms les plus fiables et reconnus dans le domaine de la promenade canine. Synonyme de design innovant, de fiabilit\u00e9 et de confort, nous aidons les propri\u00e9taires \u00e0 faire de la promenade de chien un plaisir depuis plus de 35 ans.<\/p>\n<p>HALTI est le leader du march\u00e9 en aidant les propri\u00e9taires de chiens \u00e0 r\u00e9pondre \u00e0 leur non. 1 probl\u00e8me de comportement - chiens tirant sur la laisse avec une gamme compl\u00e8te de colliers de t\u00eate HALTI (original HALTI Headcollar et HALTI Optifit Headcollar), harnais et cordons d'entra\u00eenement<\/p>\n<p>Le serre-t\u00eate HALTI emp\u00eache les chiens de tirer. Son design unique fonctionne en orientant doucement la t\u00eate et en contr\u00f4lant ainsi la direction du mouvement du chien, ce qui facilite l'entra\u00eenement et vous redonne le contr\u00f4le, vous le propri\u00e9taire.<\/p>\n<p>Le HALTI est devenu le collier de t\u00eate pr\u00e9f\u00e9r\u00e9 au monde, car il combine une efficacit\u00e9 de direction maximale avec un confort in\u00e9gal\u00e9.<\/p>\n","protected":false},"excerpt":{"rendered":"<p>J&rsquo;adore marcher, j&rsquo;adore HALTI! HALTI est l&rsquo;un des noms les plus fiables et reconnus dans le domaine de la promenade<\/p>\n","protected":false},"featured_media":63009,"comment_status":"closed","ping_status":"closed","template":"","meta":[],"product_brand":[],"product_cat":[1117,1109,1118],"product_tag":[2319],"pa_animal":[],"pa_couleur":[],"pa_duration":[],"pa_format":[2398,2399,2401],"pa_marque":[],"pa_type-de-produit":[],"class_list":{"0":"post-36954","1":"product","2":"type-product","3":"status-publish","4":"has-post-thumbnail","6":"product_cat-chien-accessoires","7":"product_cat-nourriture-et-produits-pour-chien","8":"product_cat-chien-accessoires-laisse-collier-harnais","9":"product_tag-compagny-of-animals-fr","10":"pa_format-taille-1","11":"pa_format-taille-2","12":"pa_format-taille-3","13":"has-subscription-plans","15":"first","16":"instock","17":"taxable","18":"shipping-taxable","19":"purchasable","20":"product-type-variable","21":"has-default-attributes"},"aioseo_notices":[],"_links":{"self":[{"href":"https:\/\/petmobile.ca\/fr\/wp-json\/wp\/v2\/product\/36954","targetHints":{"allow":["GET"]}}],"collection":[{"href":"https:\/\/petmobile.ca\/fr\/wp-json\/wp\/v2\/product"}],"about":[{"href":"https:\/\/petmobile.ca\/fr\/wp-json\/wp\/v2\/types\/product"}],"replies":[{"embeddable":true,"href":"https:\/\/petmobile.ca\/fr\/wp-json\/wp\/v2\/comments?post=36954"}],"wp:featuredmedia":[{"embeddable":true,"href":"https:\/\/petmobile.ca\/fr\/wp-json\/wp\/v2\/media\/63009"}],"wp:attachment":[{"href":"https:\/\/petmobile.ca\/fr\/wp-json\/wp\/v2\/media?parent=36954"}],"wp:term":[{"taxonomy":"product_brand","embeddable":true,"href":"https:\/\/petmobile.ca\/fr\/wp-json\/wp\/v2\/product_brand?post=36954"},{"taxonomy":"product_cat","embeddable":true,"href":"https:\/\/petmobile.ca\/fr\/wp-json\/wp\/v2\/product_cat?post=36954"},{"taxonomy":"product_tag","embeddable":true,"href":"https:\/\/petmobile.ca\/fr\/wp-json\/wp\/v2\/product_tag?post=36954"},{"taxonomy":"pa_animal","embeddable":true,"href":"https:\/\/petmobile.ca\/fr\/wp-json\/wp\/v2\/pa_animal?post=36954"},{"taxonomy":"pa_couleur","embeddable":true,"href":"https:\/\/petmobile.ca\/fr\/wp-json\/wp\/v2\/pa_couleur?post=36954"},{"taxonomy":"pa_duration","embeddable":true,"href":"https:\/\/petmobile.ca\/fr\/wp-json\/wp\/v2\/pa_duration?post=36954"},{"taxonomy":"pa_format","embeddable":true,"href":"https:\/\/petmobile.ca\/fr\/wp-json\/wp\/v2\/pa_format?post=36954"},{"taxonomy":"pa_marque","embeddable":true,"href":"https:\/\/petmobile.ca\/fr\/wp-json\/wp\/v2\/pa_marque?post=36954"},{"taxonomy":"pa_type-de-produit","embeddable":true,"href":"https:\/\/petmobile.ca\/fr\/wp-json\/wp\/v2\/pa_type-de-produit?post=36954"}],"curies":[{"name":"wp","href":"https:\/\/api.w.org\/{rel}","templated":true}]}}