{"id":36979,"date":"2020-07-27T11:28:12","date_gmt":"2020-07-27T16:28:12","guid":{"rendered":"https:\/\/petmobile.ca\/?post_type=product&#038;p=36979"},"modified":"2023-03-22T13:00:49","modified_gmt":"2023-03-22T17:00:49","slug":"hartz-vaporisateur-contre-les-puces-et-les-tiques","status":"publish","type":"product","link":"https:\/\/petmobile.ca\/fr\/produit\/hartz-vaporisateur-contre-les-puces-et-les-tiques\/","title":{"rendered":"Hartz <br> Vaporisateur contre les puces et les tiques"},"content":{"rendered":"<p>Cette formule non-tachante tue efficacement les puces et\u00a0les tiques, emp\u00eache l'\u00e9closion des oeufs sur les tapis et tissus, et pr\u00e9vient la r\u00e9infestation pendant 6 mois.<\/p>\n","protected":false},"excerpt":{"rendered":"<p>Cette formule non-tachante tue efficacement les puces et\u00a0les tiques, emp\u00eache l&rsquo;\u00e9closion des oeufs sur les tapis et tissus, et pr\u00e9vient<\/p>\n","protected":false},"featured_media":36978,"comment_status":"closed","ping_status":"closed","template":"","meta":[],"product_brand":[],"product_cat":[1098,1122],"product_tag":[],"pa_animal":[],"pa_couleur":[],"pa_duration":[],"pa_format":[2411],"pa_marque":[],"pa_type-de-produit":[],"class_list":{"0":"post-36979","1":"product","2":"type-product","3":"status-publish","4":"has-post-thumbnail","6":"product_cat-chat-proprete","7":"product_cat-chien-proprete","8":"pa_format-473ml","9":"has-subscription-plans","11":"first","12":"outofstock","13":"taxable","14":"shipping-taxable","15":"purchasable","16":"product-type-simple"},"aioseo_notices":[],"_links":{"self":[{"href":"https:\/\/petmobile.ca\/fr\/wp-json\/wp\/v2\/product\/36979","targetHints":{"allow":["GET"]}}],"collection":[{"href":"https:\/\/petmobile.ca\/fr\/wp-json\/wp\/v2\/product"}],"about":[{"href":"https:\/\/petmobile.ca\/fr\/wp-json\/wp\/v2\/types\/product"}],"replies":[{"embeddable":true,"href":"https:\/\/petmobile.ca\/fr\/wp-json\/wp\/v2\/comments?post=36979"}],"wp:featuredmedia":[{"embeddable":true,"href":"https:\/\/petmobile.ca\/fr\/wp-json\/wp\/v2\/media\/36978"}],"wp:attachment":[{"href":"https:\/\/petmobile.ca\/fr\/wp-json\/wp\/v2\/media?parent=36979"}],"wp:term":[{"taxonomy":"product_brand","embeddable":true,"href":"https:\/\/petmobile.ca\/fr\/wp-json\/wp\/v2\/product_brand?post=36979"},{"taxonomy":"product_cat","embeddable":true,"href":"https:\/\/petmobile.ca\/fr\/wp-json\/wp\/v2\/product_cat?post=36979"},{"taxonomy":"product_tag","embeddable":true,"href":"https:\/\/petmobile.ca\/fr\/wp-json\/wp\/v2\/product_tag?post=36979"},{"taxonomy":"pa_animal","embeddable":true,"href":"https:\/\/petmobile.ca\/fr\/wp-json\/wp\/v2\/pa_animal?post=36979"},{"taxonomy":"pa_couleur","embeddable":true,"href":"https:\/\/petmobile.ca\/fr\/wp-json\/wp\/v2\/pa_couleur?post=36979"},{"taxonomy":"pa_duration","embeddable":true,"href":"https:\/\/petmobile.ca\/fr\/wp-json\/wp\/v2\/pa_duration?post=36979"},{"taxonomy":"pa_format","embeddable":true,"href":"https:\/\/petmobile.ca\/fr\/wp-json\/wp\/v2\/pa_format?post=36979"},{"taxonomy":"pa_marque","embeddable":true,"href":"https:\/\/petmobile.ca\/fr\/wp-json\/wp\/v2\/pa_marque?post=36979"},{"taxonomy":"pa_type-de-produit","embeddable":true,"href":"https:\/\/petmobile.ca\/fr\/wp-json\/wp\/v2\/pa_type-de-produit?post=36979"}],"curies":[{"name":"wp","href":"https:\/\/api.w.org\/{rel}","templated":true}]}}