{"id":36985,"date":"2020-07-27T12:14:52","date_gmt":"2020-07-27T17:17:55","guid":{"rendered":"https:\/\/petmobile.ca\/?post_type=product&#038;p=36985"},"modified":"2021-12-23T11:11:52","modified_gmt":"2021-12-23T16:11:52","slug":"petsafe-controle-de-pulverisation","status":"publish","type":"product","link":"https:\/\/petmobile.ca\/fr\/produit\/petsafe-controle-de-pulverisation\/","title":{"rendered":"Petsafe <br> Contr\u00f4le de pulv\u00e9risation"},"content":{"rendered":"<p>Cette recharge de bombe a\u00e9rosol PetSafe \u00e0 la citronnelle fonctionne avec les produits PetSafe Spray Bark Control et Remote Training. La citronnelle peut \u00eatre un moyen de dissuasion plus efficace pour certains chiens que le spray non parfum\u00e9. Faciles \u00e0 attacher et tr\u00e8s efficaces, ces recharges sont l'\u00e9l\u00e9ment dissuasif que vous recherchiez pour susciter le comportement souhait\u00e9 de votre chiot.<\/p>\n","protected":false},"excerpt":{"rendered":"<p>Cette recharge de bombe a\u00e9rosol PetSafe \u00e0 la citronnelle fonctionne avec les produits PetSafe Spray Bark Control et Remote Training.<\/p>\n","protected":false},"featured_media":36984,"comment_status":"closed","ping_status":"closed","template":"","meta":[],"product_brand":[],"product_cat":[1109,2290],"product_tag":[2222],"pa_animal":[],"pa_couleur":[],"pa_duration":[],"pa_format":[2414],"pa_marque":[],"pa_type-de-produit":[],"class_list":{"0":"post-36985","1":"product","2":"type-product","3":"status-publish","4":"has-post-thumbnail","6":"product_cat-nourriture-et-produits-pour-chien","7":"product_cat-chien-soins","8":"product_tag-petsafe","9":"pa_format-3oz-fr","10":"has-subscription-plans","12":"first","13":"instock","14":"taxable","15":"shipping-taxable","16":"purchasable","17":"product-type-simple"},"aioseo_notices":[],"_links":{"self":[{"href":"https:\/\/petmobile.ca\/fr\/wp-json\/wp\/v2\/product\/36985","targetHints":{"allow":["GET"]}}],"collection":[{"href":"https:\/\/petmobile.ca\/fr\/wp-json\/wp\/v2\/product"}],"about":[{"href":"https:\/\/petmobile.ca\/fr\/wp-json\/wp\/v2\/types\/product"}],"replies":[{"embeddable":true,"href":"https:\/\/petmobile.ca\/fr\/wp-json\/wp\/v2\/comments?post=36985"}],"wp:featuredmedia":[{"embeddable":true,"href":"https:\/\/petmobile.ca\/fr\/wp-json\/wp\/v2\/media\/36984"}],"wp:attachment":[{"href":"https:\/\/petmobile.ca\/fr\/wp-json\/wp\/v2\/media?parent=36985"}],"wp:term":[{"taxonomy":"product_brand","embeddable":true,"href":"https:\/\/petmobile.ca\/fr\/wp-json\/wp\/v2\/product_brand?post=36985"},{"taxonomy":"product_cat","embeddable":true,"href":"https:\/\/petmobile.ca\/fr\/wp-json\/wp\/v2\/product_cat?post=36985"},{"taxonomy":"product_tag","embeddable":true,"href":"https:\/\/petmobile.ca\/fr\/wp-json\/wp\/v2\/product_tag?post=36985"},{"taxonomy":"pa_animal","embeddable":true,"href":"https:\/\/petmobile.ca\/fr\/wp-json\/wp\/v2\/pa_animal?post=36985"},{"taxonomy":"pa_couleur","embeddable":true,"href":"https:\/\/petmobile.ca\/fr\/wp-json\/wp\/v2\/pa_couleur?post=36985"},{"taxonomy":"pa_duration","embeddable":true,"href":"https:\/\/petmobile.ca\/fr\/wp-json\/wp\/v2\/pa_duration?post=36985"},{"taxonomy":"pa_format","embeddable":true,"href":"https:\/\/petmobile.ca\/fr\/wp-json\/wp\/v2\/pa_format?post=36985"},{"taxonomy":"pa_marque","embeddable":true,"href":"https:\/\/petmobile.ca\/fr\/wp-json\/wp\/v2\/pa_marque?post=36985"},{"taxonomy":"pa_type-de-produit","embeddable":true,"href":"https:\/\/petmobile.ca\/fr\/wp-json\/wp\/v2\/pa_type-de-produit?post=36985"}],"curies":[{"name":"wp","href":"https:\/\/api.w.org\/{rel}","templated":true}]}}