{"id":36989,"date":"2020-07-27T12:36:31","date_gmt":"2020-07-27T17:37:37","guid":{"rendered":"https:\/\/petmobile.ca\/?post_type=product&#038;p=36989"},"modified":"2023-11-17T15:51:54","modified_gmt":"2023-11-17T20:51:54","slug":"hunter-harnais","status":"publish","type":"product","link":"https:\/\/petmobile.ca\/fr\/produit\/hunter-harnais\/","title":{"rendered":"Hunter <br> Harnais &#8211; Large"},"content":{"rendered":"<p>Ce harnais Hunter 3-en-1 est une alternative l\u00e9g\u00e8re et confortable aux colliers, \u00e9liminant la pression autour du cou. Ce protecteur de poitrine en nylon durable doubl\u00e9 peut \u00eatre port\u00e9 longtemps. Combin\u00e9 \u00e0 une laisse, il est id\u00e9al pour l'entra\u00eenement des animaux qui tirent en promenade, ou pour les emp\u00eacher de se glisser hors de leur collier. En auto, il diminue les risques de blessures, surtout lors des arr\u00eats brusques. De plus, il r\u00e9duit les distractions en voiture tout en permettant une certaine libert\u00e9 de mouvement. Pour se servir de ce harnais en voiture, il suffit de passer la ceinture de s\u00e9curit\u00e9 du si\u00e8ge arri\u00e8re sous la courroie sur le dos du harnais, puis boucler.<\/p>\n","protected":false},"excerpt":{"rendered":"<p>Ce harnais Hunter 3-en-1 est une alternative l\u00e9g\u00e8re et confortable aux colliers, \u00e9liminant la pression autour du cou. Ce protecteur<\/p>\n","protected":false},"featured_media":36988,"comment_status":"closed","ping_status":"closed","template":"","meta":[],"product_brand":[],"product_cat":[1117,1109,1118],"product_tag":[2408],"pa_animal":[],"pa_couleur":[2228],"pa_duration":[],"pa_format":[],"pa_marque":[],"pa_type-de-produit":[],"class_list":{"0":"post-36989","1":"product","2":"type-product","3":"status-publish","4":"has-post-thumbnail","6":"product_cat-chien-accessoires","7":"product_cat-nourriture-et-produits-pour-chien","8":"product_cat-chien-accessoires-laisse-collier-harnais","9":"product_tag-hunter-fr","10":"pa_couleur-rouge","11":"has-subscription-plans","13":"first","14":"instock","15":"taxable","16":"shipping-taxable","17":"purchasable","18":"product-type-simple"},"aioseo_notices":[],"_links":{"self":[{"href":"https:\/\/petmobile.ca\/fr\/wp-json\/wp\/v2\/product\/36989","targetHints":{"allow":["GET"]}}],"collection":[{"href":"https:\/\/petmobile.ca\/fr\/wp-json\/wp\/v2\/product"}],"about":[{"href":"https:\/\/petmobile.ca\/fr\/wp-json\/wp\/v2\/types\/product"}],"replies":[{"embeddable":true,"href":"https:\/\/petmobile.ca\/fr\/wp-json\/wp\/v2\/comments?post=36989"}],"wp:featuredmedia":[{"embeddable":true,"href":"https:\/\/petmobile.ca\/fr\/wp-json\/wp\/v2\/media\/36988"}],"wp:attachment":[{"href":"https:\/\/petmobile.ca\/fr\/wp-json\/wp\/v2\/media?parent=36989"}],"wp:term":[{"taxonomy":"product_brand","embeddable":true,"href":"https:\/\/petmobile.ca\/fr\/wp-json\/wp\/v2\/product_brand?post=36989"},{"taxonomy":"product_cat","embeddable":true,"href":"https:\/\/petmobile.ca\/fr\/wp-json\/wp\/v2\/product_cat?post=36989"},{"taxonomy":"product_tag","embeddable":true,"href":"https:\/\/petmobile.ca\/fr\/wp-json\/wp\/v2\/product_tag?post=36989"},{"taxonomy":"pa_animal","embeddable":true,"href":"https:\/\/petmobile.ca\/fr\/wp-json\/wp\/v2\/pa_animal?post=36989"},{"taxonomy":"pa_couleur","embeddable":true,"href":"https:\/\/petmobile.ca\/fr\/wp-json\/wp\/v2\/pa_couleur?post=36989"},{"taxonomy":"pa_duration","embeddable":true,"href":"https:\/\/petmobile.ca\/fr\/wp-json\/wp\/v2\/pa_duration?post=36989"},{"taxonomy":"pa_format","embeddable":true,"href":"https:\/\/petmobile.ca\/fr\/wp-json\/wp\/v2\/pa_format?post=36989"},{"taxonomy":"pa_marque","embeddable":true,"href":"https:\/\/petmobile.ca\/fr\/wp-json\/wp\/v2\/pa_marque?post=36989"},{"taxonomy":"pa_type-de-produit","embeddable":true,"href":"https:\/\/petmobile.ca\/fr\/wp-json\/wp\/v2\/pa_type-de-produit?post=36989"}],"curies":[{"name":"wp","href":"https:\/\/api.w.org\/{rel}","templated":true}]}}