{"id":37003,"date":"2020-07-27T13:08:51","date_gmt":"2020-07-27T18:10:51","guid":{"rendered":"https:\/\/petmobile.ca\/?post_type=product&#038;p=37003"},"modified":"2023-09-21T13:27:53","modified_gmt":"2023-09-21T17:27:53","slug":"kong-chiot","status":"publish","type":"product","link":"https:\/\/petmobile.ca\/fr\/produit\/kong-chiot\/","title":{"rendered":"Kong <br> Chiot"},"content":{"rendered":"<p>Le jouet pour chien Puppy KONG est personnalis\u00e9 pour les dents de lait d'un chiot en pleine croissance, la formule unique en caoutchouc naturel est la plus douce de la gamme de jouets en caoutchouc KONG. Con\u00e7u pour r\u00e9pondre aux besoins des 28 dents de b\u00e9b\u00e9 d'un chiot, il aide \u00e0 enseigner un comportement de mastication appropri\u00e9 tout en offrant un enrichissement et en satisfaisant les besoins instinctifs d'un chiot plus jeune, tandis que le rebond irr\u00e9gulier le rend id\u00e9al pour les chiots qui veulent juste jouer. Un Puppy KONG en peluche occupe les tout-petits occup\u00e9s tout en permettant aux parents d'animaux de compagnie de r\u00e9pondre \u00e0 leurs besoins uniques. Vous voulez faciliter la formation en caisse ou prolonger le temps de jeu? Assurez-vous de farcir avec des croquettes pour chiots et une pinc\u00e9e de beurre d'arachide. Ajoutez au plaisir en incluant des collations pour chiots KONG et compl\u00e9tez avec KONG Puppy Easy Treat.<\/p>\n","protected":false},"excerpt":{"rendered":"<p>Le jouet pour chien Puppy KONG est personnalis\u00e9 pour les dents de lait d&rsquo;un chiot en pleine croissance, la formule<\/p>\n","protected":false},"featured_media":63618,"comment_status":"closed","ping_status":"closed","template":"","meta":[],"product_brand":[],"product_cat":[1117,1109,1120],"product_tag":[2408],"pa_animal":[],"pa_couleur":[2415],"pa_duration":[],"pa_format":[2097,2096,2095,2067],"pa_marque":[],"pa_type-de-produit":[],"class_list":{"0":"post-37003","1":"product","2":"type-product","3":"status-publish","4":"has-post-thumbnail","6":"product_cat-chien-accessoires","7":"product_cat-nourriture-et-produits-pour-chien","8":"product_cat-chien-accessoires-jouets","9":"product_tag-hunter-fr","10":"pa_couleur-bleu","11":"pa_format-grand-fr","12":"pa_format-moyen-fr","13":"pa_format-petit-fr","14":"pa_format-tres-petit","15":"has-subscription-plans","17":"first","18":"instock","19":"taxable","20":"shipping-taxable","21":"purchasable","22":"product-type-variable"},"aioseo_notices":[],"_links":{"self":[{"href":"https:\/\/petmobile.ca\/fr\/wp-json\/wp\/v2\/product\/37003","targetHints":{"allow":["GET"]}}],"collection":[{"href":"https:\/\/petmobile.ca\/fr\/wp-json\/wp\/v2\/product"}],"about":[{"href":"https:\/\/petmobile.ca\/fr\/wp-json\/wp\/v2\/types\/product"}],"replies":[{"embeddable":true,"href":"https:\/\/petmobile.ca\/fr\/wp-json\/wp\/v2\/comments?post=37003"}],"wp:featuredmedia":[{"embeddable":true,"href":"https:\/\/petmobile.ca\/fr\/wp-json\/wp\/v2\/media\/63618"}],"wp:attachment":[{"href":"https:\/\/petmobile.ca\/fr\/wp-json\/wp\/v2\/media?parent=37003"}],"wp:term":[{"taxonomy":"product_brand","embeddable":true,"href":"https:\/\/petmobile.ca\/fr\/wp-json\/wp\/v2\/product_brand?post=37003"},{"taxonomy":"product_cat","embeddable":true,"href":"https:\/\/petmobile.ca\/fr\/wp-json\/wp\/v2\/product_cat?post=37003"},{"taxonomy":"product_tag","embeddable":true,"href":"https:\/\/petmobile.ca\/fr\/wp-json\/wp\/v2\/product_tag?post=37003"},{"taxonomy":"pa_animal","embeddable":true,"href":"https:\/\/petmobile.ca\/fr\/wp-json\/wp\/v2\/pa_animal?post=37003"},{"taxonomy":"pa_couleur","embeddable":true,"href":"https:\/\/petmobile.ca\/fr\/wp-json\/wp\/v2\/pa_couleur?post=37003"},{"taxonomy":"pa_duration","embeddable":true,"href":"https:\/\/petmobile.ca\/fr\/wp-json\/wp\/v2\/pa_duration?post=37003"},{"taxonomy":"pa_format","embeddable":true,"href":"https:\/\/petmobile.ca\/fr\/wp-json\/wp\/v2\/pa_format?post=37003"},{"taxonomy":"pa_marque","embeddable":true,"href":"https:\/\/petmobile.ca\/fr\/wp-json\/wp\/v2\/pa_marque?post=37003"},{"taxonomy":"pa_type-de-produit","embeddable":true,"href":"https:\/\/petmobile.ca\/fr\/wp-json\/wp\/v2\/pa_type-de-produit?post=37003"}],"curies":[{"name":"wp","href":"https:\/\/api.w.org\/{rel}","templated":true}]}}