{"id":37030,"date":"2020-07-27T14:25:48","date_gmt":"2020-07-27T19:27:47","guid":{"rendered":"https:\/\/petmobile.ca\/?post_type=product&#038;p=37030"},"modified":"2021-12-23T11:03:13","modified_gmt":"2021-12-23T16:03:13","slug":"hunter-laisse-en-cuir-cousu","status":"publish","type":"product","link":"https:\/\/petmobile.ca\/fr\/produit\/hunter-laisse-en-cuir-cousu\/","title":{"rendered":"Hunter <br> Laisse en cuir cousu \u00bd\u00a0\u00bb x 48\u00a0\u00bb"},"content":{"rendered":"<p>R\u00e9sistantes, commodes et abordables; con\u00e7ues \u00e0 Montr\u00e9al par Hunter Brand, ces laisses de haute qualit\u00e9 sauront r\u00e9pondre aux besoins sp\u00e9cifiques des chiens et de ceux qui en raffolent. Faites de cuir canadien v\u00e9ritable, pleine fleur.<\/p>\n","protected":false},"excerpt":{"rendered":"<p>R\u00e9sistantes, commodes et abordables; con\u00e7ues \u00e0 Montr\u00e9al par Hunter Brand, ces laisses de haute qualit\u00e9 sauront r\u00e9pondre aux besoins sp\u00e9cifiques<\/p>\n","protected":false},"featured_media":37029,"comment_status":"closed","ping_status":"closed","template":"","meta":[],"product_brand":[],"product_cat":[1117,1109,1118],"product_tag":[2408],"pa_animal":[],"pa_couleur":[2228],"pa_duration":[],"pa_format":[],"pa_marque":[],"pa_type-de-produit":[],"class_list":{"0":"post-37030","1":"product","2":"type-product","3":"status-publish","4":"has-post-thumbnail","6":"product_cat-chien-accessoires","7":"product_cat-nourriture-et-produits-pour-chien","8":"product_cat-chien-accessoires-laisse-collier-harnais","9":"product_tag-hunter-fr","10":"pa_couleur-rouge","11":"has-subscription-plans","13":"first","14":"instock","15":"taxable","16":"shipping-taxable","17":"purchasable","18":"product-type-simple"},"aioseo_notices":[],"_links":{"self":[{"href":"https:\/\/petmobile.ca\/fr\/wp-json\/wp\/v2\/product\/37030","targetHints":{"allow":["GET"]}}],"collection":[{"href":"https:\/\/petmobile.ca\/fr\/wp-json\/wp\/v2\/product"}],"about":[{"href":"https:\/\/petmobile.ca\/fr\/wp-json\/wp\/v2\/types\/product"}],"replies":[{"embeddable":true,"href":"https:\/\/petmobile.ca\/fr\/wp-json\/wp\/v2\/comments?post=37030"}],"wp:featuredmedia":[{"embeddable":true,"href":"https:\/\/petmobile.ca\/fr\/wp-json\/wp\/v2\/media\/37029"}],"wp:attachment":[{"href":"https:\/\/petmobile.ca\/fr\/wp-json\/wp\/v2\/media?parent=37030"}],"wp:term":[{"taxonomy":"product_brand","embeddable":true,"href":"https:\/\/petmobile.ca\/fr\/wp-json\/wp\/v2\/product_brand?post=37030"},{"taxonomy":"product_cat","embeddable":true,"href":"https:\/\/petmobile.ca\/fr\/wp-json\/wp\/v2\/product_cat?post=37030"},{"taxonomy":"product_tag","embeddable":true,"href":"https:\/\/petmobile.ca\/fr\/wp-json\/wp\/v2\/product_tag?post=37030"},{"taxonomy":"pa_animal","embeddable":true,"href":"https:\/\/petmobile.ca\/fr\/wp-json\/wp\/v2\/pa_animal?post=37030"},{"taxonomy":"pa_couleur","embeddable":true,"href":"https:\/\/petmobile.ca\/fr\/wp-json\/wp\/v2\/pa_couleur?post=37030"},{"taxonomy":"pa_duration","embeddable":true,"href":"https:\/\/petmobile.ca\/fr\/wp-json\/wp\/v2\/pa_duration?post=37030"},{"taxonomy":"pa_format","embeddable":true,"href":"https:\/\/petmobile.ca\/fr\/wp-json\/wp\/v2\/pa_format?post=37030"},{"taxonomy":"pa_marque","embeddable":true,"href":"https:\/\/petmobile.ca\/fr\/wp-json\/wp\/v2\/pa_marque?post=37030"},{"taxonomy":"pa_type-de-produit","embeddable":true,"href":"https:\/\/petmobile.ca\/fr\/wp-json\/wp\/v2\/pa_type-de-produit?post=37030"}],"curies":[{"name":"wp","href":"https:\/\/api.w.org\/{rel}","templated":true}]}}