{"id":38142,"date":"2020-12-09T15:09:10","date_gmt":"2020-12-09T20:09:10","guid":{"rendered":"https:\/\/petmobile.ca\/?post_type=product&#038;p=38142"},"modified":"2025-11-20T14:44:05","modified_gmt":"2025-11-20T19:44:05","slug":"deglacant-doux-pour-animaux-4kg","status":"publish","type":"product","link":"https:\/\/petmobile.ca\/fr\/produit\/deglacant-doux-pour-animaux-4kg\/","title":{"rendered":"D\u00e9gla\u00e7ant doux pour animaux 4KG"},"content":{"rendered":"<p data-olk-copy-source=\"MessageBody\">Ce d\u00e9gla\u00e7ant doux fait fondre la glace sans irriter les pattes des animaux et sans risque important s\u2019ils en ing\u00e8rent par accident. Il offre une solution s\u00e9curitaire pour les entr\u00e9es, balcons et trottoirs, tout en prot\u00e9geant vos animaux et vos surfaces.<\/p>\n","protected":false},"excerpt":{"rendered":"<p>Ce d\u00e9gla\u00e7ant doux fait fondre la glace sans irriter les pattes des animaux et sans risque important s\u2019ils en ing\u00e8rent<\/p>\n","protected":false},"featured_media":38143,"comment_status":"closed","ping_status":"closed","template":"","meta":[],"product_brand":[],"product_cat":[1109,1123,2858,1122,2299],"product_tag":[2423],"pa_animal":[],"pa_couleur":[],"pa_duration":[],"pa_format":[],"pa_marque":[],"pa_type-de-produit":[],"class_list":{"0":"post-38142","1":"product","2":"type-product","3":"status-publish","4":"has-post-thumbnail","6":"product_cat-nourriture-et-produits-pour-chien","7":"product_cat-chien-proprete-odeur-et-nettoyants","8":"product_cat-promo","9":"product_cat-chien-proprete","10":"product_cat-chien-proprete-fr","11":"product_tag-warwick","12":"has-subscription-plans","14":"first","15":"instock","16":"sale","17":"taxable","18":"shipping-taxable","19":"purchasable","20":"product-type-simple"},"aioseo_notices":[],"_links":{"self":[{"href":"https:\/\/petmobile.ca\/fr\/wp-json\/wp\/v2\/product\/38142","targetHints":{"allow":["GET"]}}],"collection":[{"href":"https:\/\/petmobile.ca\/fr\/wp-json\/wp\/v2\/product"}],"about":[{"href":"https:\/\/petmobile.ca\/fr\/wp-json\/wp\/v2\/types\/product"}],"replies":[{"embeddable":true,"href":"https:\/\/petmobile.ca\/fr\/wp-json\/wp\/v2\/comments?post=38142"}],"wp:featuredmedia":[{"embeddable":true,"href":"https:\/\/petmobile.ca\/fr\/wp-json\/wp\/v2\/media\/38143"}],"wp:attachment":[{"href":"https:\/\/petmobile.ca\/fr\/wp-json\/wp\/v2\/media?parent=38142"}],"wp:term":[{"taxonomy":"product_brand","embeddable":true,"href":"https:\/\/petmobile.ca\/fr\/wp-json\/wp\/v2\/product_brand?post=38142"},{"taxonomy":"product_cat","embeddable":true,"href":"https:\/\/petmobile.ca\/fr\/wp-json\/wp\/v2\/product_cat?post=38142"},{"taxonomy":"product_tag","embeddable":true,"href":"https:\/\/petmobile.ca\/fr\/wp-json\/wp\/v2\/product_tag?post=38142"},{"taxonomy":"pa_animal","embeddable":true,"href":"https:\/\/petmobile.ca\/fr\/wp-json\/wp\/v2\/pa_animal?post=38142"},{"taxonomy":"pa_couleur","embeddable":true,"href":"https:\/\/petmobile.ca\/fr\/wp-json\/wp\/v2\/pa_couleur?post=38142"},{"taxonomy":"pa_duration","embeddable":true,"href":"https:\/\/petmobile.ca\/fr\/wp-json\/wp\/v2\/pa_duration?post=38142"},{"taxonomy":"pa_format","embeddable":true,"href":"https:\/\/petmobile.ca\/fr\/wp-json\/wp\/v2\/pa_format?post=38142"},{"taxonomy":"pa_marque","embeddable":true,"href":"https:\/\/petmobile.ca\/fr\/wp-json\/wp\/v2\/pa_marque?post=38142"},{"taxonomy":"pa_type-de-produit","embeddable":true,"href":"https:\/\/petmobile.ca\/fr\/wp-json\/wp\/v2\/pa_type-de-produit?post=38142"}],"curies":[{"name":"wp","href":"https:\/\/api.w.org\/{rel}","templated":true}]}}