{"id":38437,"date":"2021-01-16T11:55:41","date_gmt":"2021-01-16T16:58:29","guid":{"rendered":"https:\/\/petmobile.ca\/?post_type=product&#038;p=38437"},"modified":"2021-12-23T10:56:00","modified_gmt":"2021-12-23T15:56:00","slug":"hunter-demeleur-anti-statique","status":"publish","type":"product","link":"https:\/\/petmobile.ca\/fr\/produit\/hunter-demeleur-anti-statique\/","title":{"rendered":"Hunter <br> D\u00e9m\u00ealeur anti-statique"},"content":{"rendered":"<p>Ce d\u00e9m\u00ealeur est merveilleusement efficace sur les pelages \u00e9pais ou emm\u00eal\u00e9s. Parfum\u00e9 \u00e0 la lavande, sa formule professionnelle utilise des ingr\u00e9dients naturels pour rendre la fourrure souple et facile \u00e0 brosser. Utilis\u00e9 avant le shampooing, il s'agit d'un excellent rince cr\u00e8me. Une l\u00e9g\u00e8re vaporisation sur la fourrure s\u00e8che permet un contr\u00f4le de l'\u00e9lectricit\u00e9 statique. Il fait partie d'une gamme compl\u00e8te de shampooings et produits Hunter sp\u00e9cialement con\u00e7us pour nettoyer en douceur et en profondeur. Ce produit convient aux chiens.<\/p>\n","protected":false},"excerpt":{"rendered":"<p>Ce d\u00e9m\u00ealeur est merveilleusement efficace sur les pelages \u00e9pais ou emm\u00eal\u00e9s. Parfum\u00e9 \u00e0 la lavande, sa formule professionnelle utilise des<\/p>\n","protected":false},"featured_media":38436,"comment_status":"closed","ping_status":"closed","template":"","meta":[],"product_brand":[],"product_cat":[1092,1109,1098,1122,1124,2290,2313,2301,2370],"product_tag":[],"pa_animal":[1847,1848],"pa_couleur":[],"pa_duration":[],"pa_format":[],"pa_marque":[],"pa_type-de-produit":[2443],"class_list":{"0":"post-38437","1":"product","2":"type-product","3":"status-publish","4":"has-post-thumbnail","6":"product_cat-produits-pour-chat","7":"product_cat-nourriture-et-produits-pour-chien","8":"product_cat-chat-proprete","9":"product_cat-chien-proprete","10":"product_cat-chien-proprete-shampoings","11":"product_cat-chien-soins","12":"product_cat-soins-chat","13":"product_cat-chien-proprete-brossesetaccesoires","14":"product_cat-chien-toilettage1","15":"pa_animal-chat","16":"pa_animal-chien","17":"pa_type-de-produit-demeleur","18":"has-subscription-plans","20":"first","21":"instock","22":"taxable","23":"shipping-taxable","24":"purchasable","25":"product-type-simple"},"aioseo_notices":[],"_links":{"self":[{"href":"https:\/\/petmobile.ca\/fr\/wp-json\/wp\/v2\/product\/38437","targetHints":{"allow":["GET"]}}],"collection":[{"href":"https:\/\/petmobile.ca\/fr\/wp-json\/wp\/v2\/product"}],"about":[{"href":"https:\/\/petmobile.ca\/fr\/wp-json\/wp\/v2\/types\/product"}],"replies":[{"embeddable":true,"href":"https:\/\/petmobile.ca\/fr\/wp-json\/wp\/v2\/comments?post=38437"}],"wp:featuredmedia":[{"embeddable":true,"href":"https:\/\/petmobile.ca\/fr\/wp-json\/wp\/v2\/media\/38436"}],"wp:attachment":[{"href":"https:\/\/petmobile.ca\/fr\/wp-json\/wp\/v2\/media?parent=38437"}],"wp:term":[{"taxonomy":"product_brand","embeddable":true,"href":"https:\/\/petmobile.ca\/fr\/wp-json\/wp\/v2\/product_brand?post=38437"},{"taxonomy":"product_cat","embeddable":true,"href":"https:\/\/petmobile.ca\/fr\/wp-json\/wp\/v2\/product_cat?post=38437"},{"taxonomy":"product_tag","embeddable":true,"href":"https:\/\/petmobile.ca\/fr\/wp-json\/wp\/v2\/product_tag?post=38437"},{"taxonomy":"pa_animal","embeddable":true,"href":"https:\/\/petmobile.ca\/fr\/wp-json\/wp\/v2\/pa_animal?post=38437"},{"taxonomy":"pa_couleur","embeddable":true,"href":"https:\/\/petmobile.ca\/fr\/wp-json\/wp\/v2\/pa_couleur?post=38437"},{"taxonomy":"pa_duration","embeddable":true,"href":"https:\/\/petmobile.ca\/fr\/wp-json\/wp\/v2\/pa_duration?post=38437"},{"taxonomy":"pa_format","embeddable":true,"href":"https:\/\/petmobile.ca\/fr\/wp-json\/wp\/v2\/pa_format?post=38437"},{"taxonomy":"pa_marque","embeddable":true,"href":"https:\/\/petmobile.ca\/fr\/wp-json\/wp\/v2\/pa_marque?post=38437"},{"taxonomy":"pa_type-de-produit","embeddable":true,"href":"https:\/\/petmobile.ca\/fr\/wp-json\/wp\/v2\/pa_type-de-produit?post=38437"}],"curies":[{"name":"wp","href":"https:\/\/api.w.org\/{rel}","templated":true}]}}