{"id":38444,"date":"2021-01-16T13:35:20","date_gmt":"2021-01-16T18:35:20","guid":{"rendered":"https:\/\/petmobile.ca\/?post_type=product&#038;p=38444"},"modified":"2021-12-23T10:54:05","modified_gmt":"2021-12-23T15:54:05","slug":"hunter-shampooing-doux-a-lavoine","status":"publish","type":"product","link":"https:\/\/petmobile.ca\/fr\/produit\/hunter-shampooing-doux-a-lavoine\/","title":{"rendered":"Hunter <br> Shampooing doux \u00e0 l&rsquo;avoine"},"content":{"rendered":"<p>Cette formule combine les effets de l'avoine, du bicarbonate de soude et de l'alo\u00e8s, des ingr\u00e9dients naturels aux propri\u00e9t\u00e9s adoucissantes reconnues. Sa mousse riche et p\u00e9n\u00e9trante nettoie le pelage en profondeur, laissant la peau douce et rafra\u00eechie. Cet item fait partie d'une gamme compl\u00e8te de shampooings et produits Hunter sp\u00e9cialement con\u00e7us pour nettoyer en douceur et en profondeur. L'ajout d'ingr\u00e9dients naturels et de lipoprot\u00e9ines, en plus d'un PH \u00e9quilibr\u00e9, conf\u00e8rent au pelage une vitalit\u00e9 et une souplesse incomparables. Ce shampoing parfum\u00e9 \u00e0 l'alo\u00e8s convient aux chiens, chats et autres petits animaux poilus.<\/p>\n","protected":false},"excerpt":{"rendered":"<p>Cette formule combine les effets de l&rsquo;avoine, du bicarbonate de soude et de l&rsquo;alo\u00e8s, des ingr\u00e9dients naturels aux propri\u00e9t\u00e9s adoucissantes<\/p>\n","protected":false},"featured_media":38443,"comment_status":"closed","ping_status":"closed","template":"","meta":[],"product_brand":[],"product_cat":[1092,1109,1098,1122,1124],"product_tag":[],"pa_animal":[1847,1848],"pa_couleur":[],"pa_duration":[],"pa_format":[2410],"pa_marque":[],"pa_type-de-produit":[2447],"class_list":{"0":"post-38444","1":"product","2":"type-product","3":"status-publish","4":"has-post-thumbnail","6":"product_cat-produits-pour-chat","7":"product_cat-nourriture-et-produits-pour-chien","8":"product_cat-chat-proprete","9":"product_cat-chien-proprete","10":"product_cat-chien-proprete-shampoings","11":"pa_animal-chat","12":"pa_animal-chien","13":"pa_format-460ml-fr","14":"pa_type-de-produit-shampooing","15":"has-subscription-plans","17":"first","18":"outofstock","19":"taxable","20":"shipping-taxable","21":"purchasable","22":"product-type-simple"},"aioseo_notices":[],"_links":{"self":[{"href":"https:\/\/petmobile.ca\/fr\/wp-json\/wp\/v2\/product\/38444","targetHints":{"allow":["GET"]}}],"collection":[{"href":"https:\/\/petmobile.ca\/fr\/wp-json\/wp\/v2\/product"}],"about":[{"href":"https:\/\/petmobile.ca\/fr\/wp-json\/wp\/v2\/types\/product"}],"replies":[{"embeddable":true,"href":"https:\/\/petmobile.ca\/fr\/wp-json\/wp\/v2\/comments?post=38444"}],"wp:featuredmedia":[{"embeddable":true,"href":"https:\/\/petmobile.ca\/fr\/wp-json\/wp\/v2\/media\/38443"}],"wp:attachment":[{"href":"https:\/\/petmobile.ca\/fr\/wp-json\/wp\/v2\/media?parent=38444"}],"wp:term":[{"taxonomy":"product_brand","embeddable":true,"href":"https:\/\/petmobile.ca\/fr\/wp-json\/wp\/v2\/product_brand?post=38444"},{"taxonomy":"product_cat","embeddable":true,"href":"https:\/\/petmobile.ca\/fr\/wp-json\/wp\/v2\/product_cat?post=38444"},{"taxonomy":"product_tag","embeddable":true,"href":"https:\/\/petmobile.ca\/fr\/wp-json\/wp\/v2\/product_tag?post=38444"},{"taxonomy":"pa_animal","embeddable":true,"href":"https:\/\/petmobile.ca\/fr\/wp-json\/wp\/v2\/pa_animal?post=38444"},{"taxonomy":"pa_couleur","embeddable":true,"href":"https:\/\/petmobile.ca\/fr\/wp-json\/wp\/v2\/pa_couleur?post=38444"},{"taxonomy":"pa_duration","embeddable":true,"href":"https:\/\/petmobile.ca\/fr\/wp-json\/wp\/v2\/pa_duration?post=38444"},{"taxonomy":"pa_format","embeddable":true,"href":"https:\/\/petmobile.ca\/fr\/wp-json\/wp\/v2\/pa_format?post=38444"},{"taxonomy":"pa_marque","embeddable":true,"href":"https:\/\/petmobile.ca\/fr\/wp-json\/wp\/v2\/pa_marque?post=38444"},{"taxonomy":"pa_type-de-produit","embeddable":true,"href":"https:\/\/petmobile.ca\/fr\/wp-json\/wp\/v2\/pa_type-de-produit?post=38444"}],"curies":[{"name":"wp","href":"https:\/\/api.w.org\/{rel}","templated":true}]}}