{"id":38469,"date":"2021-01-19T08:56:27","date_gmt":"2021-01-19T13:49:01","guid":{"rendered":"https:\/\/petmobile.ca\/?post_type=product&#038;p=38469"},"modified":"2022-09-02T13:43:03","modified_gmt":"2022-09-02T17:43:03","slug":"zanimo-dentifrice-naturel","status":"publish","type":"product","link":"https:\/\/petmobile.ca\/fr\/produit\/zanimo-dentifrice-naturel\/","title":{"rendered":"Zanimo <br> Dentifrice naturel"},"content":{"rendered":"<h1><strong>IL A BESOIN QU\u2019ON L\u2019AIDE?<\/strong><\/h1>\n<p>\u25cb Mauvaise haleine\u00a0et mastication difficile<br \/>\n\u25cb Salivation excessive<br \/>\n\u25cb Baisse d'app\u00e9tit<br \/>\n\u25cb Douleur et accumulation de tartre<br \/>\n\u25cb Perte de dent<\/p>\n<h1><strong>AVANTAGES<\/strong><\/h1>\n<p>\u25cb Dentifrice con\u00e7u \u00e0 partir d\u2019ingr\u00e9dients purs et naturels.<br \/>\n\u25cb Favorise\u00a0la sant\u00e9 des dents, des gencives et emp\u00eache la prolif\u00e9ration de bact\u00e9ries.<br \/>\n\u25cb Ce dentifrice aide \u00e0 d\u00e9loger l'accumulation de tartre et aide \u00e0 r\u00e9duire la mauvaise haleine.<\/p>\n","protected":false},"excerpt":{"rendered":"<p>IL A BESOIN QU\u2019ON L\u2019AIDE? \u25cb Mauvaise haleine\u00a0et mastication difficile \u25cb Salivation excessive \u25cb Baisse d&rsquo;app\u00e9tit \u25cb Douleur et accumulation<\/p>\n","protected":false},"featured_media":65747,"comment_status":"closed","ping_status":"closed","template":"","meta":[],"product_brand":[],"product_cat":[1109,1122,2301],"product_tag":[],"pa_animal":[1847,1848],"pa_couleur":[],"pa_duration":[],"pa_format":[2392],"pa_marque":[],"pa_type-de-produit":[],"class_list":{"0":"post-38469","1":"product","2":"type-product","3":"status-publish","4":"has-post-thumbnail","6":"product_cat-nourriture-et-produits-pour-chien","7":"product_cat-chien-proprete","8":"product_cat-chien-proprete-brossesetaccesoires","9":"pa_animal-chat","10":"pa_animal-chien","11":"pa_format-100ml-fr","12":"has-subscription-plans","14":"first","15":"instock","16":"taxable","17":"shipping-taxable","18":"purchasable","19":"product-type-simple"},"aioseo_notices":[],"_links":{"self":[{"href":"https:\/\/petmobile.ca\/fr\/wp-json\/wp\/v2\/product\/38469","targetHints":{"allow":["GET"]}}],"collection":[{"href":"https:\/\/petmobile.ca\/fr\/wp-json\/wp\/v2\/product"}],"about":[{"href":"https:\/\/petmobile.ca\/fr\/wp-json\/wp\/v2\/types\/product"}],"replies":[{"embeddable":true,"href":"https:\/\/petmobile.ca\/fr\/wp-json\/wp\/v2\/comments?post=38469"}],"wp:featuredmedia":[{"embeddable":true,"href":"https:\/\/petmobile.ca\/fr\/wp-json\/wp\/v2\/media\/65747"}],"wp:attachment":[{"href":"https:\/\/petmobile.ca\/fr\/wp-json\/wp\/v2\/media?parent=38469"}],"wp:term":[{"taxonomy":"product_brand","embeddable":true,"href":"https:\/\/petmobile.ca\/fr\/wp-json\/wp\/v2\/product_brand?post=38469"},{"taxonomy":"product_cat","embeddable":true,"href":"https:\/\/petmobile.ca\/fr\/wp-json\/wp\/v2\/product_cat?post=38469"},{"taxonomy":"product_tag","embeddable":true,"href":"https:\/\/petmobile.ca\/fr\/wp-json\/wp\/v2\/product_tag?post=38469"},{"taxonomy":"pa_animal","embeddable":true,"href":"https:\/\/petmobile.ca\/fr\/wp-json\/wp\/v2\/pa_animal?post=38469"},{"taxonomy":"pa_couleur","embeddable":true,"href":"https:\/\/petmobile.ca\/fr\/wp-json\/wp\/v2\/pa_couleur?post=38469"},{"taxonomy":"pa_duration","embeddable":true,"href":"https:\/\/petmobile.ca\/fr\/wp-json\/wp\/v2\/pa_duration?post=38469"},{"taxonomy":"pa_format","embeddable":true,"href":"https:\/\/petmobile.ca\/fr\/wp-json\/wp\/v2\/pa_format?post=38469"},{"taxonomy":"pa_marque","embeddable":true,"href":"https:\/\/petmobile.ca\/fr\/wp-json\/wp\/v2\/pa_marque?post=38469"},{"taxonomy":"pa_type-de-produit","embeddable":true,"href":"https:\/\/petmobile.ca\/fr\/wp-json\/wp\/v2\/pa_type-de-produit?post=38469"}],"curies":[{"name":"wp","href":"https:\/\/api.w.org\/{rel}","templated":true}]}}