{"id":38487,"date":"2021-01-19T10:39:05","date_gmt":"2021-01-19T15:40:21","guid":{"rendered":"https:\/\/petmobile.ca\/?post_type=product&#038;p=38487"},"modified":"2021-12-23T10:49:08","modified_gmt":"2021-12-23T15:49:08","slug":"zanimo-gel-apaisant","status":"publish","type":"product","link":"https:\/\/petmobile.ca\/fr\/produit\/zanimo-gel-apaisant\/","title":{"rendered":"Zanimo <br> Gel apaisant"},"content":{"rendered":"<ul>\n<li><strong>Aide \u00e0 diminuer les r\u00e9actions allergiques (piq\u00fbres)<\/strong><\/li>\n<li><strong>Calme les morsures ou piq\u00fbres d\u2019insectes<\/strong><\/li>\n<li><strong>Gel apaisant, p\u00e9n\u00e8tre rapidement<\/strong><\/li>\n<li><strong>Sans odeur et rafra\u00eechissant<\/strong><\/li>\n<li><strong>Pour chien et chat<\/strong><\/li>\n<li><strong>Aide \u00e0 soulager des piq\u00fbres ou morsures d\u2019insectes. Il apporte des bienfaits apaisants et rafra\u00eechissants pour la peau.<\/strong><\/li>\n<\/ul>\n","protected":false},"excerpt":{"rendered":"<p>Aide \u00e0 diminuer les r\u00e9actions allergiques (piq\u00fbres) Calme les morsures ou piq\u00fbres d\u2019insectes Gel apaisant, p\u00e9n\u00e8tre rapidement Sans odeur et<\/p>\n","protected":false},"featured_media":38486,"comment_status":"closed","ping_status":"closed","template":"","meta":[],"product_brand":[],"product_cat":[1092,1109,2353,2355,2290,2313,1780],"product_tag":[],"pa_animal":[1847,1848],"pa_couleur":[],"pa_duration":[],"pa_format":[2455],"pa_marque":[],"pa_type-de-produit":[2453],"class_list":{"0":"post-38487","1":"product","2":"type-product","3":"status-publish","4":"has-post-thumbnail","6":"product_cat-produits-pour-chat","7":"product_cat-nourriture-et-produits-pour-chien","8":"product_cat-chien-avec-allergies","9":"product_cat-chiens-avec-allergies-et-obesite","10":"product_cat-chien-soins","11":"product_cat-soins-chat","12":"product_cat-traitement-chat","13":"pa_animal-chat","14":"pa_animal-chien","15":"pa_format-105ml-fr","16":"pa_type-de-produit-soin","17":"has-subscription-plans","19":"first","20":"instock","21":"taxable","22":"shipping-taxable","23":"purchasable","24":"product-type-simple"},"aioseo_notices":[],"_links":{"self":[{"href":"https:\/\/petmobile.ca\/fr\/wp-json\/wp\/v2\/product\/38487","targetHints":{"allow":["GET"]}}],"collection":[{"href":"https:\/\/petmobile.ca\/fr\/wp-json\/wp\/v2\/product"}],"about":[{"href":"https:\/\/petmobile.ca\/fr\/wp-json\/wp\/v2\/types\/product"}],"replies":[{"embeddable":true,"href":"https:\/\/petmobile.ca\/fr\/wp-json\/wp\/v2\/comments?post=38487"}],"wp:featuredmedia":[{"embeddable":true,"href":"https:\/\/petmobile.ca\/fr\/wp-json\/wp\/v2\/media\/38486"}],"wp:attachment":[{"href":"https:\/\/petmobile.ca\/fr\/wp-json\/wp\/v2\/media?parent=38487"}],"wp:term":[{"taxonomy":"product_brand","embeddable":true,"href":"https:\/\/petmobile.ca\/fr\/wp-json\/wp\/v2\/product_brand?post=38487"},{"taxonomy":"product_cat","embeddable":true,"href":"https:\/\/petmobile.ca\/fr\/wp-json\/wp\/v2\/product_cat?post=38487"},{"taxonomy":"product_tag","embeddable":true,"href":"https:\/\/petmobile.ca\/fr\/wp-json\/wp\/v2\/product_tag?post=38487"},{"taxonomy":"pa_animal","embeddable":true,"href":"https:\/\/petmobile.ca\/fr\/wp-json\/wp\/v2\/pa_animal?post=38487"},{"taxonomy":"pa_couleur","embeddable":true,"href":"https:\/\/petmobile.ca\/fr\/wp-json\/wp\/v2\/pa_couleur?post=38487"},{"taxonomy":"pa_duration","embeddable":true,"href":"https:\/\/petmobile.ca\/fr\/wp-json\/wp\/v2\/pa_duration?post=38487"},{"taxonomy":"pa_format","embeddable":true,"href":"https:\/\/petmobile.ca\/fr\/wp-json\/wp\/v2\/pa_format?post=38487"},{"taxonomy":"pa_marque","embeddable":true,"href":"https:\/\/petmobile.ca\/fr\/wp-json\/wp\/v2\/pa_marque?post=38487"},{"taxonomy":"pa_type-de-produit","embeddable":true,"href":"https:\/\/petmobile.ca\/fr\/wp-json\/wp\/v2\/pa_type-de-produit?post=38487"}],"curies":[{"name":"wp","href":"https:\/\/api.w.org\/{rel}","templated":true}]}}