{"id":38512,"date":"2021-01-19T11:30:23","date_gmt":"2021-01-19T16:31:25","guid":{"rendered":"https:\/\/petmobile.ca\/?post_type=product&#038;p=38512"},"modified":"2021-12-23T10:46:06","modified_gmt":"2021-12-23T15:46:06","slug":"zanimo-soin-cutane-intense-pour-chiens","status":"publish","type":"product","link":"https:\/\/petmobile.ca\/fr\/produit\/zanimo-soin-cutane-intense-pour-chiens\/","title":{"rendered":"Zanimo <br> Soin cutan\u00e9 intense pour chiens"},"content":{"rendered":"<p>Ce soin cutan\u00e9 est un alli\u00e9 naturel au secours de la peau de votre chien. Il favorise son hydratation et maintient la sant\u00e9 de la peau tout en revitalisant le poil. Id\u00e9al pour les chiens qui sont souvent \u00e0 l\u2019ext\u00e9rieur au printemps et durant la saison estivale. Ce soin laissera une agr\u00e9able odeur bois\u00e9e.<\/p>\n","protected":false},"excerpt":{"rendered":"<p>Ce soin cutan\u00e9 est un alli\u00e9 naturel au secours de la peau de votre chien. Il favorise son hydratation et<\/p>\n","protected":false},"featured_media":38511,"comment_status":"closed","ping_status":"closed","template":"","meta":[],"product_brand":[],"product_cat":[1109,2293,2290],"product_tag":[],"pa_animal":[1848],"pa_couleur":[],"pa_duration":[],"pa_format":[2461],"pa_marque":[],"pa_type-de-produit":[2453],"class_list":{"0":"post-38512","1":"product","2":"type-product","3":"status-publish","4":"has-post-thumbnail","6":"product_cat-nourriture-et-produits-pour-chien","7":"product_cat-chien-soins-puces","8":"product_cat-chien-soins","9":"pa_animal-chien","10":"pa_format-4-x-1-5ml-fr","11":"pa_type-de-produit-soin","12":"has-subscription-plans","14":"first","15":"instock","16":"taxable","17":"shipping-taxable","18":"purchasable","19":"product-type-simple"},"aioseo_notices":[],"_links":{"self":[{"href":"https:\/\/petmobile.ca\/fr\/wp-json\/wp\/v2\/product\/38512","targetHints":{"allow":["GET"]}}],"collection":[{"href":"https:\/\/petmobile.ca\/fr\/wp-json\/wp\/v2\/product"}],"about":[{"href":"https:\/\/petmobile.ca\/fr\/wp-json\/wp\/v2\/types\/product"}],"replies":[{"embeddable":true,"href":"https:\/\/petmobile.ca\/fr\/wp-json\/wp\/v2\/comments?post=38512"}],"wp:featuredmedia":[{"embeddable":true,"href":"https:\/\/petmobile.ca\/fr\/wp-json\/wp\/v2\/media\/38511"}],"wp:attachment":[{"href":"https:\/\/petmobile.ca\/fr\/wp-json\/wp\/v2\/media?parent=38512"}],"wp:term":[{"taxonomy":"product_brand","embeddable":true,"href":"https:\/\/petmobile.ca\/fr\/wp-json\/wp\/v2\/product_brand?post=38512"},{"taxonomy":"product_cat","embeddable":true,"href":"https:\/\/petmobile.ca\/fr\/wp-json\/wp\/v2\/product_cat?post=38512"},{"taxonomy":"product_tag","embeddable":true,"href":"https:\/\/petmobile.ca\/fr\/wp-json\/wp\/v2\/product_tag?post=38512"},{"taxonomy":"pa_animal","embeddable":true,"href":"https:\/\/petmobile.ca\/fr\/wp-json\/wp\/v2\/pa_animal?post=38512"},{"taxonomy":"pa_couleur","embeddable":true,"href":"https:\/\/petmobile.ca\/fr\/wp-json\/wp\/v2\/pa_couleur?post=38512"},{"taxonomy":"pa_duration","embeddable":true,"href":"https:\/\/petmobile.ca\/fr\/wp-json\/wp\/v2\/pa_duration?post=38512"},{"taxonomy":"pa_format","embeddable":true,"href":"https:\/\/petmobile.ca\/fr\/wp-json\/wp\/v2\/pa_format?post=38512"},{"taxonomy":"pa_marque","embeddable":true,"href":"https:\/\/petmobile.ca\/fr\/wp-json\/wp\/v2\/pa_marque?post=38512"},{"taxonomy":"pa_type-de-produit","embeddable":true,"href":"https:\/\/petmobile.ca\/fr\/wp-json\/wp\/v2\/pa_type-de-produit?post=38512"}],"curies":[{"name":"wp","href":"https:\/\/api.w.org\/{rel}","templated":true}]}}