{"id":38526,"date":"2021-01-19T13:15:54","date_gmt":"2021-01-19T18:19:36","guid":{"rendered":"https:\/\/petmobile.ca\/?post_type=product&#038;p=38526"},"modified":"2021-12-23T10:42:59","modified_gmt":"2021-12-23T15:42:59","slug":"bio-groom-silky-cat-shampooing-non-irritant-proteine-a-la-lanoline","status":"publish","type":"product","link":"https:\/\/petmobile.ca\/fr\/produit\/bio-groom-silky-cat-shampooing-non-irritant-proteine-a-la-lanoline\/","title":{"rendered":"BIO-GROOM Silky Cat <br> Shampooing non-irritant prot\u00e9in\u00e9 \u00e0 la lanoline"},"content":{"rendered":"<p>Silky Cat est un shampoing \u00e0 base d'huile de noix de coco doux et de prot\u00e9ines qui conditionne pendant le nettoyage et fait briller le pelage. Il est non irritant et n'\u00e9limine pas les huiles naturelles de la peau et du pelage. Souligne toutes les couleurs et fait briller le blanc. Contient de la lanoline pour pr\u00e9venir la s\u00e9cheresse.\u00a0\u00a0Le pelage s\u00e8che en douceur, g\u00e9rable et sans enchev\u00eatrement. Indispensable pour les poils ab\u00eem\u00e9s et surmen\u00e9s. Aide \u00e0 contr\u00f4ler les odeurs corporelles, a un pH \u00e9quilibr\u00e9 et se rince compl\u00e8tement. Laisse la robe fra\u00eeche et propre. Sans danger pour les chatons.<\/p>\n<p>Recommand\u00e9 par les meilleurs \u00e9leveurs et toiletteurs professionnels du monde entier.<\/p>\n","protected":false},"excerpt":{"rendered":"<p>Silky Cat est un shampoing \u00e0 base d&rsquo;huile de noix de coco doux et de prot\u00e9ines qui conditionne pendant le<\/p>\n","protected":false},"featured_media":38525,"comment_status":"closed","ping_status":"closed","template":"","meta":[],"product_brand":[],"product_cat":[1092,1098],"product_tag":[],"pa_animal":[1847],"pa_couleur":[],"pa_duration":[],"pa_format":[2466],"pa_marque":[2467],"pa_type-de-produit":[2447],"class_list":{"0":"post-38526","1":"product","2":"type-product","3":"status-publish","4":"has-post-thumbnail","6":"product_cat-produits-pour-chat","7":"product_cat-chat-proprete","8":"pa_animal-chat","9":"pa_format-8oz-fr","10":"pa_marque-bio-groom-fr","11":"pa_type-de-produit-shampooing","12":"has-subscription-plans","14":"first","15":"instock","16":"taxable","17":"shipping-taxable","18":"purchasable","19":"product-type-simple"},"aioseo_notices":[],"_links":{"self":[{"href":"https:\/\/petmobile.ca\/fr\/wp-json\/wp\/v2\/product\/38526","targetHints":{"allow":["GET"]}}],"collection":[{"href":"https:\/\/petmobile.ca\/fr\/wp-json\/wp\/v2\/product"}],"about":[{"href":"https:\/\/petmobile.ca\/fr\/wp-json\/wp\/v2\/types\/product"}],"replies":[{"embeddable":true,"href":"https:\/\/petmobile.ca\/fr\/wp-json\/wp\/v2\/comments?post=38526"}],"wp:featuredmedia":[{"embeddable":true,"href":"https:\/\/petmobile.ca\/fr\/wp-json\/wp\/v2\/media\/38525"}],"wp:attachment":[{"href":"https:\/\/petmobile.ca\/fr\/wp-json\/wp\/v2\/media?parent=38526"}],"wp:term":[{"taxonomy":"product_brand","embeddable":true,"href":"https:\/\/petmobile.ca\/fr\/wp-json\/wp\/v2\/product_brand?post=38526"},{"taxonomy":"product_cat","embeddable":true,"href":"https:\/\/petmobile.ca\/fr\/wp-json\/wp\/v2\/product_cat?post=38526"},{"taxonomy":"product_tag","embeddable":true,"href":"https:\/\/petmobile.ca\/fr\/wp-json\/wp\/v2\/product_tag?post=38526"},{"taxonomy":"pa_animal","embeddable":true,"href":"https:\/\/petmobile.ca\/fr\/wp-json\/wp\/v2\/pa_animal?post=38526"},{"taxonomy":"pa_couleur","embeddable":true,"href":"https:\/\/petmobile.ca\/fr\/wp-json\/wp\/v2\/pa_couleur?post=38526"},{"taxonomy":"pa_duration","embeddable":true,"href":"https:\/\/petmobile.ca\/fr\/wp-json\/wp\/v2\/pa_duration?post=38526"},{"taxonomy":"pa_format","embeddable":true,"href":"https:\/\/petmobile.ca\/fr\/wp-json\/wp\/v2\/pa_format?post=38526"},{"taxonomy":"pa_marque","embeddable":true,"href":"https:\/\/petmobile.ca\/fr\/wp-json\/wp\/v2\/pa_marque?post=38526"},{"taxonomy":"pa_type-de-produit","embeddable":true,"href":"https:\/\/petmobile.ca\/fr\/wp-json\/wp\/v2\/pa_type-de-produit?post=38526"}],"curies":[{"name":"wp","href":"https:\/\/api.w.org\/{rel}","templated":true}]}}