{"id":38536,"date":"2021-01-19T13:54:54","date_gmt":"2021-01-19T18:56:18","guid":{"rendered":"https:\/\/petmobile.ca\/?post_type=product&#038;p=38536"},"modified":"2021-12-23T10:40:59","modified_gmt":"2021-12-23T15:40:59","slug":"hunter-shampoing-professionnel-en-pate-avec-lanoline","status":"publish","type":"product","link":"https:\/\/petmobile.ca\/fr\/produit\/hunter-shampoing-professionnel-en-pate-avec-lanoline\/","title":{"rendered":"HUNTER <br> Shampoing professionnel en p\u00e2te avec lanoline"},"content":{"rendered":"<p>Ce shampooing contient de la lanoline. Son utilisation donne aux pelages un aspect souple et brillant. Il nettoie en profondeur et permet d'\u00e9viter les noeuds. Il convient aux chats adultes et aux chiens. Il est particuli\u00e8rement appr\u00e9ci\u00e9 des professionnels des salons de tonte et toilettage.<\/p>\n","protected":false},"excerpt":{"rendered":"<p>Ce shampooing contient de la lanoline. Son utilisation donne aux pelages un aspect souple et brillant. Il nettoie en profondeur<\/p>\n","protected":false},"featured_media":38535,"comment_status":"closed","ping_status":"closed","template":"","meta":[],"product_brand":[],"product_cat":[1092,1109,1098,1122,1124,2290,2370],"product_tag":[],"pa_animal":[1847,1848],"pa_couleur":[],"pa_duration":[],"pa_format":[2473],"pa_marque":[],"pa_type-de-produit":[2447],"class_list":{"0":"post-38536","1":"product","2":"type-product","3":"status-publish","4":"has-post-thumbnail","6":"product_cat-produits-pour-chat","7":"product_cat-nourriture-et-produits-pour-chien","8":"product_cat-chat-proprete","9":"product_cat-chien-proprete","10":"product_cat-chien-proprete-shampoings","11":"product_cat-chien-soins","12":"product_cat-chien-toilettage1","13":"pa_animal-chat","14":"pa_animal-chien","15":"pa_format-3-25kg-fr","16":"pa_type-de-produit-shampooing","17":"has-subscription-plans","19":"first","20":"instock","21":"taxable","22":"shipping-taxable","23":"purchasable","24":"product-type-simple"},"aioseo_notices":[],"_links":{"self":[{"href":"https:\/\/petmobile.ca\/fr\/wp-json\/wp\/v2\/product\/38536","targetHints":{"allow":["GET"]}}],"collection":[{"href":"https:\/\/petmobile.ca\/fr\/wp-json\/wp\/v2\/product"}],"about":[{"href":"https:\/\/petmobile.ca\/fr\/wp-json\/wp\/v2\/types\/product"}],"replies":[{"embeddable":true,"href":"https:\/\/petmobile.ca\/fr\/wp-json\/wp\/v2\/comments?post=38536"}],"wp:featuredmedia":[{"embeddable":true,"href":"https:\/\/petmobile.ca\/fr\/wp-json\/wp\/v2\/media\/38535"}],"wp:attachment":[{"href":"https:\/\/petmobile.ca\/fr\/wp-json\/wp\/v2\/media?parent=38536"}],"wp:term":[{"taxonomy":"product_brand","embeddable":true,"href":"https:\/\/petmobile.ca\/fr\/wp-json\/wp\/v2\/product_brand?post=38536"},{"taxonomy":"product_cat","embeddable":true,"href":"https:\/\/petmobile.ca\/fr\/wp-json\/wp\/v2\/product_cat?post=38536"},{"taxonomy":"product_tag","embeddable":true,"href":"https:\/\/petmobile.ca\/fr\/wp-json\/wp\/v2\/product_tag?post=38536"},{"taxonomy":"pa_animal","embeddable":true,"href":"https:\/\/petmobile.ca\/fr\/wp-json\/wp\/v2\/pa_animal?post=38536"},{"taxonomy":"pa_couleur","embeddable":true,"href":"https:\/\/petmobile.ca\/fr\/wp-json\/wp\/v2\/pa_couleur?post=38536"},{"taxonomy":"pa_duration","embeddable":true,"href":"https:\/\/petmobile.ca\/fr\/wp-json\/wp\/v2\/pa_duration?post=38536"},{"taxonomy":"pa_format","embeddable":true,"href":"https:\/\/petmobile.ca\/fr\/wp-json\/wp\/v2\/pa_format?post=38536"},{"taxonomy":"pa_marque","embeddable":true,"href":"https:\/\/petmobile.ca\/fr\/wp-json\/wp\/v2\/pa_marque?post=38536"},{"taxonomy":"pa_type-de-produit","embeddable":true,"href":"https:\/\/petmobile.ca\/fr\/wp-json\/wp\/v2\/pa_type-de-produit?post=38536"}],"curies":[{"name":"wp","href":"https:\/\/api.w.org\/{rel}","templated":true}]}}