{"id":38543,"date":"2021-01-19T14:45:51","date_gmt":"2021-01-19T19:53:02","guid":{"rendered":"https:\/\/petmobile.ca\/?post_type=product&#038;p=38543"},"modified":"2023-01-19T11:40:47","modified_gmt":"2023-01-19T16:40:47","slug":"trumps-choice-rewards-bacon-fume","status":"publish","type":"product","link":"https:\/\/petmobile.ca\/fr\/produit\/trumps-choice-rewards-bacon-fume\/","title":{"rendered":"TR\u00dcMPS Choice Rewards <br> Bacon fum\u00e9"},"content":{"rendered":"<p>Trumps Choice Rewards\u2122 \u2013 une g\u00e2terie intelligente, sant\u00e9 et basse en calories. Alternative sant\u00e9 \u00e0 dissimuler un morceau de bacon sous la table, la saveur Bacon Fum\u00e9 offre la rigueur nutritionnelle que vous d\u00e9sirez, pendant que votre chien se d\u00e9lecte dans les interdits du bacon. Moins de 1.5 calories par morceau !<\/p>\n","protected":false},"excerpt":{"rendered":"<p>Trumps Choice Rewards\u2122 \u2013 une g\u00e2terie intelligente, sant\u00e9 et basse en calories. Alternative sant\u00e9 \u00e0 dissimuler un morceau de bacon<\/p>\n","protected":false},"featured_media":38542,"comment_status":"closed","ping_status":"closed","template":"","meta":[],"product_brand":[],"product_cat":[2001,1109,2355,1115,2186],"product_tag":[],"pa_animal":[1848],"pa_couleur":[],"pa_duration":[],"pa_format":[2476],"pa_marque":[2477],"pa_type-de-produit":[1851],"class_list":{"0":"post-38543","1":"product","2":"type-product","3":"status-publish","4":"has-post-thumbnail","6":"product_cat-chien-biscuits-et-autres","7":"product_cat-nourriture-et-produits-pour-chien","8":"product_cat-chiens-avec-allergies-et-obesite","9":"product_cat-chien-gateries","10":"product_cat-gateries-seches","11":"pa_animal-chien","12":"pa_format-100g-fr","13":"pa_marque-trumps-fr","14":"pa_type-de-produit-gaterie","15":"has-subscription-plans","17":"first","18":"instock","19":"taxable","20":"shipping-taxable","21":"purchasable","22":"product-type-simple"},"aioseo_notices":[],"_links":{"self":[{"href":"https:\/\/petmobile.ca\/fr\/wp-json\/wp\/v2\/product\/38543","targetHints":{"allow":["GET"]}}],"collection":[{"href":"https:\/\/petmobile.ca\/fr\/wp-json\/wp\/v2\/product"}],"about":[{"href":"https:\/\/petmobile.ca\/fr\/wp-json\/wp\/v2\/types\/product"}],"replies":[{"embeddable":true,"href":"https:\/\/petmobile.ca\/fr\/wp-json\/wp\/v2\/comments?post=38543"}],"wp:featuredmedia":[{"embeddable":true,"href":"https:\/\/petmobile.ca\/fr\/wp-json\/wp\/v2\/media\/38542"}],"wp:attachment":[{"href":"https:\/\/petmobile.ca\/fr\/wp-json\/wp\/v2\/media?parent=38543"}],"wp:term":[{"taxonomy":"product_brand","embeddable":true,"href":"https:\/\/petmobile.ca\/fr\/wp-json\/wp\/v2\/product_brand?post=38543"},{"taxonomy":"product_cat","embeddable":true,"href":"https:\/\/petmobile.ca\/fr\/wp-json\/wp\/v2\/product_cat?post=38543"},{"taxonomy":"product_tag","embeddable":true,"href":"https:\/\/petmobile.ca\/fr\/wp-json\/wp\/v2\/product_tag?post=38543"},{"taxonomy":"pa_animal","embeddable":true,"href":"https:\/\/petmobile.ca\/fr\/wp-json\/wp\/v2\/pa_animal?post=38543"},{"taxonomy":"pa_couleur","embeddable":true,"href":"https:\/\/petmobile.ca\/fr\/wp-json\/wp\/v2\/pa_couleur?post=38543"},{"taxonomy":"pa_duration","embeddable":true,"href":"https:\/\/petmobile.ca\/fr\/wp-json\/wp\/v2\/pa_duration?post=38543"},{"taxonomy":"pa_format","embeddable":true,"href":"https:\/\/petmobile.ca\/fr\/wp-json\/wp\/v2\/pa_format?post=38543"},{"taxonomy":"pa_marque","embeddable":true,"href":"https:\/\/petmobile.ca\/fr\/wp-json\/wp\/v2\/pa_marque?post=38543"},{"taxonomy":"pa_type-de-produit","embeddable":true,"href":"https:\/\/petmobile.ca\/fr\/wp-json\/wp\/v2\/pa_type-de-produit?post=38543"}],"curies":[{"name":"wp","href":"https:\/\/api.w.org\/{rel}","templated":true}]}}