{"id":38562,"date":"2021-01-19T15:47:22","date_gmt":"2021-01-19T20:53:11","guid":{"rendered":"https:\/\/petmobile.ca\/?post_type=product&#038;p=38562"},"modified":"2023-01-19T11:40:48","modified_gmt":"2023-01-19T16:40:48","slug":"trumps-choice-rewards-boeuf-roti","status":"publish","type":"product","link":"https:\/\/petmobile.ca\/fr\/produit\/trumps-choice-rewards-boeuf-roti\/","title":{"rendered":"TR\u00dcMPS Choice Rewards <br> B\u0153uf r\u00f4ti"},"content":{"rendered":"<div class=\"woocommerce-tabs wc-tabs-wrapper\">\n<div id=\"tab-description\" class=\"woocommerce-Tabs-panel woocommerce-Tabs-panel--description panel entry-content wc-tab\" role=\"tabpanel\" aria-labelledby=\"tab-title-description\">\n<div class=\"post-content\">\n<p>Trumps Choice Rewards\u2122 \u2013 une g\u00e2terie intelligente, sant\u00e9 et basse en calories. Tout de savoureux, rien de sec. Semi-humide avec un dense go\u00fbt de b\u0153uf que votre chien appr\u00e9ciera encore et encore. Moins de 1.5 calories par morceau !<\/p>\n<\/div>\n<\/div>\n<\/div>\n","protected":false},"excerpt":{"rendered":"<p>Trumps Choice Rewards\u2122 \u2013 une g\u00e2terie intelligente, sant\u00e9 et basse en calories. Tout de savoureux, rien de sec. Semi-humide avec<\/p>\n","protected":false},"featured_media":38561,"comment_status":"closed","ping_status":"closed","template":"","meta":[],"product_brand":[],"product_cat":[2001,1109,1115,2186],"product_tag":[],"pa_animal":[1848],"pa_couleur":[],"pa_duration":[],"pa_format":[2476],"pa_marque":[2477],"pa_type-de-produit":[1851],"class_list":{"0":"post-38562","1":"product","2":"type-product","3":"status-publish","4":"has-post-thumbnail","6":"product_cat-chien-biscuits-et-autres","7":"product_cat-nourriture-et-produits-pour-chien","8":"product_cat-chien-gateries","9":"product_cat-gateries-seches","10":"pa_animal-chien","11":"pa_format-100g-fr","12":"pa_marque-trumps-fr","13":"pa_type-de-produit-gaterie","14":"has-subscription-plans","16":"first","17":"instock","18":"taxable","19":"shipping-taxable","20":"purchasable","21":"product-type-simple"},"aioseo_notices":[],"_links":{"self":[{"href":"https:\/\/petmobile.ca\/fr\/wp-json\/wp\/v2\/product\/38562","targetHints":{"allow":["GET"]}}],"collection":[{"href":"https:\/\/petmobile.ca\/fr\/wp-json\/wp\/v2\/product"}],"about":[{"href":"https:\/\/petmobile.ca\/fr\/wp-json\/wp\/v2\/types\/product"}],"replies":[{"embeddable":true,"href":"https:\/\/petmobile.ca\/fr\/wp-json\/wp\/v2\/comments?post=38562"}],"wp:featuredmedia":[{"embeddable":true,"href":"https:\/\/petmobile.ca\/fr\/wp-json\/wp\/v2\/media\/38561"}],"wp:attachment":[{"href":"https:\/\/petmobile.ca\/fr\/wp-json\/wp\/v2\/media?parent=38562"}],"wp:term":[{"taxonomy":"product_brand","embeddable":true,"href":"https:\/\/petmobile.ca\/fr\/wp-json\/wp\/v2\/product_brand?post=38562"},{"taxonomy":"product_cat","embeddable":true,"href":"https:\/\/petmobile.ca\/fr\/wp-json\/wp\/v2\/product_cat?post=38562"},{"taxonomy":"product_tag","embeddable":true,"href":"https:\/\/petmobile.ca\/fr\/wp-json\/wp\/v2\/product_tag?post=38562"},{"taxonomy":"pa_animal","embeddable":true,"href":"https:\/\/petmobile.ca\/fr\/wp-json\/wp\/v2\/pa_animal?post=38562"},{"taxonomy":"pa_couleur","embeddable":true,"href":"https:\/\/petmobile.ca\/fr\/wp-json\/wp\/v2\/pa_couleur?post=38562"},{"taxonomy":"pa_duration","embeddable":true,"href":"https:\/\/petmobile.ca\/fr\/wp-json\/wp\/v2\/pa_duration?post=38562"},{"taxonomy":"pa_format","embeddable":true,"href":"https:\/\/petmobile.ca\/fr\/wp-json\/wp\/v2\/pa_format?post=38562"},{"taxonomy":"pa_marque","embeddable":true,"href":"https:\/\/petmobile.ca\/fr\/wp-json\/wp\/v2\/pa_marque?post=38562"},{"taxonomy":"pa_type-de-produit","embeddable":true,"href":"https:\/\/petmobile.ca\/fr\/wp-json\/wp\/v2\/pa_type-de-produit?post=38562"}],"curies":[{"name":"wp","href":"https:\/\/api.w.org\/{rel}","templated":true}]}}