{"id":38620,"date":"2021-01-23T13:46:38","date_gmt":"2021-01-23T18:48:28","guid":{"rendered":"https:\/\/petmobile.ca\/?post_type=product&#038;p=38620"},"modified":"2022-07-05T13:18:47","modified_gmt":"2022-07-05T18:18:47","slug":"hunter-collier-en-cuir-noir","status":"publish","type":"product","link":"https:\/\/petmobile.ca\/fr\/produit\/hunter-collier-en-cuir-noir\/","title":{"rendered":"Hunter <br> Black Double Sow"},"content":{"rendered":"<p>R\u00e9sistants, commodes et abordables; con\u00e7us \u00e0 Montr\u00e9al par Hunter Brand, ces colliers de haute qualit\u00e9 sauront r\u00e9pondre aux besoins sp\u00e9cifiques des chiens et de ceux qui en raffolent. Les colliers\u00a0 noirs sont en cuir canadien v\u00e9ritable, pleine fleur. Disponibles dans une vari\u00e9t\u00e9 de formats, ces mod\u00e8les en cuir \u00e0 harnais double sont cousus ou riv\u00e9s. Ils poss\u00e8dent un anneau en ''D'' soud\u00e9 \u00e0 l'extr\u00e9mit\u00e9 assurant une robustesse sans \u00e9quivoque pour les attaches ext\u00e9rieures ou les promenades de chiens t\u00eatus ou d\u00e9sob\u00e9issants.<\/p>\n<p>Les tailles sont en pouces.<\/p>\n","protected":false},"excerpt":{"rendered":"<p>R\u00e9sistants, commodes et abordables; con\u00e7us \u00e0 Montr\u00e9al par Hunter Brand, ces colliers de haute qualit\u00e9 sauront r\u00e9pondre aux besoins sp\u00e9cifiques<\/p>\n","protected":false},"featured_media":38619,"comment_status":"closed","ping_status":"closed","template":"","meta":[],"product_brand":[],"product_cat":[1117,1109,1118],"product_tag":[],"pa_animal":[1848],"pa_couleur":[2419],"pa_duration":[],"pa_format":[2492,2493,2491,2495,2494],"pa_marque":[],"pa_type-de-produit":[2496],"class_list":{"0":"post-38620","1":"product","2":"type-product","3":"status-publish","4":"has-post-thumbnail","6":"product_cat-chien-accessoires","7":"product_cat-nourriture-et-produits-pour-chien","8":"product_cat-chien-accessoires-laisse-collier-harnais","9":"pa_animal-chien","10":"pa_couleur-noir","11":"pa_format-1-1-4-x-20-fr","12":"pa_format-1-1-4-x-22-fr","13":"pa_format-1-1-4-x-24-fr","14":"pa_format-2-x-26-fr","15":"pa_format-2-x-28-fr","16":"pa_type-de-produit-collier","17":"has-subscription-plans","19":"first","20":"instock","21":"taxable","22":"shipping-taxable","23":"purchasable","24":"product-type-variable"},"aioseo_notices":[],"_links":{"self":[{"href":"https:\/\/petmobile.ca\/fr\/wp-json\/wp\/v2\/product\/38620","targetHints":{"allow":["GET"]}}],"collection":[{"href":"https:\/\/petmobile.ca\/fr\/wp-json\/wp\/v2\/product"}],"about":[{"href":"https:\/\/petmobile.ca\/fr\/wp-json\/wp\/v2\/types\/product"}],"replies":[{"embeddable":true,"href":"https:\/\/petmobile.ca\/fr\/wp-json\/wp\/v2\/comments?post=38620"}],"wp:featuredmedia":[{"embeddable":true,"href":"https:\/\/petmobile.ca\/fr\/wp-json\/wp\/v2\/media\/38619"}],"wp:attachment":[{"href":"https:\/\/petmobile.ca\/fr\/wp-json\/wp\/v2\/media?parent=38620"}],"wp:term":[{"taxonomy":"product_brand","embeddable":true,"href":"https:\/\/petmobile.ca\/fr\/wp-json\/wp\/v2\/product_brand?post=38620"},{"taxonomy":"product_cat","embeddable":true,"href":"https:\/\/petmobile.ca\/fr\/wp-json\/wp\/v2\/product_cat?post=38620"},{"taxonomy":"product_tag","embeddable":true,"href":"https:\/\/petmobile.ca\/fr\/wp-json\/wp\/v2\/product_tag?post=38620"},{"taxonomy":"pa_animal","embeddable":true,"href":"https:\/\/petmobile.ca\/fr\/wp-json\/wp\/v2\/pa_animal?post=38620"},{"taxonomy":"pa_couleur","embeddable":true,"href":"https:\/\/petmobile.ca\/fr\/wp-json\/wp\/v2\/pa_couleur?post=38620"},{"taxonomy":"pa_duration","embeddable":true,"href":"https:\/\/petmobile.ca\/fr\/wp-json\/wp\/v2\/pa_duration?post=38620"},{"taxonomy":"pa_format","embeddable":true,"href":"https:\/\/petmobile.ca\/fr\/wp-json\/wp\/v2\/pa_format?post=38620"},{"taxonomy":"pa_marque","embeddable":true,"href":"https:\/\/petmobile.ca\/fr\/wp-json\/wp\/v2\/pa_marque?post=38620"},{"taxonomy":"pa_type-de-produit","embeddable":true,"href":"https:\/\/petmobile.ca\/fr\/wp-json\/wp\/v2\/pa_type-de-produit?post=38620"}],"curies":[{"name":"wp","href":"https:\/\/api.w.org\/{rel}","templated":true}]}}