{"id":38645,"date":"2021-01-26T09:14:06","date_gmt":"2021-01-26T13:57:59","guid":{"rendered":"https:\/\/petmobile.ca\/?post_type=product&#038;p=38645"},"modified":"2021-12-23T10:22:15","modified_gmt":"2021-12-23T15:22:15","slug":"collier-en-cuir-rose","status":"publish","type":"product","link":"https:\/\/petmobile.ca\/fr\/produit\/collier-en-cuir-rose\/","title":{"rendered":"Hunter <br> Double Cousu Rose"},"content":{"rendered":"<p>R\u00e9sistants, commodes et abordables; con\u00e7us et fabriqu\u00e9s \u00e0 Montr\u00e9al , ces colliers de haute qualit\u00e9 sauront r\u00e9pondre aux besoins sp\u00e9cifiques des chiens et de ceux qui en raffolent. Faits de deux \u00e9paisseurs de cuir cousues, ils sont d\u00e9cor\u00e9s de clous de m\u00e9tal. L'anneau soud\u00e9, en forme de \"D\" permet d'y attacher une laisse pour la promenade.<\/p>\n","protected":false},"excerpt":{"rendered":"<p>R\u00e9sistants, commodes et abordables; con\u00e7us et fabriqu\u00e9s \u00e0 Montr\u00e9al , ces colliers de haute qualit\u00e9 sauront r\u00e9pondre aux besoins sp\u00e9cifiques<\/p>\n","protected":false},"featured_media":38644,"comment_status":"closed","ping_status":"closed","template":"","meta":[],"product_brand":[],"product_cat":[1117,1109,1118],"product_tag":[],"pa_animal":[1848],"pa_couleur":[2418],"pa_duration":[],"pa_format":[2492,2493,2495],"pa_marque":[],"pa_type-de-produit":[2496],"class_list":{"0":"post-38645","1":"product","2":"type-product","3":"status-publish","4":"has-post-thumbnail","6":"product_cat-chien-accessoires","7":"product_cat-nourriture-et-produits-pour-chien","8":"product_cat-chien-accessoires-laisse-collier-harnais","9":"pa_animal-chien","10":"pa_couleur-rose","11":"pa_format-1-1-4-x-20-fr","12":"pa_format-1-1-4-x-22-fr","13":"pa_format-2-x-26-fr","14":"pa_type-de-produit-collier","15":"has-subscription-plans","17":"first","18":"instock","19":"taxable","20":"shipping-taxable","21":"purchasable","22":"product-type-variable"},"aioseo_notices":[],"_links":{"self":[{"href":"https:\/\/petmobile.ca\/fr\/wp-json\/wp\/v2\/product\/38645","targetHints":{"allow":["GET"]}}],"collection":[{"href":"https:\/\/petmobile.ca\/fr\/wp-json\/wp\/v2\/product"}],"about":[{"href":"https:\/\/petmobile.ca\/fr\/wp-json\/wp\/v2\/types\/product"}],"replies":[{"embeddable":true,"href":"https:\/\/petmobile.ca\/fr\/wp-json\/wp\/v2\/comments?post=38645"}],"wp:featuredmedia":[{"embeddable":true,"href":"https:\/\/petmobile.ca\/fr\/wp-json\/wp\/v2\/media\/38644"}],"wp:attachment":[{"href":"https:\/\/petmobile.ca\/fr\/wp-json\/wp\/v2\/media?parent=38645"}],"wp:term":[{"taxonomy":"product_brand","embeddable":true,"href":"https:\/\/petmobile.ca\/fr\/wp-json\/wp\/v2\/product_brand?post=38645"},{"taxonomy":"product_cat","embeddable":true,"href":"https:\/\/petmobile.ca\/fr\/wp-json\/wp\/v2\/product_cat?post=38645"},{"taxonomy":"product_tag","embeddable":true,"href":"https:\/\/petmobile.ca\/fr\/wp-json\/wp\/v2\/product_tag?post=38645"},{"taxonomy":"pa_animal","embeddable":true,"href":"https:\/\/petmobile.ca\/fr\/wp-json\/wp\/v2\/pa_animal?post=38645"},{"taxonomy":"pa_couleur","embeddable":true,"href":"https:\/\/petmobile.ca\/fr\/wp-json\/wp\/v2\/pa_couleur?post=38645"},{"taxonomy":"pa_duration","embeddable":true,"href":"https:\/\/petmobile.ca\/fr\/wp-json\/wp\/v2\/pa_duration?post=38645"},{"taxonomy":"pa_format","embeddable":true,"href":"https:\/\/petmobile.ca\/fr\/wp-json\/wp\/v2\/pa_format?post=38645"},{"taxonomy":"pa_marque","embeddable":true,"href":"https:\/\/petmobile.ca\/fr\/wp-json\/wp\/v2\/pa_marque?post=38645"},{"taxonomy":"pa_type-de-produit","embeddable":true,"href":"https:\/\/petmobile.ca\/fr\/wp-json\/wp\/v2\/pa_type-de-produit?post=38645"}],"curies":[{"name":"wp","href":"https:\/\/api.w.org\/{rel}","templated":true}]}}