{"id":38674,"date":"2021-01-26T10:33:30","date_gmt":"2021-01-26T15:35:10","guid":{"rendered":"https:\/\/petmobile.ca\/?post_type=product&#038;p=38674"},"modified":"2021-12-23T10:20:05","modified_gmt":"2021-12-23T15:20:05","slug":"hunter-laisse-en-nylon-avec-poignee-de-controle","status":"publish","type":"product","link":"https:\/\/petmobile.ca\/fr\/produit\/hunter-laisse-en-nylon-avec-poignee-de-controle\/","title":{"rendered":"Hunter <br> Nylon Contour Noir"},"content":{"rendered":"<p>1\u2033 x 72\u2033<\/p>\n<p>R\u00e9sistante, pratique et abordable, voici l'une des nombreuses laisses de haute qualit\u00e9 con\u00e7ues \u00e0 Montr\u00e9al chez Hunter Brand. Ce mod\u00e8le, fait \u00e0 partir de nylon plat, est disponible en diff\u00e9rentes couleurs et formats. Cette vari\u00e9t\u00e9 permet un contr\u00f4le rapide et au besoin, efficace \u00e0 l'approche d'automobiles ou d'autres chiens. Son mousqueton m\u00e9tallique permet une utilisation rapide, solide et efficace.<\/p>\n","protected":false},"excerpt":{"rendered":"<p>1\u2033 x 72\u2033 R\u00e9sistante, pratique et abordable, voici l&rsquo;une des nombreuses laisses de haute qualit\u00e9 con\u00e7ues \u00e0 Montr\u00e9al chez Hunter<\/p>\n","protected":false},"featured_media":38673,"comment_status":"closed","ping_status":"closed","template":"","meta":[],"product_brand":[],"product_cat":[1117,1109,1118],"product_tag":[],"pa_animal":[1848],"pa_couleur":[2419],"pa_duration":[],"pa_format":[],"pa_marque":[],"pa_type-de-produit":[2445],"class_list":{"0":"post-38674","1":"product","2":"type-product","3":"status-publish","4":"has-post-thumbnail","6":"product_cat-chien-accessoires","7":"product_cat-nourriture-et-produits-pour-chien","8":"product_cat-chien-accessoires-laisse-collier-harnais","9":"pa_animal-chien","10":"pa_couleur-noir","11":"pa_type-de-produit-laisse","12":"has-subscription-plans","14":"first","15":"instock","16":"taxable","17":"shipping-taxable","18":"purchasable","19":"product-type-simple"},"aioseo_notices":[],"_links":{"self":[{"href":"https:\/\/petmobile.ca\/fr\/wp-json\/wp\/v2\/product\/38674","targetHints":{"allow":["GET"]}}],"collection":[{"href":"https:\/\/petmobile.ca\/fr\/wp-json\/wp\/v2\/product"}],"about":[{"href":"https:\/\/petmobile.ca\/fr\/wp-json\/wp\/v2\/types\/product"}],"replies":[{"embeddable":true,"href":"https:\/\/petmobile.ca\/fr\/wp-json\/wp\/v2\/comments?post=38674"}],"wp:featuredmedia":[{"embeddable":true,"href":"https:\/\/petmobile.ca\/fr\/wp-json\/wp\/v2\/media\/38673"}],"wp:attachment":[{"href":"https:\/\/petmobile.ca\/fr\/wp-json\/wp\/v2\/media?parent=38674"}],"wp:term":[{"taxonomy":"product_brand","embeddable":true,"href":"https:\/\/petmobile.ca\/fr\/wp-json\/wp\/v2\/product_brand?post=38674"},{"taxonomy":"product_cat","embeddable":true,"href":"https:\/\/petmobile.ca\/fr\/wp-json\/wp\/v2\/product_cat?post=38674"},{"taxonomy":"product_tag","embeddable":true,"href":"https:\/\/petmobile.ca\/fr\/wp-json\/wp\/v2\/product_tag?post=38674"},{"taxonomy":"pa_animal","embeddable":true,"href":"https:\/\/petmobile.ca\/fr\/wp-json\/wp\/v2\/pa_animal?post=38674"},{"taxonomy":"pa_couleur","embeddable":true,"href":"https:\/\/petmobile.ca\/fr\/wp-json\/wp\/v2\/pa_couleur?post=38674"},{"taxonomy":"pa_duration","embeddable":true,"href":"https:\/\/petmobile.ca\/fr\/wp-json\/wp\/v2\/pa_duration?post=38674"},{"taxonomy":"pa_format","embeddable":true,"href":"https:\/\/petmobile.ca\/fr\/wp-json\/wp\/v2\/pa_format?post=38674"},{"taxonomy":"pa_marque","embeddable":true,"href":"https:\/\/petmobile.ca\/fr\/wp-json\/wp\/v2\/pa_marque?post=38674"},{"taxonomy":"pa_type-de-produit","embeddable":true,"href":"https:\/\/petmobile.ca\/fr\/wp-json\/wp\/v2\/pa_type-de-produit?post=38674"}],"curies":[{"name":"wp","href":"https:\/\/api.w.org\/{rel}","templated":true}]}}