{"id":38685,"date":"2021-01-26T10:45:14","date_gmt":"2021-01-26T15:46:12","guid":{"rendered":"https:\/\/petmobile.ca\/?post_type=product&#038;p=38685"},"modified":"2021-12-23T10:19:06","modified_gmt":"2021-12-23T15:19:06","slug":"hunter-courroie-ajustable-pour-ceinture-de-securite","status":"publish","type":"product","link":"https:\/\/petmobile.ca\/fr\/produit\/hunter-courroie-ajustable-pour-ceinture-de-securite\/","title":{"rendered":"HUNTER <br> Courroie ajustable pour ceinture de s\u00e9curit\u00e9"},"content":{"rendered":"<p>Cette courroie d'auto s'enclenche dans la ceinture du si\u00e8ge pour un transport en voiture plus s\u00e9curitaire pour l'animal et le passager. Le mousqueton \u00e0 verrou robuste s'attache au harnais de s\u00e9curit\u00e9. Elle est faite de nylon mesurant 1'' de large et s'ajuste facilement. Ce mod\u00e8le comprend une poign\u00e9e pour plus de contr\u00f4le et s\u00e9curit\u00e9.<\/p>\n","protected":false},"excerpt":{"rendered":"<p>Cette courroie d&rsquo;auto s&rsquo;enclenche dans la ceinture du si\u00e8ge pour un transport en voiture plus s\u00e9curitaire pour l&rsquo;animal et le<\/p>\n","protected":false},"featured_media":38684,"comment_status":"closed","ping_status":"closed","template":"","meta":[],"product_brand":[],"product_cat":[1117,1109,1118],"product_tag":[],"pa_animal":[1848],"pa_couleur":[2419],"pa_duration":[],"pa_format":[2509,2510],"pa_marque":[],"pa_type-de-produit":[2445],"class_list":{"0":"post-38685","1":"product","2":"type-product","3":"status-publish","4":"has-post-thumbnail","6":"product_cat-chien-accessoires","7":"product_cat-nourriture-et-produits-pour-chien","8":"product_cat-chien-accessoires-laisse-collier-harnais","9":"pa_animal-chien","10":"pa_couleur-noir","11":"pa_format-20-32-fr","12":"pa_format-25-34-fr","13":"pa_type-de-produit-laisse","14":"has-subscription-plans","16":"first","17":"instock","18":"taxable","19":"shipping-taxable","20":"purchasable","21":"product-type-variable"},"aioseo_notices":[],"_links":{"self":[{"href":"https:\/\/petmobile.ca\/fr\/wp-json\/wp\/v2\/product\/38685","targetHints":{"allow":["GET"]}}],"collection":[{"href":"https:\/\/petmobile.ca\/fr\/wp-json\/wp\/v2\/product"}],"about":[{"href":"https:\/\/petmobile.ca\/fr\/wp-json\/wp\/v2\/types\/product"}],"replies":[{"embeddable":true,"href":"https:\/\/petmobile.ca\/fr\/wp-json\/wp\/v2\/comments?post=38685"}],"wp:featuredmedia":[{"embeddable":true,"href":"https:\/\/petmobile.ca\/fr\/wp-json\/wp\/v2\/media\/38684"}],"wp:attachment":[{"href":"https:\/\/petmobile.ca\/fr\/wp-json\/wp\/v2\/media?parent=38685"}],"wp:term":[{"taxonomy":"product_brand","embeddable":true,"href":"https:\/\/petmobile.ca\/fr\/wp-json\/wp\/v2\/product_brand?post=38685"},{"taxonomy":"product_cat","embeddable":true,"href":"https:\/\/petmobile.ca\/fr\/wp-json\/wp\/v2\/product_cat?post=38685"},{"taxonomy":"product_tag","embeddable":true,"href":"https:\/\/petmobile.ca\/fr\/wp-json\/wp\/v2\/product_tag?post=38685"},{"taxonomy":"pa_animal","embeddable":true,"href":"https:\/\/petmobile.ca\/fr\/wp-json\/wp\/v2\/pa_animal?post=38685"},{"taxonomy":"pa_couleur","embeddable":true,"href":"https:\/\/petmobile.ca\/fr\/wp-json\/wp\/v2\/pa_couleur?post=38685"},{"taxonomy":"pa_duration","embeddable":true,"href":"https:\/\/petmobile.ca\/fr\/wp-json\/wp\/v2\/pa_duration?post=38685"},{"taxonomy":"pa_format","embeddable":true,"href":"https:\/\/petmobile.ca\/fr\/wp-json\/wp\/v2\/pa_format?post=38685"},{"taxonomy":"pa_marque","embeddable":true,"href":"https:\/\/petmobile.ca\/fr\/wp-json\/wp\/v2\/pa_marque?post=38685"},{"taxonomy":"pa_type-de-produit","embeddable":true,"href":"https:\/\/petmobile.ca\/fr\/wp-json\/wp\/v2\/pa_type-de-produit?post=38685"}],"curies":[{"name":"wp","href":"https:\/\/api.w.org\/{rel}","templated":true}]}}