{"id":38694,"date":"2021-01-26T11:01:10","date_gmt":"2021-01-26T16:21:29","guid":{"rendered":"https:\/\/petmobile.ca\/?post_type=product&#038;p=38694"},"modified":"2021-12-23T10:18:09","modified_gmt":"2021-12-23T15:18:09","slug":"pads-de-remplacements-pour-griffoir-turbo-scratcher-star-chaser","status":"publish","type":"product","link":"https:\/\/petmobile.ca\/fr\/produit\/pads-de-remplacements-pour-griffoir-turbo-scratcher-star-chaser\/","title":{"rendered":"Bergan <br> Pads de remplacements pour griffoir Turbo Scratcher\u00ae &#038; Star Chaser\u00ae"},"content":{"rendered":"<p>Revitalisez le griffoir favori de votre chat avec les pads de remplacement Turbo Scratcher\u00ae! Ces pads de remplacement de longue dur\u00e9e \u00e9liminent le besoin d'acheter des nouveaux griffoirs apr\u00e8s usage. Les pads aident \u00e0 pr\u00e9venir les dommages au mobilier, offrant une texture naturelle qui comblera le besoin de faire ses griffes de votre chat.<\/p>\n<ul>\n<li class=\"key-benefits\">\u00c9limine le besoin d'acheter un nouveau grattoir apr\u00e8s utilisation.<\/li>\n<li class=\"key-benefits\">Compatible avec Turbo Scratcher et le Star Chaser.<\/li>\n<li class=\"key-benefits\">Revitalise le grattoir de votre chat pour une utilisation \u00e0 long-terme.<\/li>\n<li class=\"key-benefits\">Offre une texture naturelle pour satisfaire le besoin de faire ses griffes.<\/li>\n<li class=\"key-benefits\">Pr\u00e9vient les dommages caus\u00e9s aux meubles.<\/li>\n<\/ul>\n","protected":false},"excerpt":{"rendered":"<p>Revitalisez le griffoir favori de votre chat avec les pads de remplacement Turbo Scratcher\u00ae! Ces pads de remplacement de longue<\/p>\n","protected":false},"featured_media":38693,"comment_status":"closed","ping_status":"closed","template":"","meta":[],"product_brand":[],"product_cat":[1097,1103,1092],"product_tag":[],"pa_animal":[1847],"pa_couleur":[],"pa_duration":[],"pa_format":[],"pa_marque":[2513],"pa_type-de-produit":[2514],"class_list":{"0":"post-38694","1":"product","2":"type-product","3":"status-publish","4":"has-post-thumbnail","6":"product_cat-chat-accessoires","7":"product_cat-chat-accessoires-arbres-a-chat-et-grattoirs","8":"product_cat-produits-pour-chat","9":"pa_animal-chat","10":"pa_marque-bergan-fr","11":"pa_type-de-produit-griffoir","12":"has-subscription-plans","14":"first","15":"instock","16":"taxable","17":"shipping-taxable","18":"purchasable","19":"product-type-simple"},"aioseo_notices":[],"_links":{"self":[{"href":"https:\/\/petmobile.ca\/fr\/wp-json\/wp\/v2\/product\/38694","targetHints":{"allow":["GET"]}}],"collection":[{"href":"https:\/\/petmobile.ca\/fr\/wp-json\/wp\/v2\/product"}],"about":[{"href":"https:\/\/petmobile.ca\/fr\/wp-json\/wp\/v2\/types\/product"}],"replies":[{"embeddable":true,"href":"https:\/\/petmobile.ca\/fr\/wp-json\/wp\/v2\/comments?post=38694"}],"wp:featuredmedia":[{"embeddable":true,"href":"https:\/\/petmobile.ca\/fr\/wp-json\/wp\/v2\/media\/38693"}],"wp:attachment":[{"href":"https:\/\/petmobile.ca\/fr\/wp-json\/wp\/v2\/media?parent=38694"}],"wp:term":[{"taxonomy":"product_brand","embeddable":true,"href":"https:\/\/petmobile.ca\/fr\/wp-json\/wp\/v2\/product_brand?post=38694"},{"taxonomy":"product_cat","embeddable":true,"href":"https:\/\/petmobile.ca\/fr\/wp-json\/wp\/v2\/product_cat?post=38694"},{"taxonomy":"product_tag","embeddable":true,"href":"https:\/\/petmobile.ca\/fr\/wp-json\/wp\/v2\/product_tag?post=38694"},{"taxonomy":"pa_animal","embeddable":true,"href":"https:\/\/petmobile.ca\/fr\/wp-json\/wp\/v2\/pa_animal?post=38694"},{"taxonomy":"pa_couleur","embeddable":true,"href":"https:\/\/petmobile.ca\/fr\/wp-json\/wp\/v2\/pa_couleur?post=38694"},{"taxonomy":"pa_duration","embeddable":true,"href":"https:\/\/petmobile.ca\/fr\/wp-json\/wp\/v2\/pa_duration?post=38694"},{"taxonomy":"pa_format","embeddable":true,"href":"https:\/\/petmobile.ca\/fr\/wp-json\/wp\/v2\/pa_format?post=38694"},{"taxonomy":"pa_marque","embeddable":true,"href":"https:\/\/petmobile.ca\/fr\/wp-json\/wp\/v2\/pa_marque?post=38694"},{"taxonomy":"pa_type-de-produit","embeddable":true,"href":"https:\/\/petmobile.ca\/fr\/wp-json\/wp\/v2\/pa_type-de-produit?post=38694"}],"curies":[{"name":"wp","href":"https:\/\/api.w.org\/{rel}","templated":true}]}}