{"id":38702,"date":"2021-01-26T12:03:43","date_gmt":"2021-01-26T17:04:39","guid":{"rendered":"https:\/\/petmobile.ca\/?post_type=product&#038;p=38702"},"modified":"2021-12-23T10:17:11","modified_gmt":"2021-12-23T15:17:11","slug":"jw-skid-stop-bol-a-distribution-lente","status":"publish","type":"product","link":"https:\/\/petmobile.ca\/fr\/produit\/jw-skid-stop-bol-a-distribution-lente\/","title":{"rendered":"JW Skid Stop <br> Bol \u00e0 distribution lente"},"content":{"rendered":"<p>Lorsque les chiens mangent trop rapidement, il peut leur arriver d'avoir des ballonnements, de l'inconfort et d'autres probl\u00e8mes digestifs.<\/p>\n<p>Les bols \u00e0 distribution lente Skid Stop de JW Pet poss\u00e8dent une conception unique qui ralentit votre chien lorsqu'il mange. De larges entailles \u00e0 l'int\u00e9rieur emp\u00eachent votre chien de manger trop rapidement sa nourriture.<\/p>\n<p>La base en caoutchouc garde le bol en place pour \u00e9viter les d\u00e9g\u00e2ts. Le plastique robuste r\u00e9siste \u00e0 la rouille et aux bact\u00e9ries et est lavable au lave-vaisselle.<\/p>\n<p>Ce bol est votre meilleur ami pour nourrir votre chien un peu trop gourmand.<\/p>\n<p>Ce produit est disponible en 3 formats pour mieux r\u00e9pondre aux besoins sp\u00e9cifiques de votre animal; moyen (1 tasse), grand (3 tasses)\u00a0et tr\u00e8s grand (6 tasses).<\/p>\n<p><strong>Nous ne pouvons garantir une couleur sp\u00e9cifique pour ce produit : laissez-nous la choisir pour vous !<\/strong><\/p>\n","protected":false},"excerpt":{"rendered":"<p>Lorsque les chiens mangent trop rapidement, il peut leur arriver d&rsquo;avoir des ballonnements, de l&rsquo;inconfort et d&rsquo;autres probl\u00e8mes digestifs. Les<\/p>\n","protected":false},"featured_media":38701,"comment_status":"closed","ping_status":"closed","template":"","meta":[],"product_brand":[],"product_cat":[1117,1119,1109],"product_tag":[],"pa_animal":[1848],"pa_couleur":[2516,2415],"pa_duration":[],"pa_format":[2097,2096,2518],"pa_marque":[2480],"pa_type-de-produit":[],"class_list":{"0":"post-38702","1":"product","2":"type-product","3":"status-publish","4":"has-post-thumbnail","6":"product_cat-chien-accessoires","7":"product_cat-chien-accessoires-bols-contenants-abreuvoirs","8":"product_cat-nourriture-et-produits-pour-chien","9":"pa_animal-chien","10":"pa_couleur-blanc","11":"pa_couleur-bleu","12":"pa_format-grand-fr","13":"pa_format-moyen-fr","14":"pa_format-tres-grand-fr-2","15":"pa_marque-jw-fr","16":"has-subscription-plans","18":"first","19":"instock","20":"taxable","21":"shipping-taxable","22":"purchasable","23":"product-type-variable"},"aioseo_notices":[],"_links":{"self":[{"href":"https:\/\/petmobile.ca\/fr\/wp-json\/wp\/v2\/product\/38702","targetHints":{"allow":["GET"]}}],"collection":[{"href":"https:\/\/petmobile.ca\/fr\/wp-json\/wp\/v2\/product"}],"about":[{"href":"https:\/\/petmobile.ca\/fr\/wp-json\/wp\/v2\/types\/product"}],"replies":[{"embeddable":true,"href":"https:\/\/petmobile.ca\/fr\/wp-json\/wp\/v2\/comments?post=38702"}],"wp:featuredmedia":[{"embeddable":true,"href":"https:\/\/petmobile.ca\/fr\/wp-json\/wp\/v2\/media\/38701"}],"wp:attachment":[{"href":"https:\/\/petmobile.ca\/fr\/wp-json\/wp\/v2\/media?parent=38702"}],"wp:term":[{"taxonomy":"product_brand","embeddable":true,"href":"https:\/\/petmobile.ca\/fr\/wp-json\/wp\/v2\/product_brand?post=38702"},{"taxonomy":"product_cat","embeddable":true,"href":"https:\/\/petmobile.ca\/fr\/wp-json\/wp\/v2\/product_cat?post=38702"},{"taxonomy":"product_tag","embeddable":true,"href":"https:\/\/petmobile.ca\/fr\/wp-json\/wp\/v2\/product_tag?post=38702"},{"taxonomy":"pa_animal","embeddable":true,"href":"https:\/\/petmobile.ca\/fr\/wp-json\/wp\/v2\/pa_animal?post=38702"},{"taxonomy":"pa_couleur","embeddable":true,"href":"https:\/\/petmobile.ca\/fr\/wp-json\/wp\/v2\/pa_couleur?post=38702"},{"taxonomy":"pa_duration","embeddable":true,"href":"https:\/\/petmobile.ca\/fr\/wp-json\/wp\/v2\/pa_duration?post=38702"},{"taxonomy":"pa_format","embeddable":true,"href":"https:\/\/petmobile.ca\/fr\/wp-json\/wp\/v2\/pa_format?post=38702"},{"taxonomy":"pa_marque","embeddable":true,"href":"https:\/\/petmobile.ca\/fr\/wp-json\/wp\/v2\/pa_marque?post=38702"},{"taxonomy":"pa_type-de-produit","embeddable":true,"href":"https:\/\/petmobile.ca\/fr\/wp-json\/wp\/v2\/pa_type-de-produit?post=38702"}],"curies":[{"name":"wp","href":"https:\/\/api.w.org\/{rel}","templated":true}]}}