{"id":38719,"date":"2021-01-26T13:23:21","date_gmt":"2021-01-26T18:27:22","guid":{"rendered":"https:\/\/petmobile.ca\/?post_type=product&#038;p=38719"},"modified":"2022-06-01T08:09:48","modified_gmt":"2022-06-01T13:09:48","slug":"sporn-licou-noir-pour-lentrainement","status":"publish","type":"product","link":"https:\/\/petmobile.ca\/fr\/produit\/sporn-licou-noir-pour-lentrainement\/","title":{"rendered":"SPORN <br> Harnais\\Licou noir pour l&rsquo;entra\u00eenement"},"content":{"rendered":"<p><strong>Taille GRANDE \u2013 Cou : 43-60 cm \/ 16-24 po. (Chiens de 50-90 lbs)<\/strong><\/p>\n<p>La\u00a0<strong>Sporn original\u00a0<\/strong><strong>Training Halter\u00ae<\/strong>\u00a0pour chiens est con\u00e7u pour les tireurs mod\u00e9r\u00e9s \u00e0 lourds et est garanti pour emp\u00eacher votre chien de tirer instantan\u00e9ment, en utilisant le \"Sporn Effect\" brevet\u00e9. Il est fait de corde tress\u00e9e et de sangle en nylon de haute qualit\u00e9, avec des attaches en acier thermoplastique et nickel\u00e9 pour r\u00e9duire les intemp\u00e9ries. Ses manches rembourr\u00e9es en sherpa offrent un confort maximal et \u00e9vitent les frottements sous les aisselles.<\/p>\n<ul>\n<li>Syst\u00e8me brevet\u00e9<\/li>\n<li>Arr\u00eate instantan\u00e9ment les extracteurs les plus durs<\/li>\n<li>Se convertit en collier standard si la fonction de traction n'est pas n\u00e9cessaire<\/li>\n<\/ul>\n<p><span class=\"cw-type__h2\">Pr\u00e9cautions:\u00a0<\/span>Recommand\u00e9 pour la marche seulement. Ne laissez pas le chien sans surveillance. Non con\u00e7u pour \u00eatre utilis\u00e9 comme harnais ou attache de voiture.<\/p>\n","protected":false},"excerpt":{"rendered":"<p>Taille GRANDE \u2013 Cou : 43-60 cm \/ 16-24 po. (Chiens de 50-90 lbs) La\u00a0Sporn original\u00a0Training Halter\u00ae\u00a0pour chiens est con\u00e7u<\/p>\n","protected":false},"featured_media":38718,"comment_status":"closed","ping_status":"closed","template":"","meta":[],"product_brand":[],"product_cat":[1117,1109,1118],"product_tag":[],"pa_animal":[1848],"pa_couleur":[2419],"pa_duration":[],"pa_format":[2097],"pa_marque":[2210],"pa_type-de-produit":[2445],"class_list":{"0":"post-38719","1":"product","2":"type-product","3":"status-publish","4":"has-post-thumbnail","6":"product_cat-chien-accessoires","7":"product_cat-nourriture-et-produits-pour-chien","8":"product_cat-chien-accessoires-laisse-collier-harnais","9":"pa_animal-chien","10":"pa_couleur-noir","11":"pa_format-grand-fr","12":"pa_marque-sporn","13":"pa_type-de-produit-laisse","14":"has-subscription-plans","16":"first","17":"instock","18":"taxable","19":"shipping-taxable","20":"purchasable","21":"product-type-simple"},"aioseo_notices":[],"_links":{"self":[{"href":"https:\/\/petmobile.ca\/fr\/wp-json\/wp\/v2\/product\/38719","targetHints":{"allow":["GET"]}}],"collection":[{"href":"https:\/\/petmobile.ca\/fr\/wp-json\/wp\/v2\/product"}],"about":[{"href":"https:\/\/petmobile.ca\/fr\/wp-json\/wp\/v2\/types\/product"}],"replies":[{"embeddable":true,"href":"https:\/\/petmobile.ca\/fr\/wp-json\/wp\/v2\/comments?post=38719"}],"wp:featuredmedia":[{"embeddable":true,"href":"https:\/\/petmobile.ca\/fr\/wp-json\/wp\/v2\/media\/38718"}],"wp:attachment":[{"href":"https:\/\/petmobile.ca\/fr\/wp-json\/wp\/v2\/media?parent=38719"}],"wp:term":[{"taxonomy":"product_brand","embeddable":true,"href":"https:\/\/petmobile.ca\/fr\/wp-json\/wp\/v2\/product_brand?post=38719"},{"taxonomy":"product_cat","embeddable":true,"href":"https:\/\/petmobile.ca\/fr\/wp-json\/wp\/v2\/product_cat?post=38719"},{"taxonomy":"product_tag","embeddable":true,"href":"https:\/\/petmobile.ca\/fr\/wp-json\/wp\/v2\/product_tag?post=38719"},{"taxonomy":"pa_animal","embeddable":true,"href":"https:\/\/petmobile.ca\/fr\/wp-json\/wp\/v2\/pa_animal?post=38719"},{"taxonomy":"pa_couleur","embeddable":true,"href":"https:\/\/petmobile.ca\/fr\/wp-json\/wp\/v2\/pa_couleur?post=38719"},{"taxonomy":"pa_duration","embeddable":true,"href":"https:\/\/petmobile.ca\/fr\/wp-json\/wp\/v2\/pa_duration?post=38719"},{"taxonomy":"pa_format","embeddable":true,"href":"https:\/\/petmobile.ca\/fr\/wp-json\/wp\/v2\/pa_format?post=38719"},{"taxonomy":"pa_marque","embeddable":true,"href":"https:\/\/petmobile.ca\/fr\/wp-json\/wp\/v2\/pa_marque?post=38719"},{"taxonomy":"pa_type-de-produit","embeddable":true,"href":"https:\/\/petmobile.ca\/fr\/wp-json\/wp\/v2\/pa_type-de-produit?post=38719"}],"curies":[{"name":"wp","href":"https:\/\/api.w.org\/{rel}","templated":true}]}}