{"id":38728,"date":"2021-01-26T14:16:44","date_gmt":"2021-01-26T19:23:30","guid":{"rendered":"https:\/\/petmobile.ca\/?post_type=product&#038;p=38728"},"modified":"2022-05-27T13:12:01","modified_gmt":"2022-05-27T18:12:01","slug":"andis-ensemble-de-9-petits-peignes-guides-pour-tondeuses","status":"publish","type":"product","link":"https:\/\/petmobile.ca\/fr\/produit\/andis-ensemble-de-9-petits-peignes-guides-pour-tondeuses\/","title":{"rendered":"ANDIS <br> Ensemble de 9 petits peignes guides pour tondeuses"},"content":{"rendered":"<div id=\"left_col\"><strong>Tonte pr\u00e9cise et s\u00e9curitaire.<\/strong><\/div>\n<div><\/div>\n<ul>\n<li>Un ensemble de 9 pi\u00e8ces pour un toilettage flexible.<\/li>\n<li>Compatible avec les lames d\u00e9tachables Andis de taille 30, 15, 10 et 9.<\/li>\n<li>Les guides s'attachent et se d\u00e9tachent facilement. Pour en utiliser un, glissez les dents des lames dans le guide, puis fixez le guide par pression. Pour les retirer, resuivez les \u00e9tapes \u00e0 l'envers.<\/li>\n<\/ul>\n<p>&nbsp;<\/p>\n<p><em>Sizes :<\/em>\u00a0<strong>#7 (1\/16\u2033)\u00a0|||\u00a0#6 (1\/8\u2033)\u00a0|||\u00a0#5 (3\/16\u2033)\u00a0|||\u00a0#4 (1\/4\u2033)\u00a0|||\u00a0#3 (5\/16\u2033)\u00a0|||\u00a0#2 (3\/8\u2033)\u00a0|||\u00a0#1-1\/2 (7\/16\u2033)\u00a0|||\u00a0#1 (1\/2\u2033)\u00a0|||\u00a0#1\/2 (9\/16\u2033)<\/strong><\/p>\n","protected":false},"excerpt":{"rendered":"<p>Tonte pr\u00e9cise et s\u00e9curitaire. Un ensemble de 9 pi\u00e8ces pour un toilettage flexible. Compatible avec les lames d\u00e9tachables Andis de<\/p>\n","protected":false},"featured_media":38727,"comment_status":"closed","ping_status":"closed","template":"","meta":[],"product_brand":[],"product_cat":[1092,1109,1122,1098,2293,2290,1108,2301,2370],"product_tag":[],"pa_animal":[1847,2094,1848,2101],"pa_couleur":[2415],"pa_duration":[],"pa_format":[],"pa_marque":[2531],"pa_type-de-produit":[],"class_list":{"0":"post-38728","1":"product","2":"type-product","3":"status-publish","4":"has-post-thumbnail","6":"product_cat-produits-pour-chat","7":"product_cat-nourriture-et-produits-pour-chien","8":"product_cat-chien-proprete","9":"product_cat-chat-proprete","10":"product_cat-chien-soins-puces","11":"product_cat-chien-soins","12":"product_cat-chat-proprete-brosses","13":"product_cat-chien-proprete-brossesetaccesoires","14":"product_cat-chien-toilettage1","15":"pa_animal-chat","16":"pa_animal-chaton","17":"pa_animal-chien","18":"pa_animal-chiot-fr","19":"pa_couleur-bleu","20":"pa_marque-andis-fr","21":"has-subscription-plans","23":"first","24":"instock","25":"taxable","26":"shipping-taxable","27":"purchasable","28":"product-type-simple"},"aioseo_notices":[],"_links":{"self":[{"href":"https:\/\/petmobile.ca\/fr\/wp-json\/wp\/v2\/product\/38728","targetHints":{"allow":["GET"]}}],"collection":[{"href":"https:\/\/petmobile.ca\/fr\/wp-json\/wp\/v2\/product"}],"about":[{"href":"https:\/\/petmobile.ca\/fr\/wp-json\/wp\/v2\/types\/product"}],"replies":[{"embeddable":true,"href":"https:\/\/petmobile.ca\/fr\/wp-json\/wp\/v2\/comments?post=38728"}],"wp:featuredmedia":[{"embeddable":true,"href":"https:\/\/petmobile.ca\/fr\/wp-json\/wp\/v2\/media\/38727"}],"wp:attachment":[{"href":"https:\/\/petmobile.ca\/fr\/wp-json\/wp\/v2\/media?parent=38728"}],"wp:term":[{"taxonomy":"product_brand","embeddable":true,"href":"https:\/\/petmobile.ca\/fr\/wp-json\/wp\/v2\/product_brand?post=38728"},{"taxonomy":"product_cat","embeddable":true,"href":"https:\/\/petmobile.ca\/fr\/wp-json\/wp\/v2\/product_cat?post=38728"},{"taxonomy":"product_tag","embeddable":true,"href":"https:\/\/petmobile.ca\/fr\/wp-json\/wp\/v2\/product_tag?post=38728"},{"taxonomy":"pa_animal","embeddable":true,"href":"https:\/\/petmobile.ca\/fr\/wp-json\/wp\/v2\/pa_animal?post=38728"},{"taxonomy":"pa_couleur","embeddable":true,"href":"https:\/\/petmobile.ca\/fr\/wp-json\/wp\/v2\/pa_couleur?post=38728"},{"taxonomy":"pa_duration","embeddable":true,"href":"https:\/\/petmobile.ca\/fr\/wp-json\/wp\/v2\/pa_duration?post=38728"},{"taxonomy":"pa_format","embeddable":true,"href":"https:\/\/petmobile.ca\/fr\/wp-json\/wp\/v2\/pa_format?post=38728"},{"taxonomy":"pa_marque","embeddable":true,"href":"https:\/\/petmobile.ca\/fr\/wp-json\/wp\/v2\/pa_marque?post=38728"},{"taxonomy":"pa_type-de-produit","embeddable":true,"href":"https:\/\/petmobile.ca\/fr\/wp-json\/wp\/v2\/pa_type-de-produit?post=38728"}],"curies":[{"name":"wp","href":"https:\/\/api.w.org\/{rel}","templated":true}]}}