{"id":38738,"date":"2021-01-26T14:40:48","date_gmt":"2021-01-26T19:42:30","guid":{"rendered":"https:\/\/petmobile.ca\/?post_type=product&#038;p=38738"},"modified":"2021-12-23T10:12:17","modified_gmt":"2021-12-23T15:12:17","slug":"hunter-collier-de-cuir-rive","status":"publish","type":"product","link":"https:\/\/petmobile.ca\/fr\/produit\/hunter-collier-de-cuir-rive\/","title":{"rendered":"Hunter <br> Cuir Rive Rose"},"content":{"rendered":"<p>R\u00e9sistants, commodes et abordables! Ces colliers de haute qualit\u00e9, con\u00e7us et fabriqu\u00e9s par Hunter Brand, r\u00e9pondent aux besoins des chiens et de ceux qui en raffolent. Faits de cuir v\u00e9ritable, ils sont disponibles dans une vari\u00e9t\u00e9 de formats et de couleurs. L'anneau soud\u00e9, pour l'attache, est en forme de \"D\".<\/p>\n","protected":false},"excerpt":{"rendered":"<p>R\u00e9sistants, commodes et abordables! Ces colliers de haute qualit\u00e9, con\u00e7us et fabriqu\u00e9s par Hunter Brand, r\u00e9pondent aux besoins des chiens<\/p>\n","protected":false},"featured_media":38737,"comment_status":"closed","ping_status":"closed","template":"","meta":[],"product_brand":[],"product_cat":[1097,1117,1092,1109,1118,1105],"product_tag":[],"pa_animal":[1847,2094,1848,2101],"pa_couleur":[2419,2418],"pa_duration":[],"pa_format":[2535,2536,2537],"pa_marque":[],"pa_type-de-produit":[2496],"class_list":{"0":"post-38738","1":"product","2":"type-product","3":"status-publish","4":"has-post-thumbnail","6":"product_cat-chat-accessoires","7":"product_cat-chien-accessoires","8":"product_cat-produits-pour-chat","9":"product_cat-nourriture-et-produits-pour-chien","10":"product_cat-chien-accessoires-laisse-collier-harnais","11":"product_cat-chat-accessoires-laisses-collier-harnais","12":"pa_animal-chat","13":"pa_animal-chaton","14":"pa_animal-chien","15":"pa_animal-chiot-fr","16":"pa_couleur-noir","17":"pa_couleur-rose","18":"pa_format-3-8-x-10-fr","19":"pa_format-3-8-x-12-fr","20":"pa_format-3-8-x-14-fr","21":"pa_type-de-produit-collier","22":"has-subscription-plans","24":"first","25":"instock","26":"taxable","27":"shipping-taxable","28":"purchasable","29":"product-type-variable"},"aioseo_notices":[],"_links":{"self":[{"href":"https:\/\/petmobile.ca\/fr\/wp-json\/wp\/v2\/product\/38738","targetHints":{"allow":["GET"]}}],"collection":[{"href":"https:\/\/petmobile.ca\/fr\/wp-json\/wp\/v2\/product"}],"about":[{"href":"https:\/\/petmobile.ca\/fr\/wp-json\/wp\/v2\/types\/product"}],"replies":[{"embeddable":true,"href":"https:\/\/petmobile.ca\/fr\/wp-json\/wp\/v2\/comments?post=38738"}],"wp:featuredmedia":[{"embeddable":true,"href":"https:\/\/petmobile.ca\/fr\/wp-json\/wp\/v2\/media\/38737"}],"wp:attachment":[{"href":"https:\/\/petmobile.ca\/fr\/wp-json\/wp\/v2\/media?parent=38738"}],"wp:term":[{"taxonomy":"product_brand","embeddable":true,"href":"https:\/\/petmobile.ca\/fr\/wp-json\/wp\/v2\/product_brand?post=38738"},{"taxonomy":"product_cat","embeddable":true,"href":"https:\/\/petmobile.ca\/fr\/wp-json\/wp\/v2\/product_cat?post=38738"},{"taxonomy":"product_tag","embeddable":true,"href":"https:\/\/petmobile.ca\/fr\/wp-json\/wp\/v2\/product_tag?post=38738"},{"taxonomy":"pa_animal","embeddable":true,"href":"https:\/\/petmobile.ca\/fr\/wp-json\/wp\/v2\/pa_animal?post=38738"},{"taxonomy":"pa_couleur","embeddable":true,"href":"https:\/\/petmobile.ca\/fr\/wp-json\/wp\/v2\/pa_couleur?post=38738"},{"taxonomy":"pa_duration","embeddable":true,"href":"https:\/\/petmobile.ca\/fr\/wp-json\/wp\/v2\/pa_duration?post=38738"},{"taxonomy":"pa_format","embeddable":true,"href":"https:\/\/petmobile.ca\/fr\/wp-json\/wp\/v2\/pa_format?post=38738"},{"taxonomy":"pa_marque","embeddable":true,"href":"https:\/\/petmobile.ca\/fr\/wp-json\/wp\/v2\/pa_marque?post=38738"},{"taxonomy":"pa_type-de-produit","embeddable":true,"href":"https:\/\/petmobile.ca\/fr\/wp-json\/wp\/v2\/pa_type-de-produit?post=38738"}],"curies":[{"name":"wp","href":"https:\/\/api.w.org\/{rel}","templated":true}]}}