{"id":38749,"date":"2021-01-26T15:16:12","date_gmt":"2021-01-26T20:18:29","guid":{"rendered":"https:\/\/petmobile.ca\/?post_type=product&#038;p=38749"},"modified":"2023-09-21T17:01:10","modified_gmt":"2023-09-21T21:01:10","slug":"kong-aqua-jouet-flottant-pour-chiens","status":"publish","type":"product","link":"https:\/\/petmobile.ca\/fr\/produit\/kong-aqua-jouet-flottant-pour-chiens\/","title":{"rendered":"KONG Aqua <br> Jouet flottant pour chiens"},"content":{"rendered":"<p>Le jouet orange\u00a0KONG<sup>MD<\/sup>\u00a0aquatique, anciennement connu comme le KONG<sup>MD<\/sup>\u00a0Cool, est un jouet flottant qui renforce le plaisir et permet l'exercice \u00e0 la fois dans l'eau et \u00e0 l'ext\u00e9rieur de l'eau.<\/p>\n<p>Le jouet KONG<sup>MD<\/sup>\u00a0aquatique poss\u00e8de un centre en mousse qui flotte pendant que votre chien nage pour aller le chercher.<\/p>\n<p>C'est le jouet parfait pour jouer dans l'eau avec votre pitou!<\/p>\n<p>&nbsp;<\/p>\n<p><em>Grand format, pour chiens de 30 \u00e0 65 lbs (13 \u00e0 30 kg).<\/em><\/p>\n","protected":false},"excerpt":{"rendered":"<p>Le jouet orange\u00a0KONGMD\u00a0aquatique, anciennement connu comme le KONGMD\u00a0Cool, est un jouet flottant qui renforce le plaisir et permet l&rsquo;exercice \u00e0<\/p>\n","protected":false},"featured_media":38748,"comment_status":"closed","ping_status":"closed","template":"","meta":[],"product_brand":[],"product_cat":[1117,1109,1120],"product_tag":[],"pa_animal":[1848],"pa_couleur":[2498],"pa_duration":[],"pa_format":[2097],"pa_marque":[2123],"pa_type-de-produit":[2440],"class_list":{"0":"post-38749","1":"product","2":"type-product","3":"status-publish","4":"has-post-thumbnail","6":"product_cat-chien-accessoires","7":"product_cat-nourriture-et-produits-pour-chien","8":"product_cat-chien-accessoires-jouets","9":"pa_animal-chien","10":"pa_couleur-orange-fr","11":"pa_format-grand-fr","12":"pa_marque-kong-fr","13":"pa_type-de-produit-jouet","14":"has-subscription-plans","16":"first","17":"instock","18":"taxable","19":"shipping-taxable","20":"purchasable","21":"product-type-simple"},"aioseo_notices":[],"_links":{"self":[{"href":"https:\/\/petmobile.ca\/fr\/wp-json\/wp\/v2\/product\/38749","targetHints":{"allow":["GET"]}}],"collection":[{"href":"https:\/\/petmobile.ca\/fr\/wp-json\/wp\/v2\/product"}],"about":[{"href":"https:\/\/petmobile.ca\/fr\/wp-json\/wp\/v2\/types\/product"}],"replies":[{"embeddable":true,"href":"https:\/\/petmobile.ca\/fr\/wp-json\/wp\/v2\/comments?post=38749"}],"wp:featuredmedia":[{"embeddable":true,"href":"https:\/\/petmobile.ca\/fr\/wp-json\/wp\/v2\/media\/38748"}],"wp:attachment":[{"href":"https:\/\/petmobile.ca\/fr\/wp-json\/wp\/v2\/media?parent=38749"}],"wp:term":[{"taxonomy":"product_brand","embeddable":true,"href":"https:\/\/petmobile.ca\/fr\/wp-json\/wp\/v2\/product_brand?post=38749"},{"taxonomy":"product_cat","embeddable":true,"href":"https:\/\/petmobile.ca\/fr\/wp-json\/wp\/v2\/product_cat?post=38749"},{"taxonomy":"product_tag","embeddable":true,"href":"https:\/\/petmobile.ca\/fr\/wp-json\/wp\/v2\/product_tag?post=38749"},{"taxonomy":"pa_animal","embeddable":true,"href":"https:\/\/petmobile.ca\/fr\/wp-json\/wp\/v2\/pa_animal?post=38749"},{"taxonomy":"pa_couleur","embeddable":true,"href":"https:\/\/petmobile.ca\/fr\/wp-json\/wp\/v2\/pa_couleur?post=38749"},{"taxonomy":"pa_duration","embeddable":true,"href":"https:\/\/petmobile.ca\/fr\/wp-json\/wp\/v2\/pa_duration?post=38749"},{"taxonomy":"pa_format","embeddable":true,"href":"https:\/\/petmobile.ca\/fr\/wp-json\/wp\/v2\/pa_format?post=38749"},{"taxonomy":"pa_marque","embeddable":true,"href":"https:\/\/petmobile.ca\/fr\/wp-json\/wp\/v2\/pa_marque?post=38749"},{"taxonomy":"pa_type-de-produit","embeddable":true,"href":"https:\/\/petmobile.ca\/fr\/wp-json\/wp\/v2\/pa_type-de-produit?post=38749"}],"curies":[{"name":"wp","href":"https:\/\/api.w.org\/{rel}","templated":true}]}}