{"id":38775,"date":"2021-01-26T16:18:25","date_gmt":"2021-01-26T21:27:24","guid":{"rendered":"https:\/\/petmobile.ca\/?post_type=product&#038;p=38775"},"modified":"2021-12-23T10:08:15","modified_gmt":"2021-12-23T15:08:15","slug":"mammoth-flossy-chews-premium","status":"publish","type":"product","link":"https:\/\/petmobile.ca\/fr\/produit\/mammoth-flossy-chews-premium\/","title":{"rendered":"MAMMOTH Flossy Chews Premium <br> Corde color\u00e9e en coton \u00e0 2 n\u0153uds"},"content":{"rendered":"<p>Les cordes Mammoth\u00ae Flossy Chews\u00ae sont faites d\u2019un poly-coton de qualit\u00e9 pr\u00e9mium, id\u00e9ales pour jouer \u00e0 lancer ou tirer avec votre chien. Les jouets pour chien Flossy Chews\u00ae encouragent le temps de jeu et la complicit\u00e9 entre vous votre animal, tout en les aidant \u00e0 maintenir une bonne hygi\u00e8ne dentaire.<\/p>\n<p><span style=\"text-decoration: underline;\">Tailles :<\/span><\/p>\n<ul>\n<li>Petit : chiens de moins de 30 lbs<\/li>\n<li>Moyen : chiens entre 15 et 50 lbs<\/li>\n<li>Grand : chiens entre 30 et 80 lbs<\/li>\n<\/ul>\n","protected":false},"excerpt":{"rendered":"<p>Les cordes Mammoth\u00ae Flossy Chews\u00ae sont faites d\u2019un poly-coton de qualit\u00e9 pr\u00e9mium, id\u00e9ales pour jouer \u00e0 lancer ou tirer avec<\/p>\n","protected":false},"featured_media":38773,"comment_status":"closed","ping_status":"closed","template":"","meta":[],"product_brand":[],"product_cat":[1117,1109,1120],"product_tag":[],"pa_animal":[1848],"pa_couleur":[],"pa_duration":[],"pa_format":[2097,2096,2095],"pa_marque":[2539],"pa_type-de-produit":[2440],"class_list":{"0":"post-38775","1":"product","2":"type-product","3":"status-publish","4":"has-post-thumbnail","6":"product_cat-chien-accessoires","7":"product_cat-nourriture-et-produits-pour-chien","8":"product_cat-chien-accessoires-jouets","9":"pa_animal-chien","10":"pa_format-grand-fr","11":"pa_format-moyen-fr","12":"pa_format-petit-fr","13":"pa_marque-mammoth-fr","14":"pa_type-de-produit-jouet","15":"has-subscription-plans","17":"first","18":"instock","19":"taxable","20":"shipping-taxable","21":"purchasable","22":"product-type-variable"},"aioseo_notices":[],"_links":{"self":[{"href":"https:\/\/petmobile.ca\/fr\/wp-json\/wp\/v2\/product\/38775","targetHints":{"allow":["GET"]}}],"collection":[{"href":"https:\/\/petmobile.ca\/fr\/wp-json\/wp\/v2\/product"}],"about":[{"href":"https:\/\/petmobile.ca\/fr\/wp-json\/wp\/v2\/types\/product"}],"replies":[{"embeddable":true,"href":"https:\/\/petmobile.ca\/fr\/wp-json\/wp\/v2\/comments?post=38775"}],"wp:featuredmedia":[{"embeddable":true,"href":"https:\/\/petmobile.ca\/fr\/wp-json\/wp\/v2\/media\/38773"}],"wp:attachment":[{"href":"https:\/\/petmobile.ca\/fr\/wp-json\/wp\/v2\/media?parent=38775"}],"wp:term":[{"taxonomy":"product_brand","embeddable":true,"href":"https:\/\/petmobile.ca\/fr\/wp-json\/wp\/v2\/product_brand?post=38775"},{"taxonomy":"product_cat","embeddable":true,"href":"https:\/\/petmobile.ca\/fr\/wp-json\/wp\/v2\/product_cat?post=38775"},{"taxonomy":"product_tag","embeddable":true,"href":"https:\/\/petmobile.ca\/fr\/wp-json\/wp\/v2\/product_tag?post=38775"},{"taxonomy":"pa_animal","embeddable":true,"href":"https:\/\/petmobile.ca\/fr\/wp-json\/wp\/v2\/pa_animal?post=38775"},{"taxonomy":"pa_couleur","embeddable":true,"href":"https:\/\/petmobile.ca\/fr\/wp-json\/wp\/v2\/pa_couleur?post=38775"},{"taxonomy":"pa_duration","embeddable":true,"href":"https:\/\/petmobile.ca\/fr\/wp-json\/wp\/v2\/pa_duration?post=38775"},{"taxonomy":"pa_format","embeddable":true,"href":"https:\/\/petmobile.ca\/fr\/wp-json\/wp\/v2\/pa_format?post=38775"},{"taxonomy":"pa_marque","embeddable":true,"href":"https:\/\/petmobile.ca\/fr\/wp-json\/wp\/v2\/pa_marque?post=38775"},{"taxonomy":"pa_type-de-produit","embeddable":true,"href":"https:\/\/petmobile.ca\/fr\/wp-json\/wp\/v2\/pa_type-de-produit?post=38775"}],"curies":[{"name":"wp","href":"https:\/\/api.w.org\/{rel}","templated":true}]}}