{"id":38823,"date":"2021-01-27T11:53:06","date_gmt":"2021-01-27T16:54:05","guid":{"rendered":"https:\/\/petmobile.ca\/?post_type=product&#038;p=38823"},"modified":"2023-09-21T15:17:03","modified_gmt":"2023-09-21T19:17:03","slug":"kong-squeez-anneau-en-caoutchouc","status":"publish","type":"product","link":"https:\/\/petmobile.ca\/fr\/produit\/kong-squeez-anneau-en-caoutchouc\/","title":{"rendered":"KONG Squeez\u00a0<br> Anneau en caoutchouc"},"content":{"rendered":"<div class=\"col s12 l6\">\n<div class=\"product-description flow-text-smaller\">Le KONG Squeezz Ring est un jouet pour chien \u00e0 rapporter id\u00e9al. Les rebonds amusants et le couineur incorpor\u00e9 permettent au chien de s\u2019amuser en toute s\u00e9curit\u00e9 tandis que les textures adh\u00e9rentes rendent le jouet encore plus agr\u00e9able \u00e0 m\u00e2chouiller.<\/div>\n<\/div>\n<div class=\"additional-details\">\n<ul class=\"bullets\">\n<li>Rebond amusant id\u00e9al pour les parties interactives de lancer\/rapporter<\/li>\n<li>Le couineur invite au jeu<\/li>\n<li>Le couineur incorpor\u00e9 fonctionne m\u00eame s\u2019il est perfor\u00e9<\/li>\n<\/ul>\n<\/div>\n","protected":false},"excerpt":{"rendered":"<p>Le KONG Squeezz Ring est un jouet pour chien \u00e0 rapporter id\u00e9al. Les rebonds amusants et le couineur incorpor\u00e9 permettent<\/p>\n","protected":false},"featured_media":38822,"comment_status":"closed","ping_status":"closed","template":"","meta":[],"product_brand":[],"product_cat":[1117,1109,1120],"product_tag":[],"pa_animal":[1848],"pa_couleur":[],"pa_duration":[],"pa_format":[2097],"pa_marque":[2123],"pa_type-de-produit":[2440],"class_list":{"0":"post-38823","1":"product","2":"type-product","3":"status-publish","4":"has-post-thumbnail","6":"product_cat-chien-accessoires","7":"product_cat-nourriture-et-produits-pour-chien","8":"product_cat-chien-accessoires-jouets","9":"pa_animal-chien","10":"pa_format-grand-fr","11":"pa_marque-kong-fr","12":"pa_type-de-produit-jouet","13":"has-subscription-plans","15":"first","16":"instock","17":"taxable","18":"shipping-taxable","19":"purchasable","20":"product-type-simple"},"aioseo_notices":[],"_links":{"self":[{"href":"https:\/\/petmobile.ca\/fr\/wp-json\/wp\/v2\/product\/38823","targetHints":{"allow":["GET"]}}],"collection":[{"href":"https:\/\/petmobile.ca\/fr\/wp-json\/wp\/v2\/product"}],"about":[{"href":"https:\/\/petmobile.ca\/fr\/wp-json\/wp\/v2\/types\/product"}],"replies":[{"embeddable":true,"href":"https:\/\/petmobile.ca\/fr\/wp-json\/wp\/v2\/comments?post=38823"}],"wp:featuredmedia":[{"embeddable":true,"href":"https:\/\/petmobile.ca\/fr\/wp-json\/wp\/v2\/media\/38822"}],"wp:attachment":[{"href":"https:\/\/petmobile.ca\/fr\/wp-json\/wp\/v2\/media?parent=38823"}],"wp:term":[{"taxonomy":"product_brand","embeddable":true,"href":"https:\/\/petmobile.ca\/fr\/wp-json\/wp\/v2\/product_brand?post=38823"},{"taxonomy":"product_cat","embeddable":true,"href":"https:\/\/petmobile.ca\/fr\/wp-json\/wp\/v2\/product_cat?post=38823"},{"taxonomy":"product_tag","embeddable":true,"href":"https:\/\/petmobile.ca\/fr\/wp-json\/wp\/v2\/product_tag?post=38823"},{"taxonomy":"pa_animal","embeddable":true,"href":"https:\/\/petmobile.ca\/fr\/wp-json\/wp\/v2\/pa_animal?post=38823"},{"taxonomy":"pa_couleur","embeddable":true,"href":"https:\/\/petmobile.ca\/fr\/wp-json\/wp\/v2\/pa_couleur?post=38823"},{"taxonomy":"pa_duration","embeddable":true,"href":"https:\/\/petmobile.ca\/fr\/wp-json\/wp\/v2\/pa_duration?post=38823"},{"taxonomy":"pa_format","embeddable":true,"href":"https:\/\/petmobile.ca\/fr\/wp-json\/wp\/v2\/pa_format?post=38823"},{"taxonomy":"pa_marque","embeddable":true,"href":"https:\/\/petmobile.ca\/fr\/wp-json\/wp\/v2\/pa_marque?post=38823"},{"taxonomy":"pa_type-de-produit","embeddable":true,"href":"https:\/\/petmobile.ca\/fr\/wp-json\/wp\/v2\/pa_type-de-produit?post=38823"}],"curies":[{"name":"wp","href":"https:\/\/api.w.org\/{rel}","templated":true}]}}