{"id":38827,"date":"2021-01-27T12:02:47","date_gmt":"2021-01-27T17:04:26","guid":{"rendered":"https:\/\/petmobile.ca\/?post_type=product&#038;p=38827"},"modified":"2022-05-27T15:20:45","modified_gmt":"2022-05-27T20:20:45","slug":"jw-chompion-altere-en-caoutchouc","status":"publish","type":"product","link":"https:\/\/petmobile.ca\/fr\/produit\/jw-chompion-altere-en-caoutchouc\/","title":{"rendered":"JW Chompion <br> Alt\u00e8re en caoutchouc"},"content":{"rendered":"<p>JW Pet Chompion Rubber Dog Chew Toy exerce les dents et les m\u00e2choires comme les chiens en ont naturellement besoin. Les petits nubbins sur l'os aident \u00e0 nettoyer les dents de la plaque dentaire avant qu'elle ne forme du tartre. Sans oublier, le jouet \u00e0 m\u00e2cher pour chien en caoutchouc JW Pet Chompion est tr\u00e8s amusant.<\/p>\n<p>6 \u201d x 3 \u201d x 3 \u201d<\/p>\n","protected":false},"excerpt":{"rendered":"<p>JW Pet Chompion Rubber Dog Chew Toy exerce les dents et les m\u00e2choires comme les chiens en ont naturellement besoin.<\/p>\n","protected":false},"featured_media":38826,"comment_status":"closed","ping_status":"closed","template":"","meta":[],"product_brand":[],"product_cat":[1117,1109,1120],"product_tag":[],"pa_animal":[1848],"pa_couleur":[2415,2498,2227],"pa_duration":[],"pa_format":[2096],"pa_marque":[2480],"pa_type-de-produit":[2440],"class_list":{"0":"post-38827","1":"product","2":"type-product","3":"status-publish","4":"has-post-thumbnail","6":"product_cat-chien-accessoires","7":"product_cat-nourriture-et-produits-pour-chien","8":"product_cat-chien-accessoires-jouets","9":"pa_animal-chien","10":"pa_couleur-bleu","11":"pa_couleur-orange-fr","12":"pa_couleur-vert","13":"pa_format-moyen-fr","14":"pa_marque-jw-fr","15":"pa_type-de-produit-jouet","16":"has-subscription-plans","18":"first","19":"instock","20":"taxable","21":"shipping-taxable","22":"purchasable","23":"product-type-variable"},"aioseo_notices":[],"_links":{"self":[{"href":"https:\/\/petmobile.ca\/fr\/wp-json\/wp\/v2\/product\/38827","targetHints":{"allow":["GET"]}}],"collection":[{"href":"https:\/\/petmobile.ca\/fr\/wp-json\/wp\/v2\/product"}],"about":[{"href":"https:\/\/petmobile.ca\/fr\/wp-json\/wp\/v2\/types\/product"}],"replies":[{"embeddable":true,"href":"https:\/\/petmobile.ca\/fr\/wp-json\/wp\/v2\/comments?post=38827"}],"wp:featuredmedia":[{"embeddable":true,"href":"https:\/\/petmobile.ca\/fr\/wp-json\/wp\/v2\/media\/38826"}],"wp:attachment":[{"href":"https:\/\/petmobile.ca\/fr\/wp-json\/wp\/v2\/media?parent=38827"}],"wp:term":[{"taxonomy":"product_brand","embeddable":true,"href":"https:\/\/petmobile.ca\/fr\/wp-json\/wp\/v2\/product_brand?post=38827"},{"taxonomy":"product_cat","embeddable":true,"href":"https:\/\/petmobile.ca\/fr\/wp-json\/wp\/v2\/product_cat?post=38827"},{"taxonomy":"product_tag","embeddable":true,"href":"https:\/\/petmobile.ca\/fr\/wp-json\/wp\/v2\/product_tag?post=38827"},{"taxonomy":"pa_animal","embeddable":true,"href":"https:\/\/petmobile.ca\/fr\/wp-json\/wp\/v2\/pa_animal?post=38827"},{"taxonomy":"pa_couleur","embeddable":true,"href":"https:\/\/petmobile.ca\/fr\/wp-json\/wp\/v2\/pa_couleur?post=38827"},{"taxonomy":"pa_duration","embeddable":true,"href":"https:\/\/petmobile.ca\/fr\/wp-json\/wp\/v2\/pa_duration?post=38827"},{"taxonomy":"pa_format","embeddable":true,"href":"https:\/\/petmobile.ca\/fr\/wp-json\/wp\/v2\/pa_format?post=38827"},{"taxonomy":"pa_marque","embeddable":true,"href":"https:\/\/petmobile.ca\/fr\/wp-json\/wp\/v2\/pa_marque?post=38827"},{"taxonomy":"pa_type-de-produit","embeddable":true,"href":"https:\/\/petmobile.ca\/fr\/wp-json\/wp\/v2\/pa_type-de-produit?post=38827"}],"curies":[{"name":"wp","href":"https:\/\/api.w.org\/{rel}","templated":true}]}}