{"id":38874,"date":"2021-01-27T15:58:20","date_gmt":"2021-01-27T20:58:20","guid":{"rendered":"https:\/\/petmobile.ca\/?post_type=product&#038;p=38874"},"modified":"2026-01-20T16:57:14","modified_gmt":"2026-01-20T21:57:14","slug":"bellerive-queues-de-veau","status":"publish","type":"product","link":"https:\/\/petmobile.ca\/fr\/produit\/bellerive-queues-de-veau\/","title":{"rendered":"Bellerive <br> Queues de Veau"},"content":{"rendered":"<p>10 par paquet.<\/p>\n<p>Les queues de veau servent de g\u00e2teries parfaites pour les chiens de toutes tailles, afin de les garder heureux et en sant\u00e9. Ces g\u00e2teries ne contiennent aucuns agents de conservation et sont libres de toutes sortes d'ingr\u00e9dients nocifs, fait \u00e0 100% de b\u0153uf qu\u00e9b\u00e9cois.<\/p>\n<p>Cons\u00e9quemment, m\u00e2cher ces queues offre \u00e0 votre chien un massage des gencives qui am\u00e9liorera sa sant\u00e9 buccale. Ces g\u00e2teries durent pour les chiens de petites et moyennes tailles, donc si vous cherchez quelque chose qui gardera votre chien occup\u00e9 pendant que vous \u00eates \u00e0 l'ext\u00e9rieur, ces morceaux vous conviendront parfaitement.<\/p>\n<p><u>10 par paquet.<\/u><\/p>\n","protected":false},"excerpt":{"rendered":"<p>10 par paquet. Les queues de veau servent de g\u00e2teries parfaites pour les chiens de toutes tailles, afin de les<\/p>\n","protected":false},"featured_media":38873,"comment_status":"closed","ping_status":"closed","template":"","meta":[],"product_brand":[],"product_cat":[1109,1114],"product_tag":[],"pa_animal":[1848],"pa_couleur":[],"pa_duration":[],"pa_format":[],"pa_marque":[2546],"pa_type-de-produit":[2547],"class_list":{"0":"post-38874","1":"product","2":"type-product","3":"status-publish","4":"has-post-thumbnail","6":"product_cat-nourriture-et-produits-pour-chien","7":"product_cat-chien-gateries-os-cuir-brut-parties-animales","8":"pa_animal-chien","9":"pa_marque-produits-bellerive","10":"pa_type-de-produit-viande","11":"has-subscription-plans","13":"first","14":"instock","15":"taxable","16":"shipping-taxable","17":"purchasable","18":"product-type-simple"},"aioseo_notices":[],"_links":{"self":[{"href":"https:\/\/petmobile.ca\/fr\/wp-json\/wp\/v2\/product\/38874","targetHints":{"allow":["GET"]}}],"collection":[{"href":"https:\/\/petmobile.ca\/fr\/wp-json\/wp\/v2\/product"}],"about":[{"href":"https:\/\/petmobile.ca\/fr\/wp-json\/wp\/v2\/types\/product"}],"replies":[{"embeddable":true,"href":"https:\/\/petmobile.ca\/fr\/wp-json\/wp\/v2\/comments?post=38874"}],"wp:featuredmedia":[{"embeddable":true,"href":"https:\/\/petmobile.ca\/fr\/wp-json\/wp\/v2\/media\/38873"}],"wp:attachment":[{"href":"https:\/\/petmobile.ca\/fr\/wp-json\/wp\/v2\/media?parent=38874"}],"wp:term":[{"taxonomy":"product_brand","embeddable":true,"href":"https:\/\/petmobile.ca\/fr\/wp-json\/wp\/v2\/product_brand?post=38874"},{"taxonomy":"product_cat","embeddable":true,"href":"https:\/\/petmobile.ca\/fr\/wp-json\/wp\/v2\/product_cat?post=38874"},{"taxonomy":"product_tag","embeddable":true,"href":"https:\/\/petmobile.ca\/fr\/wp-json\/wp\/v2\/product_tag?post=38874"},{"taxonomy":"pa_animal","embeddable":true,"href":"https:\/\/petmobile.ca\/fr\/wp-json\/wp\/v2\/pa_animal?post=38874"},{"taxonomy":"pa_couleur","embeddable":true,"href":"https:\/\/petmobile.ca\/fr\/wp-json\/wp\/v2\/pa_couleur?post=38874"},{"taxonomy":"pa_duration","embeddable":true,"href":"https:\/\/petmobile.ca\/fr\/wp-json\/wp\/v2\/pa_duration?post=38874"},{"taxonomy":"pa_format","embeddable":true,"href":"https:\/\/petmobile.ca\/fr\/wp-json\/wp\/v2\/pa_format?post=38874"},{"taxonomy":"pa_marque","embeddable":true,"href":"https:\/\/petmobile.ca\/fr\/wp-json\/wp\/v2\/pa_marque?post=38874"},{"taxonomy":"pa_type-de-produit","embeddable":true,"href":"https:\/\/petmobile.ca\/fr\/wp-json\/wp\/v2\/pa_type-de-produit?post=38874"}],"curies":[{"name":"wp","href":"https:\/\/api.w.org\/{rel}","templated":true}]}}