{"id":38934,"date":"2021-01-30T12:34:44","date_gmt":"2021-01-30T17:35:47","guid":{"rendered":"https:\/\/petmobile.ca\/?post_type=product&#038;p=38934"},"modified":"2021-12-23T09:53:09","modified_gmt":"2021-12-23T14:53:09","slug":"van-ness-pelle-a-litiere","status":"publish","type":"product","link":"https:\/\/petmobile.ca\/fr\/produit\/van-ness-pelle-a-litiere\/","title":{"rendered":"Van Ness <br> Pelle \u00e0 liti\u00e8re"},"content":{"rendered":"<div data-templateid=\"ProductDescription\">\n<div class=\"row\">\n<div class=\"col-xs-12 col-lg-offset-1 col-lg-10\">\n<div class=\"row\">\n<div class=\"col-xs-12\">\n<div>\n<div class=\"rich-text\">Cette pelle est construite avec 20% de mat\u00e9riaux recycl\u00e9s. Elle est solide et anti-taches, pour faciliter le nettoyage de la liti\u00e8re de votre chat tout en gardant vos distances. Fabriqu\u00e9 aux \u00c9tats-Unis.<\/div>\n<\/div>\n<\/div>\n<\/div>\n<div class=\"row\"><\/div>\n<div class=\"row\"><\/div>\n<\/div>\n<\/div>\n<\/div>\n<div id=\"product-additional-information\" data-oc-controller=\"Product.AdditionalInformation\" data-context=\"{&quot;ActiveAdditionalInformation&quot;:[],&quot;ProductAdditionalInformation&quot;:[],&quot;VariantAdditionalInformation&quot;:{}}\">\n<div class=\"specs  row\" data-templateid=\"ProductAdditionalInformation\"><\/div>\n<\/div>\n<div data-oc-controller=\"Product.ProductSpecifications\" data-context=\"{&quot;productId&quot;:&quot;1005372&quot;,&quot;variantId&quot;:null}\">\n<div data-templateid=\"Attributes\">\n<div class=\"row\">\n<div class=\"col-lg-10  col-lg-offset-1\"><\/div>\n<\/div>\n<div class=\"row\">\n<div class=\"col-lg-10  col-lg-offset-1\"><\/div>\n<\/div>\n<div class=\"row\">\n<div class=\"col-lg-10  col-lg-offset-1\">\n<div class=\"row\">\n<div class=\"col-xs-12\"><\/div>\n<\/div>\n<\/div>\n<\/div>\n<\/div>\n<\/div>\n","protected":false},"excerpt":{"rendered":"<p>Cette pelle est construite avec 20% de mat\u00e9riaux recycl\u00e9s. Elle est solide et anti-taches, pour faciliter le nettoyage de la<\/p>\n","protected":false},"featured_media":38933,"comment_status":"closed","ping_status":"closed","template":"","meta":[],"product_brand":[],"product_cat":[1107,1092,1098],"product_tag":[],"pa_animal":[1847],"pa_couleur":[2415],"pa_duration":[],"pa_format":[],"pa_marque":[2550],"pa_type-de-produit":[2551],"class_list":{"0":"post-38934","1":"product","2":"type-product","3":"status-publish","4":"has-post-thumbnail","6":"product_cat-chat-proprete-accessoires-et-nettoyants","7":"product_cat-produits-pour-chat","8":"product_cat-chat-proprete","9":"pa_animal-chat","10":"pa_couleur-bleu","11":"pa_marque-van-ness-fr","12":"pa_type-de-produit-litiere","13":"has-subscription-plans","15":"first","16":"instock","17":"taxable","18":"shipping-taxable","19":"purchasable","20":"product-type-simple"},"aioseo_notices":[],"_links":{"self":[{"href":"https:\/\/petmobile.ca\/fr\/wp-json\/wp\/v2\/product\/38934","targetHints":{"allow":["GET"]}}],"collection":[{"href":"https:\/\/petmobile.ca\/fr\/wp-json\/wp\/v2\/product"}],"about":[{"href":"https:\/\/petmobile.ca\/fr\/wp-json\/wp\/v2\/types\/product"}],"replies":[{"embeddable":true,"href":"https:\/\/petmobile.ca\/fr\/wp-json\/wp\/v2\/comments?post=38934"}],"wp:featuredmedia":[{"embeddable":true,"href":"https:\/\/petmobile.ca\/fr\/wp-json\/wp\/v2\/media\/38933"}],"wp:attachment":[{"href":"https:\/\/petmobile.ca\/fr\/wp-json\/wp\/v2\/media?parent=38934"}],"wp:term":[{"taxonomy":"product_brand","embeddable":true,"href":"https:\/\/petmobile.ca\/fr\/wp-json\/wp\/v2\/product_brand?post=38934"},{"taxonomy":"product_cat","embeddable":true,"href":"https:\/\/petmobile.ca\/fr\/wp-json\/wp\/v2\/product_cat?post=38934"},{"taxonomy":"product_tag","embeddable":true,"href":"https:\/\/petmobile.ca\/fr\/wp-json\/wp\/v2\/product_tag?post=38934"},{"taxonomy":"pa_animal","embeddable":true,"href":"https:\/\/petmobile.ca\/fr\/wp-json\/wp\/v2\/pa_animal?post=38934"},{"taxonomy":"pa_couleur","embeddable":true,"href":"https:\/\/petmobile.ca\/fr\/wp-json\/wp\/v2\/pa_couleur?post=38934"},{"taxonomy":"pa_duration","embeddable":true,"href":"https:\/\/petmobile.ca\/fr\/wp-json\/wp\/v2\/pa_duration?post=38934"},{"taxonomy":"pa_format","embeddable":true,"href":"https:\/\/petmobile.ca\/fr\/wp-json\/wp\/v2\/pa_format?post=38934"},{"taxonomy":"pa_marque","embeddable":true,"href":"https:\/\/petmobile.ca\/fr\/wp-json\/wp\/v2\/pa_marque?post=38934"},{"taxonomy":"pa_type-de-produit","embeddable":true,"href":"https:\/\/petmobile.ca\/fr\/wp-json\/wp\/v2\/pa_type-de-produit?post=38934"}],"curies":[{"name":"wp","href":"https:\/\/api.w.org\/{rel}","templated":true}]}}