{"id":38944,"date":"2021-01-30T12:51:21","date_gmt":"2021-01-30T18:01:36","guid":{"rendered":"https:\/\/petmobile.ca\/?post_type=product&#038;p=38944"},"modified":"2023-10-06T12:44:50","modified_gmt":"2023-10-06T16:44:50","slug":"gulpy-h2o-a-emporter-bouteille-deau-et-abreuvoir","status":"publish","type":"product","link":"https:\/\/petmobile.ca\/fr\/produit\/gulpy-h2o-a-emporter-bouteille-deau-et-abreuvoir\/","title":{"rendered":"Gulpy <br> H2O \u00e0 Emporter &#8211; Bouteille d&rsquo;eau et abreuvoir"},"content":{"rendered":"<p><strong>L'abreuvoir Gulpy\u00a0<\/strong>est parfait pour les excursions pendant lesquelles votre chien pourrait avoir besoin d'une petite gorg\u00e9e d'eau. \u00c0 utiliser pour la randonn\u00e9e, le cyclisme, ou simplement pour la marche.<\/p>\n<p>Offre une attache simple et pratique pour votre ceinture ou votre pantalon, en plus d'\u00eatre d'un format id\u00e9al pour tenir dans le support \u00e0 bouteille d'eau de votre v\u00e9lo. Le design de la bouteille Gulpy vous permet de l'ouvrir rapidement, et de presser la bouteille pour donner \u00e0 votre chien la quantit\u00e9 d'eau dont il a besoin.<\/p>\n<p>Offert en deux formats. La couleur peut varier.<\/p>\n","protected":false},"excerpt":{"rendered":"<p>L&rsquo;abreuvoir Gulpy\u00a0est parfait pour les excursions pendant lesquelles votre chien pourrait avoir besoin d&rsquo;une petite gorg\u00e9e d&rsquo;eau. \u00c0 utiliser pour<\/p>\n","protected":false},"featured_media":38940,"comment_status":"closed","ping_status":"closed","template":"","meta":[],"product_brand":[],"product_cat":[1117,1119,1109],"product_tag":[],"pa_animal":[1848],"pa_couleur":[2415,2498,2227],"pa_duration":[],"pa_format":[2557,2558],"pa_marque":[2556],"pa_type-de-produit":[],"class_list":{"0":"post-38944","1":"product","2":"type-product","3":"status-publish","4":"has-post-thumbnail","6":"product_cat-chien-accessoires","7":"product_cat-chien-accessoires-bols-contenants-abreuvoirs","8":"product_cat-nourriture-et-produits-pour-chien","9":"pa_animal-chien","10":"pa_couleur-bleu","11":"pa_couleur-orange-fr","12":"pa_couleur-vert","13":"pa_format-10-oz-295-ml-fr","14":"pa_format-20-oz-590-ml-fr","15":"pa_marque-gulpy-fr","16":"has-subscription-plans","18":"first","19":"instock","20":"taxable","21":"shipping-taxable","22":"purchasable","23":"product-type-variable"},"aioseo_notices":[],"_links":{"self":[{"href":"https:\/\/petmobile.ca\/fr\/wp-json\/wp\/v2\/product\/38944","targetHints":{"allow":["GET"]}}],"collection":[{"href":"https:\/\/petmobile.ca\/fr\/wp-json\/wp\/v2\/product"}],"about":[{"href":"https:\/\/petmobile.ca\/fr\/wp-json\/wp\/v2\/types\/product"}],"replies":[{"embeddable":true,"href":"https:\/\/petmobile.ca\/fr\/wp-json\/wp\/v2\/comments?post=38944"}],"wp:featuredmedia":[{"embeddable":true,"href":"https:\/\/petmobile.ca\/fr\/wp-json\/wp\/v2\/media\/38940"}],"wp:attachment":[{"href":"https:\/\/petmobile.ca\/fr\/wp-json\/wp\/v2\/media?parent=38944"}],"wp:term":[{"taxonomy":"product_brand","embeddable":true,"href":"https:\/\/petmobile.ca\/fr\/wp-json\/wp\/v2\/product_brand?post=38944"},{"taxonomy":"product_cat","embeddable":true,"href":"https:\/\/petmobile.ca\/fr\/wp-json\/wp\/v2\/product_cat?post=38944"},{"taxonomy":"product_tag","embeddable":true,"href":"https:\/\/petmobile.ca\/fr\/wp-json\/wp\/v2\/product_tag?post=38944"},{"taxonomy":"pa_animal","embeddable":true,"href":"https:\/\/petmobile.ca\/fr\/wp-json\/wp\/v2\/pa_animal?post=38944"},{"taxonomy":"pa_couleur","embeddable":true,"href":"https:\/\/petmobile.ca\/fr\/wp-json\/wp\/v2\/pa_couleur?post=38944"},{"taxonomy":"pa_duration","embeddable":true,"href":"https:\/\/petmobile.ca\/fr\/wp-json\/wp\/v2\/pa_duration?post=38944"},{"taxonomy":"pa_format","embeddable":true,"href":"https:\/\/petmobile.ca\/fr\/wp-json\/wp\/v2\/pa_format?post=38944"},{"taxonomy":"pa_marque","embeddable":true,"href":"https:\/\/petmobile.ca\/fr\/wp-json\/wp\/v2\/pa_marque?post=38944"},{"taxonomy":"pa_type-de-produit","embeddable":true,"href":"https:\/\/petmobile.ca\/fr\/wp-json\/wp\/v2\/pa_type-de-produit?post=38944"}],"curies":[{"name":"wp","href":"https:\/\/api.w.org\/{rel}","templated":true}]}}