{"id":38951,"date":"2021-01-30T13:15:13","date_gmt":"2021-01-30T18:28:04","guid":{"rendered":"https:\/\/petmobile.ca\/?post_type=product&#038;p=38951"},"modified":"2021-12-23T09:51:12","modified_gmt":"2021-12-23T14:51:12","slug":"encore-classic-nourriture-pour-lapins-fortifiee-en-vitamines","status":"publish","type":"product","link":"https:\/\/petmobile.ca\/fr\/produit\/encore-classic-nourriture-pour-lapins-fortifiee-en-vitamines\/","title":{"rendered":"ENCORE Classic <br> Nourriture pour lapins fortifi\u00e9e en vitamines"},"content":{"rendered":"<p>La nourriture pour lapins naturelle Encore de Brown's est sp\u00e9cialement pr\u00e9par\u00e9e pour offrir une exp\u00e9rience savoureuses des lapins de compagnie. Ce r\u00e9gime quotidien est un m\u00e9lange sain et naturel d'ingr\u00e9dients avec teneur \u00e9lev\u00e9e en fibres pour aider \u00e0 la digestion. La vari\u00e9t\u00e9 attrayante de formes, de saveurs et de textures encourage les comportements naturels et satisfait le besoin de mastication, ce qui aide \u00e0 att\u00e9nuer l'ennui caus\u00e9 par la vie en cage. Les biscuits ZOO-Vital fournissent des bact\u00e9ries b\u00e9n\u00e9fiques pour une digestion optimale et des nutriments essentiels pour le bien-\u00eatre de votre compagnon.<\/p>\n<ul>\n<li>Naturel, avec vitamines et min\u00e9raux<\/li>\n<li>Teneur \u00e9lev\u00e9e en fibres pour une digestion optimale<\/li>\n<li>La vari\u00e9t\u00e9 unique de formes, de textures et de densit\u00e9 de biscuits offre une activit\u00e9 physique essentielle, ainsi qu'un entretien des dents et des gencives<\/li>\n<li>Fourni des bact\u00e9ries essentielles \u00e0 une digestion saine<\/li>\n<li>Satisfait le besoin naturel de mastiquer et de partir en qu\u00eate de nourriture<\/li>\n<\/ul>\n<p>&nbsp;<\/p>\n<p>Assembl\u00e9 dans un \u00e9tablissement qui traite des crevettes, des arachides et d'autre noix. Non ad\u00e9quat pour la consommation humaine.<\/p>\n","protected":false},"excerpt":{"rendered":"<p>La nourriture pour lapins naturelle Encore de Brown&rsquo;s est sp\u00e9cialement pr\u00e9par\u00e9e pour offrir une exp\u00e9rience savoureuses des lapins de compagnie.<\/p>\n","protected":false},"featured_media":38950,"comment_status":"closed","ping_status":"closed","template":"","meta":[],"product_brand":[],"product_cat":[1132,1134,1133],"product_tag":[],"pa_animal":[],"pa_couleur":[],"pa_duration":[],"pa_format":[2562],"pa_marque":[2563],"pa_type-de-produit":[1849],"class_list":{"0":"post-38951","1":"product","2":"type-product","3":"status-publish","4":"has-post-thumbnail","6":"product_cat-produits-pour-petit-animal","7":"product_cat-autre-animal-petit-nourriture","8":"product_cat-autre-animal-petit-animal","9":"pa_format-4-lbs-fr","10":"pa_marque-browns-fr","11":"pa_type-de-produit-nourriture-seche","12":"has-subscription-plans","14":"first","15":"instock","16":"taxable","17":"shipping-taxable","18":"purchasable","19":"product-type-simple"},"aioseo_notices":[],"_links":{"self":[{"href":"https:\/\/petmobile.ca\/fr\/wp-json\/wp\/v2\/product\/38951","targetHints":{"allow":["GET"]}}],"collection":[{"href":"https:\/\/petmobile.ca\/fr\/wp-json\/wp\/v2\/product"}],"about":[{"href":"https:\/\/petmobile.ca\/fr\/wp-json\/wp\/v2\/types\/product"}],"replies":[{"embeddable":true,"href":"https:\/\/petmobile.ca\/fr\/wp-json\/wp\/v2\/comments?post=38951"}],"wp:featuredmedia":[{"embeddable":true,"href":"https:\/\/petmobile.ca\/fr\/wp-json\/wp\/v2\/media\/38950"}],"wp:attachment":[{"href":"https:\/\/petmobile.ca\/fr\/wp-json\/wp\/v2\/media?parent=38951"}],"wp:term":[{"taxonomy":"product_brand","embeddable":true,"href":"https:\/\/petmobile.ca\/fr\/wp-json\/wp\/v2\/product_brand?post=38951"},{"taxonomy":"product_cat","embeddable":true,"href":"https:\/\/petmobile.ca\/fr\/wp-json\/wp\/v2\/product_cat?post=38951"},{"taxonomy":"product_tag","embeddable":true,"href":"https:\/\/petmobile.ca\/fr\/wp-json\/wp\/v2\/product_tag?post=38951"},{"taxonomy":"pa_animal","embeddable":true,"href":"https:\/\/petmobile.ca\/fr\/wp-json\/wp\/v2\/pa_animal?post=38951"},{"taxonomy":"pa_couleur","embeddable":true,"href":"https:\/\/petmobile.ca\/fr\/wp-json\/wp\/v2\/pa_couleur?post=38951"},{"taxonomy":"pa_duration","embeddable":true,"href":"https:\/\/petmobile.ca\/fr\/wp-json\/wp\/v2\/pa_duration?post=38951"},{"taxonomy":"pa_format","embeddable":true,"href":"https:\/\/petmobile.ca\/fr\/wp-json\/wp\/v2\/pa_format?post=38951"},{"taxonomy":"pa_marque","embeddable":true,"href":"https:\/\/petmobile.ca\/fr\/wp-json\/wp\/v2\/pa_marque?post=38951"},{"taxonomy":"pa_type-de-produit","embeddable":true,"href":"https:\/\/petmobile.ca\/fr\/wp-json\/wp\/v2\/pa_type-de-produit?post=38951"}],"curies":[{"name":"wp","href":"https:\/\/api.w.org\/{rel}","templated":true}]}}