{"id":38996,"date":"2021-02-02T15:25:56","date_gmt":"2021-02-02T20:27:43","guid":{"rendered":"https:\/\/petmobile.ca\/?post_type=product&#038;p=38996"},"modified":"2021-12-23T09:47:02","modified_gmt":"2021-12-23T14:47:02","slug":"perky-pet-mangeoire-a-colibris-avec-nectar","status":"publish","type":"product","link":"https:\/\/petmobile.ca\/fr\/produit\/perky-pet-mangeoire-a-colibris-avec-nectar\/","title":{"rendered":"Perky-Pet <br> Mangeoire \u00e0 colibris avec nectar"},"content":{"rendered":"<p>Cette mangeoire \u00e0 colibris est dot\u00e9e d'un grand goulot facilitant le remplissage et d'une base se d\u00e9tachant pour un nettoyage facile. La mangeoire est dot\u00e9e d'un pare-abeilles et d'une cavit\u00e9 antifourmis afin que seuls les colibris aient acc\u00e8s au nectar. Elle poss\u00e8de une capacit\u00e9 de 8 oz et 4 orifices d'alimentation se trouvant sur la base. Un sachet de nectar de 1,3 oz est inclus.<\/p>\n","protected":false},"excerpt":{"rendered":"<p>Cette mangeoire \u00e0 colibris est dot\u00e9e d&rsquo;un grand goulot facilitant le remplissage et d&rsquo;une base se d\u00e9tachant pour un nettoyage<\/p>\n","protected":false},"featured_media":38995,"comment_status":"closed","ping_status":"closed","template":"","meta":[],"product_brand":[],"product_cat":[1125],"product_tag":[],"pa_animal":[],"pa_couleur":[2228],"pa_duration":[],"pa_format":[],"pa_marque":[2579],"pa_type-de-produit":[2580],"class_list":{"0":"post-38996","1":"product","2":"type-product","3":"status-publish","4":"has-post-thumbnail","6":"product_cat-oiseau","7":"pa_couleur-rouge","8":"pa_marque-perky-pet-fr","9":"pa_type-de-produit-mangeoire","10":"has-subscription-plans","12":"first","13":"instock","14":"taxable","15":"shipping-taxable","16":"purchasable","17":"product-type-simple"},"aioseo_notices":[],"_links":{"self":[{"href":"https:\/\/petmobile.ca\/fr\/wp-json\/wp\/v2\/product\/38996","targetHints":{"allow":["GET"]}}],"collection":[{"href":"https:\/\/petmobile.ca\/fr\/wp-json\/wp\/v2\/product"}],"about":[{"href":"https:\/\/petmobile.ca\/fr\/wp-json\/wp\/v2\/types\/product"}],"replies":[{"embeddable":true,"href":"https:\/\/petmobile.ca\/fr\/wp-json\/wp\/v2\/comments?post=38996"}],"wp:featuredmedia":[{"embeddable":true,"href":"https:\/\/petmobile.ca\/fr\/wp-json\/wp\/v2\/media\/38995"}],"wp:attachment":[{"href":"https:\/\/petmobile.ca\/fr\/wp-json\/wp\/v2\/media?parent=38996"}],"wp:term":[{"taxonomy":"product_brand","embeddable":true,"href":"https:\/\/petmobile.ca\/fr\/wp-json\/wp\/v2\/product_brand?post=38996"},{"taxonomy":"product_cat","embeddable":true,"href":"https:\/\/petmobile.ca\/fr\/wp-json\/wp\/v2\/product_cat?post=38996"},{"taxonomy":"product_tag","embeddable":true,"href":"https:\/\/petmobile.ca\/fr\/wp-json\/wp\/v2\/product_tag?post=38996"},{"taxonomy":"pa_animal","embeddable":true,"href":"https:\/\/petmobile.ca\/fr\/wp-json\/wp\/v2\/pa_animal?post=38996"},{"taxonomy":"pa_couleur","embeddable":true,"href":"https:\/\/petmobile.ca\/fr\/wp-json\/wp\/v2\/pa_couleur?post=38996"},{"taxonomy":"pa_duration","embeddable":true,"href":"https:\/\/petmobile.ca\/fr\/wp-json\/wp\/v2\/pa_duration?post=38996"},{"taxonomy":"pa_format","embeddable":true,"href":"https:\/\/petmobile.ca\/fr\/wp-json\/wp\/v2\/pa_format?post=38996"},{"taxonomy":"pa_marque","embeddable":true,"href":"https:\/\/petmobile.ca\/fr\/wp-json\/wp\/v2\/pa_marque?post=38996"},{"taxonomy":"pa_type-de-produit","embeddable":true,"href":"https:\/\/petmobile.ca\/fr\/wp-json\/wp\/v2\/pa_type-de-produit?post=38996"}],"curies":[{"name":"wp","href":"https:\/\/api.w.org\/{rel}","templated":true}]}}