{"id":39010,"date":"2021-02-03T09:04:43","date_gmt":"2021-02-03T14:09:05","guid":{"rendered":"https:\/\/petmobile.ca\/?post_type=product&#038;p=39010"},"modified":"2021-12-23T09:45:04","modified_gmt":"2021-12-23T14:45:04","slug":"outward-hound-transporteur-pour-chien-en-bandouliere-avec-attache-interieure-pour-harnais","status":"publish","type":"product","link":"https:\/\/petmobile.ca\/fr\/produit\/outward-hound-transporteur-pour-chien-en-bandouliere-avec-attache-interieure-pour-harnais\/","title":{"rendered":"Outward Hound <br> Transporteur pour chien en bandouli\u00e8re avec attache int\u00e9rieure pour harnais"},"content":{"rendered":"<p>Le sac \u00e0 bandouli\u00e8re PoochPouch de Outward Hound permet de transporter des chiens de fa\u00e7on confortable, s\u00e9curitaire et facile. Il comprend une courroie d'\u00e9paule ajustable, une attache \u00e0 harnais de s\u00e9curit\u00e9, ainsi qu'une petite poche pour ranger des items essentiels. Ce sac est fait de mat\u00e9riel r\u00e9sistant \u00e0 l'eau. La poche mesure 25'' x 13'' x 3'' et convient aux chiens pesant jusqu'\u00e0 15 livres.<\/p>\n","protected":false},"excerpt":{"rendered":"<p>Le sac \u00e0 bandouli\u00e8re PoochPouch de Outward Hound permet de transporter des chiens de fa\u00e7on confortable, s\u00e9curitaire et facile. Il<\/p>\n","protected":false},"featured_media":39008,"comment_status":"closed","ping_status":"closed","template":"","meta":[],"product_brand":[],"product_cat":[1117,1109,1118],"product_tag":[],"pa_animal":[1848],"pa_couleur":[2415],"pa_duration":[],"pa_format":[],"pa_marque":[2582],"pa_type-de-produit":[],"class_list":{"0":"post-39010","1":"product","2":"type-product","3":"status-publish","4":"has-post-thumbnail","6":"product_cat-chien-accessoires","7":"product_cat-nourriture-et-produits-pour-chien","8":"product_cat-chien-accessoires-laisse-collier-harnais","9":"pa_animal-chien","10":"pa_couleur-bleu","11":"pa_marque-outward-hound-fr","12":"has-subscription-plans","14":"first","15":"instock","16":"taxable","17":"shipping-taxable","18":"purchasable","19":"product-type-simple"},"aioseo_notices":[],"_links":{"self":[{"href":"https:\/\/petmobile.ca\/fr\/wp-json\/wp\/v2\/product\/39010","targetHints":{"allow":["GET"]}}],"collection":[{"href":"https:\/\/petmobile.ca\/fr\/wp-json\/wp\/v2\/product"}],"about":[{"href":"https:\/\/petmobile.ca\/fr\/wp-json\/wp\/v2\/types\/product"}],"replies":[{"embeddable":true,"href":"https:\/\/petmobile.ca\/fr\/wp-json\/wp\/v2\/comments?post=39010"}],"wp:featuredmedia":[{"embeddable":true,"href":"https:\/\/petmobile.ca\/fr\/wp-json\/wp\/v2\/media\/39008"}],"wp:attachment":[{"href":"https:\/\/petmobile.ca\/fr\/wp-json\/wp\/v2\/media?parent=39010"}],"wp:term":[{"taxonomy":"product_brand","embeddable":true,"href":"https:\/\/petmobile.ca\/fr\/wp-json\/wp\/v2\/product_brand?post=39010"},{"taxonomy":"product_cat","embeddable":true,"href":"https:\/\/petmobile.ca\/fr\/wp-json\/wp\/v2\/product_cat?post=39010"},{"taxonomy":"product_tag","embeddable":true,"href":"https:\/\/petmobile.ca\/fr\/wp-json\/wp\/v2\/product_tag?post=39010"},{"taxonomy":"pa_animal","embeddable":true,"href":"https:\/\/petmobile.ca\/fr\/wp-json\/wp\/v2\/pa_animal?post=39010"},{"taxonomy":"pa_couleur","embeddable":true,"href":"https:\/\/petmobile.ca\/fr\/wp-json\/wp\/v2\/pa_couleur?post=39010"},{"taxonomy":"pa_duration","embeddable":true,"href":"https:\/\/petmobile.ca\/fr\/wp-json\/wp\/v2\/pa_duration?post=39010"},{"taxonomy":"pa_format","embeddable":true,"href":"https:\/\/petmobile.ca\/fr\/wp-json\/wp\/v2\/pa_format?post=39010"},{"taxonomy":"pa_marque","embeddable":true,"href":"https:\/\/petmobile.ca\/fr\/wp-json\/wp\/v2\/pa_marque?post=39010"},{"taxonomy":"pa_type-de-produit","embeddable":true,"href":"https:\/\/petmobile.ca\/fr\/wp-json\/wp\/v2\/pa_type-de-produit?post=39010"}],"curies":[{"name":"wp","href":"https:\/\/api.w.org\/{rel}","templated":true}]}}