{"id":39016,"date":"2021-02-03T09:25:34","date_gmt":"2021-02-03T14:30:18","guid":{"rendered":"https:\/\/petmobile.ca\/?post_type=product&#038;p=39016"},"modified":"2021-12-23T09:44:06","modified_gmt":"2021-12-23T14:44:06","slug":"solvit-smartfit-hammac-protecteur-etanche-pour-sieges-de-voiture","status":"publish","type":"product","link":"https:\/\/petmobile.ca\/fr\/produit\/solvit-smartfit-hammac-protecteur-etanche-pour-sieges-de-voiture\/","title":{"rendered":"Solvit Smartfit <br> Hammac protecteur \u00e9tanche pour si\u00e8ges de voiture"},"content":{"rendered":"<p>Ce Protecteur de Si\u00e8ge Hamac versatile prot\u00e8ge le si\u00e8ge et le plancher arri\u00e8re des salet\u00e9s, pellicules et fuites tout en servant de barri\u00e8re. Ce produit Solvit est fait de polyester robuste imperm\u00e9able pour des ann\u00e9es d'utilisation. Les multiples courroies \u00e9lastiques et un dispositif Sta-Put maintiennent cette couverture en place dans tout les v\u00e9hicules munis d'un appuie-t\u00eate.<\/p>\n","protected":false},"excerpt":{"rendered":"<p>Ce Protecteur de Si\u00e8ge Hamac versatile prot\u00e8ge le si\u00e8ge et le plancher arri\u00e8re des salet\u00e9s, pellicules et fuites tout en<\/p>\n","protected":false},"featured_media":39015,"comment_status":"closed","ping_status":"closed","template":"","meta":[],"product_brand":[],"product_cat":[1117,1109,1118],"product_tag":[],"pa_animal":[1848],"pa_couleur":[2227],"pa_duration":[],"pa_format":[],"pa_marque":[2584],"pa_type-de-produit":[],"class_list":{"0":"post-39016","1":"product","2":"type-product","3":"status-publish","4":"has-post-thumbnail","6":"product_cat-chien-accessoires","7":"product_cat-nourriture-et-produits-pour-chien","8":"product_cat-chien-accessoires-laisse-collier-harnais","9":"pa_animal-chien","10":"pa_couleur-vert","11":"pa_marque-solvit-fr","12":"has-subscription-plans","14":"first","15":"instock","16":"taxable","17":"shipping-taxable","18":"purchasable","19":"product-type-simple"},"aioseo_notices":[],"_links":{"self":[{"href":"https:\/\/petmobile.ca\/fr\/wp-json\/wp\/v2\/product\/39016","targetHints":{"allow":["GET"]}}],"collection":[{"href":"https:\/\/petmobile.ca\/fr\/wp-json\/wp\/v2\/product"}],"about":[{"href":"https:\/\/petmobile.ca\/fr\/wp-json\/wp\/v2\/types\/product"}],"replies":[{"embeddable":true,"href":"https:\/\/petmobile.ca\/fr\/wp-json\/wp\/v2\/comments?post=39016"}],"wp:featuredmedia":[{"embeddable":true,"href":"https:\/\/petmobile.ca\/fr\/wp-json\/wp\/v2\/media\/39015"}],"wp:attachment":[{"href":"https:\/\/petmobile.ca\/fr\/wp-json\/wp\/v2\/media?parent=39016"}],"wp:term":[{"taxonomy":"product_brand","embeddable":true,"href":"https:\/\/petmobile.ca\/fr\/wp-json\/wp\/v2\/product_brand?post=39016"},{"taxonomy":"product_cat","embeddable":true,"href":"https:\/\/petmobile.ca\/fr\/wp-json\/wp\/v2\/product_cat?post=39016"},{"taxonomy":"product_tag","embeddable":true,"href":"https:\/\/petmobile.ca\/fr\/wp-json\/wp\/v2\/product_tag?post=39016"},{"taxonomy":"pa_animal","embeddable":true,"href":"https:\/\/petmobile.ca\/fr\/wp-json\/wp\/v2\/pa_animal?post=39016"},{"taxonomy":"pa_couleur","embeddable":true,"href":"https:\/\/petmobile.ca\/fr\/wp-json\/wp\/v2\/pa_couleur?post=39016"},{"taxonomy":"pa_duration","embeddable":true,"href":"https:\/\/petmobile.ca\/fr\/wp-json\/wp\/v2\/pa_duration?post=39016"},{"taxonomy":"pa_format","embeddable":true,"href":"https:\/\/petmobile.ca\/fr\/wp-json\/wp\/v2\/pa_format?post=39016"},{"taxonomy":"pa_marque","embeddable":true,"href":"https:\/\/petmobile.ca\/fr\/wp-json\/wp\/v2\/pa_marque?post=39016"},{"taxonomy":"pa_type-de-produit","embeddable":true,"href":"https:\/\/petmobile.ca\/fr\/wp-json\/wp\/v2\/pa_type-de-produit?post=39016"}],"curies":[{"name":"wp","href":"https:\/\/api.w.org\/{rel}","templated":true}]}}