{"id":39028,"date":"2021-02-03T10:28:13","date_gmt":"2021-02-03T15:28:13","guid":{"rendered":"https:\/\/petmobile.ca\/?post_type=product&#038;p=39028"},"modified":"2023-01-19T11:42:55","modified_gmt":"2023-01-19T16:42:55","slug":"natures-miracle-eliminateur-de-taches-et-dodeurs","status":"publish","type":"product","link":"https:\/\/petmobile.ca\/fr\/produit\/natures-miracle-eliminateur-de-taches-et-dodeurs\/","title":{"rendered":"Nature&rsquo;s Miracle <br> \u00c9liminateur de taches et d&rsquo;odeurs"},"content":{"rendered":"<p><strong>L'\u00e9liminateur de taches et d'odeurs \u00e0 formule enzymatique naturelle Nature's Miracle<\/strong> aide \u00e0 \u00e9liminer les taches et les odeurs caus\u00e9es par les chiots et les chiens. Il nettoie les accidents d'urine et de mati\u00e8res f\u00e9cales, les aliments, la bave, les taches et les odeurs de literie de chiens, ainsi que tous les autres d\u00e9g\u00e2ts tenaces. Lorsqu'il est utilis\u00e9 conform\u00e9ment au mode d'emploi, ce produit agit \u00e9galement sur les vieilles taches et odeurs incrust\u00e9es profond\u00e9ment. Usage s\u00e9curitaire dans la maison et pr\u00e8s des animaux lorsque le mode d'emploi est suivi.<\/p>\n<p><strong>Note : Non recommand\u00e9 pour les tissus sp\u00e9cialis\u00e9s en cuir, en su\u00e8de, en soie ou en laine.<\/strong><\/p>\n","protected":false},"excerpt":{"rendered":"<p>L&rsquo;\u00e9liminateur de taches et d&rsquo;odeurs \u00e0 formule enzymatique naturelle Nature&rsquo;s Miracle aide \u00e0 \u00e9liminer les taches et les odeurs caus\u00e9es<\/p>\n","protected":false},"featured_media":39026,"comment_status":"closed","ping_status":"closed","template":"","meta":[],"product_brand":[],"product_cat":[1109,1123,1122],"product_tag":[],"pa_animal":[1848,2101],"pa_couleur":[],"pa_duration":[],"pa_format":[2591,2592],"pa_marque":[2593],"pa_type-de-produit":[2594],"class_list":{"0":"post-39028","1":"product","2":"type-product","3":"status-publish","4":"has-post-thumbnail","6":"product_cat-nourriture-et-produits-pour-chien","7":"product_cat-chien-proprete-odeur-et-nettoyants","8":"product_cat-chien-proprete","9":"pa_animal-chien","10":"pa_animal-chiot-fr","11":"pa_format-32-oz-946-ml-fr","12":"pa_format-gallon-128-oz-3-78-l-fr","13":"pa_marque-natures-miracle-fr","14":"pa_type-de-produit-nettoyant","15":"has-subscription-plans","17":"first","18":"instock","19":"taxable","20":"shipping-taxable","21":"purchasable","22":"product-type-variable"},"aioseo_notices":[],"_links":{"self":[{"href":"https:\/\/petmobile.ca\/fr\/wp-json\/wp\/v2\/product\/39028","targetHints":{"allow":["GET"]}}],"collection":[{"href":"https:\/\/petmobile.ca\/fr\/wp-json\/wp\/v2\/product"}],"about":[{"href":"https:\/\/petmobile.ca\/fr\/wp-json\/wp\/v2\/types\/product"}],"replies":[{"embeddable":true,"href":"https:\/\/petmobile.ca\/fr\/wp-json\/wp\/v2\/comments?post=39028"}],"wp:featuredmedia":[{"embeddable":true,"href":"https:\/\/petmobile.ca\/fr\/wp-json\/wp\/v2\/media\/39026"}],"wp:attachment":[{"href":"https:\/\/petmobile.ca\/fr\/wp-json\/wp\/v2\/media?parent=39028"}],"wp:term":[{"taxonomy":"product_brand","embeddable":true,"href":"https:\/\/petmobile.ca\/fr\/wp-json\/wp\/v2\/product_brand?post=39028"},{"taxonomy":"product_cat","embeddable":true,"href":"https:\/\/petmobile.ca\/fr\/wp-json\/wp\/v2\/product_cat?post=39028"},{"taxonomy":"product_tag","embeddable":true,"href":"https:\/\/petmobile.ca\/fr\/wp-json\/wp\/v2\/product_tag?post=39028"},{"taxonomy":"pa_animal","embeddable":true,"href":"https:\/\/petmobile.ca\/fr\/wp-json\/wp\/v2\/pa_animal?post=39028"},{"taxonomy":"pa_couleur","embeddable":true,"href":"https:\/\/petmobile.ca\/fr\/wp-json\/wp\/v2\/pa_couleur?post=39028"},{"taxonomy":"pa_duration","embeddable":true,"href":"https:\/\/petmobile.ca\/fr\/wp-json\/wp\/v2\/pa_duration?post=39028"},{"taxonomy":"pa_format","embeddable":true,"href":"https:\/\/petmobile.ca\/fr\/wp-json\/wp\/v2\/pa_format?post=39028"},{"taxonomy":"pa_marque","embeddable":true,"href":"https:\/\/petmobile.ca\/fr\/wp-json\/wp\/v2\/pa_marque?post=39028"},{"taxonomy":"pa_type-de-produit","embeddable":true,"href":"https:\/\/petmobile.ca\/fr\/wp-json\/wp\/v2\/pa_type-de-produit?post=39028"}],"curies":[{"name":"wp","href":"https:\/\/api.w.org\/{rel}","templated":true}]}}