{"id":39044,"date":"2021-02-03T12:19:04","date_gmt":"2021-02-03T17:20:16","guid":{"rendered":"https:\/\/petmobile.ca\/?post_type=product&#038;p=39044"},"modified":"2021-12-23T09:41:06","modified_gmt":"2021-12-23T14:41:06","slug":"hunter-manteau-en-cuirette-noire","status":"publish","type":"product","link":"https:\/\/petmobile.ca\/fr\/produit\/hunter-manteau-en-cuirette-noire\/","title":{"rendered":"HUNTER <br> Manteau en cuirette noire"},"content":{"rendered":"<p>Fini les frissons gr\u00e2ce \u00e0 ce manteau l\u00e9ger en simili cuir. Il est id\u00e9al pour donner aux petits chiens un air \u00e0 la fois \u00e9l\u00e9gant et dur \u00e0 cuire. Il se tient en place gr\u00e2ce aux attaches en velcro situ\u00e9es sous le ventre, derri\u00e8re les boutons d\u00e9coratifs. Ce mod\u00e8le comporte m\u00eame des manches courtes pour plus de couverture. Il est doubl\u00e9 de polyester.<\/p>\n","protected":false},"excerpt":{"rendered":"<p>Fini les frissons gr\u00e2ce \u00e0 ce manteau l\u00e9ger en simili cuir. Il est id\u00e9al pour donner aux petits chiens un<\/p>\n","protected":false},"featured_media":39042,"comment_status":"closed","ping_status":"closed","template":"","meta":[],"product_brand":[],"product_cat":[1117,1109,1121],"product_tag":[],"pa_animal":[1848],"pa_couleur":[2419],"pa_duration":[],"pa_format":[2603,2604,2605,2606],"pa_marque":[],"pa_type-de-produit":[2602],"class_list":{"0":"post-39044","1":"product","2":"type-product","3":"status-publish","4":"has-post-thumbnail","6":"product_cat-chien-accessoires","7":"product_cat-nourriture-et-produits-pour-chien","8":"product_cat-chien-accessoires-coussins-et-lits","9":"pa_animal-chien","10":"pa_couleur-noir","11":"pa_format-10-fr","12":"pa_format-12-fr","13":"pa_format-14-fr","14":"pa_format-16-fr","15":"pa_type-de-produit-vetement","16":"has-subscription-plans","18":"first","19":"instock","20":"taxable","21":"shipping-taxable","22":"purchasable","23":"product-type-variable"},"aioseo_notices":[],"_links":{"self":[{"href":"https:\/\/petmobile.ca\/fr\/wp-json\/wp\/v2\/product\/39044","targetHints":{"allow":["GET"]}}],"collection":[{"href":"https:\/\/petmobile.ca\/fr\/wp-json\/wp\/v2\/product"}],"about":[{"href":"https:\/\/petmobile.ca\/fr\/wp-json\/wp\/v2\/types\/product"}],"replies":[{"embeddable":true,"href":"https:\/\/petmobile.ca\/fr\/wp-json\/wp\/v2\/comments?post=39044"}],"wp:featuredmedia":[{"embeddable":true,"href":"https:\/\/petmobile.ca\/fr\/wp-json\/wp\/v2\/media\/39042"}],"wp:attachment":[{"href":"https:\/\/petmobile.ca\/fr\/wp-json\/wp\/v2\/media?parent=39044"}],"wp:term":[{"taxonomy":"product_brand","embeddable":true,"href":"https:\/\/petmobile.ca\/fr\/wp-json\/wp\/v2\/product_brand?post=39044"},{"taxonomy":"product_cat","embeddable":true,"href":"https:\/\/petmobile.ca\/fr\/wp-json\/wp\/v2\/product_cat?post=39044"},{"taxonomy":"product_tag","embeddable":true,"href":"https:\/\/petmobile.ca\/fr\/wp-json\/wp\/v2\/product_tag?post=39044"},{"taxonomy":"pa_animal","embeddable":true,"href":"https:\/\/petmobile.ca\/fr\/wp-json\/wp\/v2\/pa_animal?post=39044"},{"taxonomy":"pa_couleur","embeddable":true,"href":"https:\/\/petmobile.ca\/fr\/wp-json\/wp\/v2\/pa_couleur?post=39044"},{"taxonomy":"pa_duration","embeddable":true,"href":"https:\/\/petmobile.ca\/fr\/wp-json\/wp\/v2\/pa_duration?post=39044"},{"taxonomy":"pa_format","embeddable":true,"href":"https:\/\/petmobile.ca\/fr\/wp-json\/wp\/v2\/pa_format?post=39044"},{"taxonomy":"pa_marque","embeddable":true,"href":"https:\/\/petmobile.ca\/fr\/wp-json\/wp\/v2\/pa_marque?post=39044"},{"taxonomy":"pa_type-de-produit","embeddable":true,"href":"https:\/\/petmobile.ca\/fr\/wp-json\/wp\/v2\/pa_type-de-produit?post=39044"}],"curies":[{"name":"wp","href":"https:\/\/api.w.org\/{rel}","templated":true}]}}