{"id":39057,"date":"2021-02-03T14:07:30","date_gmt":"2021-02-03T19:08:30","guid":{"rendered":"https:\/\/petmobile.ca\/?post_type=product&#038;p=39057"},"modified":"2021-12-23T09:39:11","modified_gmt":"2021-12-23T14:39:11","slug":"hunter-chandail-de-soccer-12","status":"publish","type":"product","link":"https:\/\/petmobile.ca\/fr\/produit\/hunter-chandail-de-soccer-12\/","title":{"rendered":"HUNTER <br> Chandail de Soccer, 12&Prime;"},"content":{"rendered":"<p>Les amateurs de sport adoreront ce jersey sp\u00e9cialement con\u00e7u pour les petits chiens. L\u00e9ger et color\u00e9, il est parfait pour les soirs de match. Deux couleurs disponibles.<\/p>\n","protected":false},"excerpt":{"rendered":"<p>Les amateurs de sport adoreront ce jersey sp\u00e9cialement con\u00e7u pour les petits chiens. L\u00e9ger et color\u00e9, il est parfait pour<\/p>\n","protected":false},"featured_media":39056,"comment_status":"closed","ping_status":"closed","template":"","meta":[],"product_brand":[],"product_cat":[1117,1109,1121],"product_tag":[],"pa_animal":[1848],"pa_couleur":[2415,2228],"pa_duration":[],"pa_format":[2604],"pa_marque":[],"pa_type-de-produit":[2602],"class_list":{"0":"post-39057","1":"product","2":"type-product","3":"status-publish","4":"has-post-thumbnail","6":"product_cat-chien-accessoires","7":"product_cat-nourriture-et-produits-pour-chien","8":"product_cat-chien-accessoires-coussins-et-lits","9":"pa_animal-chien","10":"pa_couleur-bleu","11":"pa_couleur-rouge","12":"pa_format-12-fr","13":"pa_type-de-produit-vetement","14":"has-subscription-plans","16":"first","17":"instock","18":"taxable","19":"shipping-taxable","20":"purchasable","21":"product-type-variable"},"aioseo_notices":[],"_links":{"self":[{"href":"https:\/\/petmobile.ca\/fr\/wp-json\/wp\/v2\/product\/39057","targetHints":{"allow":["GET"]}}],"collection":[{"href":"https:\/\/petmobile.ca\/fr\/wp-json\/wp\/v2\/product"}],"about":[{"href":"https:\/\/petmobile.ca\/fr\/wp-json\/wp\/v2\/types\/product"}],"replies":[{"embeddable":true,"href":"https:\/\/petmobile.ca\/fr\/wp-json\/wp\/v2\/comments?post=39057"}],"wp:featuredmedia":[{"embeddable":true,"href":"https:\/\/petmobile.ca\/fr\/wp-json\/wp\/v2\/media\/39056"}],"wp:attachment":[{"href":"https:\/\/petmobile.ca\/fr\/wp-json\/wp\/v2\/media?parent=39057"}],"wp:term":[{"taxonomy":"product_brand","embeddable":true,"href":"https:\/\/petmobile.ca\/fr\/wp-json\/wp\/v2\/product_brand?post=39057"},{"taxonomy":"product_cat","embeddable":true,"href":"https:\/\/petmobile.ca\/fr\/wp-json\/wp\/v2\/product_cat?post=39057"},{"taxonomy":"product_tag","embeddable":true,"href":"https:\/\/petmobile.ca\/fr\/wp-json\/wp\/v2\/product_tag?post=39057"},{"taxonomy":"pa_animal","embeddable":true,"href":"https:\/\/petmobile.ca\/fr\/wp-json\/wp\/v2\/pa_animal?post=39057"},{"taxonomy":"pa_couleur","embeddable":true,"href":"https:\/\/petmobile.ca\/fr\/wp-json\/wp\/v2\/pa_couleur?post=39057"},{"taxonomy":"pa_duration","embeddable":true,"href":"https:\/\/petmobile.ca\/fr\/wp-json\/wp\/v2\/pa_duration?post=39057"},{"taxonomy":"pa_format","embeddable":true,"href":"https:\/\/petmobile.ca\/fr\/wp-json\/wp\/v2\/pa_format?post=39057"},{"taxonomy":"pa_marque","embeddable":true,"href":"https:\/\/petmobile.ca\/fr\/wp-json\/wp\/v2\/pa_marque?post=39057"},{"taxonomy":"pa_type-de-produit","embeddable":true,"href":"https:\/\/petmobile.ca\/fr\/wp-json\/wp\/v2\/pa_type-de-produit?post=39057"}],"curies":[{"name":"wp","href":"https:\/\/api.w.org\/{rel}","templated":true}]}}