{"id":39072,"date":"2021-02-03T14:33:17","date_gmt":"2021-02-03T19:38:15","guid":{"rendered":"https:\/\/petmobile.ca\/?post_type=product&#038;p=39072"},"modified":"2021-12-23T09:38:13","modified_gmt":"2021-12-23T14:38:13","slug":"doggie-q-petit-parka","status":"publish","type":"product","link":"https:\/\/petmobile.ca\/fr\/produit\/doggie-q-petit-parka\/","title":{"rendered":"Doggie-Q <br> Petit parka"},"content":{"rendered":"<p>Chic, durable, et approuv\u00e9 par les cabots ! Juste \u00e0 temps pour l'hiver !<\/p>\n<ul>\n<li>Couche ext\u00e9rieure durable, l\u00e9g\u00e8re et doublure en molleton doux<\/li>\n<li>Fermeture avant en velcro pour mettre et enlever facilement<\/li>\n<li>Le design sans manche offre une plus grande mobilit\u00e9<\/li>\n<li>Laver \u00e0 la machine au cycle d\u00e9licat. S\u00e9cher \u00e0 l'air.<\/li>\n<\/ul>\n<p>Afin de d\u00e9terminer la bonne taille, mesurer le chien de bas du cou \u00e0 la queue.<\/p>\n<p>Disponible en rouge (12\") ou en noir (8\").<\/p>\n","protected":false},"excerpt":{"rendered":"<p>Chic, durable, et approuv\u00e9 par les cabots ! Juste \u00e0 temps pour l&rsquo;hiver ! Couche ext\u00e9rieure durable, l\u00e9g\u00e8re et doublure<\/p>\n","protected":false},"featured_media":39069,"comment_status":"closed","ping_status":"closed","template":"","meta":[],"product_brand":[],"product_cat":[1117,1109,1121],"product_tag":[],"pa_animal":[1848],"pa_couleur":[2419,2228],"pa_duration":[],"pa_format":[2604,2608],"pa_marque":[2610],"pa_type-de-produit":[2602],"class_list":{"0":"post-39072","1":"product","2":"type-product","3":"status-publish","4":"has-post-thumbnail","6":"product_cat-chien-accessoires","7":"product_cat-nourriture-et-produits-pour-chien","8":"product_cat-chien-accessoires-coussins-et-lits","9":"pa_animal-chien","10":"pa_couleur-noir","11":"pa_couleur-rouge","12":"pa_format-12-fr","13":"pa_format-8-fr","14":"pa_marque-doggie-q-fr","15":"pa_type-de-produit-vetement","16":"has-subscription-plans","18":"first","19":"instock","20":"taxable","21":"shipping-taxable","22":"purchasable","23":"product-type-variable"},"aioseo_notices":[],"_links":{"self":[{"href":"https:\/\/petmobile.ca\/fr\/wp-json\/wp\/v2\/product\/39072","targetHints":{"allow":["GET"]}}],"collection":[{"href":"https:\/\/petmobile.ca\/fr\/wp-json\/wp\/v2\/product"}],"about":[{"href":"https:\/\/petmobile.ca\/fr\/wp-json\/wp\/v2\/types\/product"}],"replies":[{"embeddable":true,"href":"https:\/\/petmobile.ca\/fr\/wp-json\/wp\/v2\/comments?post=39072"}],"wp:featuredmedia":[{"embeddable":true,"href":"https:\/\/petmobile.ca\/fr\/wp-json\/wp\/v2\/media\/39069"}],"wp:attachment":[{"href":"https:\/\/petmobile.ca\/fr\/wp-json\/wp\/v2\/media?parent=39072"}],"wp:term":[{"taxonomy":"product_brand","embeddable":true,"href":"https:\/\/petmobile.ca\/fr\/wp-json\/wp\/v2\/product_brand?post=39072"},{"taxonomy":"product_cat","embeddable":true,"href":"https:\/\/petmobile.ca\/fr\/wp-json\/wp\/v2\/product_cat?post=39072"},{"taxonomy":"product_tag","embeddable":true,"href":"https:\/\/petmobile.ca\/fr\/wp-json\/wp\/v2\/product_tag?post=39072"},{"taxonomy":"pa_animal","embeddable":true,"href":"https:\/\/petmobile.ca\/fr\/wp-json\/wp\/v2\/pa_animal?post=39072"},{"taxonomy":"pa_couleur","embeddable":true,"href":"https:\/\/petmobile.ca\/fr\/wp-json\/wp\/v2\/pa_couleur?post=39072"},{"taxonomy":"pa_duration","embeddable":true,"href":"https:\/\/petmobile.ca\/fr\/wp-json\/wp\/v2\/pa_duration?post=39072"},{"taxonomy":"pa_format","embeddable":true,"href":"https:\/\/petmobile.ca\/fr\/wp-json\/wp\/v2\/pa_format?post=39072"},{"taxonomy":"pa_marque","embeddable":true,"href":"https:\/\/petmobile.ca\/fr\/wp-json\/wp\/v2\/pa_marque?post=39072"},{"taxonomy":"pa_type-de-produit","embeddable":true,"href":"https:\/\/petmobile.ca\/fr\/wp-json\/wp\/v2\/pa_type-de-produit?post=39072"}],"curies":[{"name":"wp","href":"https:\/\/api.w.org\/{rel}","templated":true}]}}