{"id":39079,"date":"2021-02-03T14:57:26","date_gmt":"2021-02-03T20:53:36","guid":{"rendered":"https:\/\/petmobile.ca\/?post_type=product&#038;p=39079"},"modified":"2021-12-23T09:37:14","modified_gmt":"2021-12-23T14:37:14","slug":"ak-9-museliere-en-nylon","status":"publish","type":"product","link":"https:\/\/petmobile.ca\/fr\/produit\/ak-9-museliere-en-nylon\/","title":{"rendered":"AK-9 <br> Museli\u00e8re en nylon"},"content":{"rendered":"<p>Petite museli\u00e8re en nylon. Disponible en deux tailles (XS et S). Fabriqu\u00e9 au Canada. L'inspecter r\u00e9guli\u00e8rement pour v\u00e9rifier s'il est us\u00e9.<\/p>\n","protected":false},"excerpt":{"rendered":"<p>Petite museli\u00e8re en nylon. Disponible en deux tailles (XS et S). Fabriqu\u00e9 au Canada. L&rsquo;inspecter r\u00e9guli\u00e8rement pour v\u00e9rifier s&rsquo;il est<\/p>\n","protected":false},"featured_media":39086,"comment_status":"closed","ping_status":"closed","template":"","meta":[],"product_brand":[],"product_cat":[1117,1109,1118],"product_tag":[],"pa_animal":[1848,2101],"pa_couleur":[2415],"pa_duration":[],"pa_format":[2615,2616],"pa_marque":[2614],"pa_type-de-produit":[2526],"class_list":{"0":"post-39079","1":"product","2":"type-product","3":"status-publish","4":"has-post-thumbnail","6":"product_cat-chien-accessoires","7":"product_cat-nourriture-et-produits-pour-chien","8":"product_cat-chien-accessoires-laisse-collier-harnais","9":"pa_animal-chien","10":"pa_animal-chiot-fr","11":"pa_couleur-bleu","12":"pa_format-s-fr","13":"pa_format-xs-fr","14":"pa_marque-ak-9-fr","15":"pa_type-de-produit-museliere","16":"has-subscription-plans","18":"first","19":"instock","20":"taxable","21":"shipping-taxable","22":"purchasable","23":"product-type-variable"},"aioseo_notices":[],"_links":{"self":[{"href":"https:\/\/petmobile.ca\/fr\/wp-json\/wp\/v2\/product\/39079","targetHints":{"allow":["GET"]}}],"collection":[{"href":"https:\/\/petmobile.ca\/fr\/wp-json\/wp\/v2\/product"}],"about":[{"href":"https:\/\/petmobile.ca\/fr\/wp-json\/wp\/v2\/types\/product"}],"replies":[{"embeddable":true,"href":"https:\/\/petmobile.ca\/fr\/wp-json\/wp\/v2\/comments?post=39079"}],"wp:featuredmedia":[{"embeddable":true,"href":"https:\/\/petmobile.ca\/fr\/wp-json\/wp\/v2\/media\/39086"}],"wp:attachment":[{"href":"https:\/\/petmobile.ca\/fr\/wp-json\/wp\/v2\/media?parent=39079"}],"wp:term":[{"taxonomy":"product_brand","embeddable":true,"href":"https:\/\/petmobile.ca\/fr\/wp-json\/wp\/v2\/product_brand?post=39079"},{"taxonomy":"product_cat","embeddable":true,"href":"https:\/\/petmobile.ca\/fr\/wp-json\/wp\/v2\/product_cat?post=39079"},{"taxonomy":"product_tag","embeddable":true,"href":"https:\/\/petmobile.ca\/fr\/wp-json\/wp\/v2\/product_tag?post=39079"},{"taxonomy":"pa_animal","embeddable":true,"href":"https:\/\/petmobile.ca\/fr\/wp-json\/wp\/v2\/pa_animal?post=39079"},{"taxonomy":"pa_couleur","embeddable":true,"href":"https:\/\/petmobile.ca\/fr\/wp-json\/wp\/v2\/pa_couleur?post=39079"},{"taxonomy":"pa_duration","embeddable":true,"href":"https:\/\/petmobile.ca\/fr\/wp-json\/wp\/v2\/pa_duration?post=39079"},{"taxonomy":"pa_format","embeddable":true,"href":"https:\/\/petmobile.ca\/fr\/wp-json\/wp\/v2\/pa_format?post=39079"},{"taxonomy":"pa_marque","embeddable":true,"href":"https:\/\/petmobile.ca\/fr\/wp-json\/wp\/v2\/pa_marque?post=39079"},{"taxonomy":"pa_type-de-produit","embeddable":true,"href":"https:\/\/petmobile.ca\/fr\/wp-json\/wp\/v2\/pa_type-de-produit?post=39079"}],"curies":[{"name":"wp","href":"https:\/\/api.w.org\/{rel}","templated":true}]}}