{"id":39091,"date":"2021-02-03T16:17:03","date_gmt":"2021-02-03T21:20:24","guid":{"rendered":"https:\/\/petmobile.ca\/?post_type=product&#038;p=39091"},"modified":"2021-12-23T09:36:18","modified_gmt":"2021-12-23T14:36:18","slug":"cumfy-coussin-en-peluche","status":"publish","type":"product","link":"https:\/\/petmobile.ca\/fr\/produit\/cumfy-coussin-en-peluche\/","title":{"rendered":"Cumfy <br> Coussin en peluche"},"content":{"rendered":"<p>Confortable, durable, lavable. Convient \u00e0 la plupart des cages de marque connue. 35\" x 23\"<\/p>\n<p>Laver \u00e0 l'eau froide avec un d\u00e9tersif doux. Ne pas utiliser de javellisant. Suspendre pour s\u00e9cher.<\/p>\n","protected":false},"excerpt":{"rendered":"<p>Confortable, durable, lavable. Convient \u00e0 la plupart des cages de marque connue. 35&Prime; x 23&Prime; Laver \u00e0 l&rsquo;eau froide avec<\/p>\n","protected":false},"featured_media":39089,"comment_status":"closed","ping_status":"closed","template":"","meta":[],"product_brand":[],"product_cat":[1097,1117,1092,1109,1121,1104],"product_tag":[],"pa_animal":[1847,1848],"pa_couleur":[2419],"pa_duration":[],"pa_format":[],"pa_marque":[2620],"pa_type-de-produit":[2619],"class_list":{"0":"post-39091","1":"product","2":"type-product","3":"status-publish","4":"has-post-thumbnail","6":"product_cat-chat-accessoires","7":"product_cat-chien-accessoires","8":"product_cat-produits-pour-chat","9":"product_cat-nourriture-et-produits-pour-chien","10":"product_cat-chien-accessoires-coussins-et-lits","11":"product_cat-chat-accessoires-coussins-et-tentes","12":"pa_animal-chat","13":"pa_animal-chien","14":"pa_couleur-noir","15":"pa_marque-cumfy-fr","16":"pa_type-de-produit-confort","17":"has-subscription-plans","19":"first","20":"instock","21":"taxable","22":"shipping-taxable","23":"purchasable","24":"product-type-simple"},"aioseo_notices":[],"_links":{"self":[{"href":"https:\/\/petmobile.ca\/fr\/wp-json\/wp\/v2\/product\/39091","targetHints":{"allow":["GET"]}}],"collection":[{"href":"https:\/\/petmobile.ca\/fr\/wp-json\/wp\/v2\/product"}],"about":[{"href":"https:\/\/petmobile.ca\/fr\/wp-json\/wp\/v2\/types\/product"}],"replies":[{"embeddable":true,"href":"https:\/\/petmobile.ca\/fr\/wp-json\/wp\/v2\/comments?post=39091"}],"wp:featuredmedia":[{"embeddable":true,"href":"https:\/\/petmobile.ca\/fr\/wp-json\/wp\/v2\/media\/39089"}],"wp:attachment":[{"href":"https:\/\/petmobile.ca\/fr\/wp-json\/wp\/v2\/media?parent=39091"}],"wp:term":[{"taxonomy":"product_brand","embeddable":true,"href":"https:\/\/petmobile.ca\/fr\/wp-json\/wp\/v2\/product_brand?post=39091"},{"taxonomy":"product_cat","embeddable":true,"href":"https:\/\/petmobile.ca\/fr\/wp-json\/wp\/v2\/product_cat?post=39091"},{"taxonomy":"product_tag","embeddable":true,"href":"https:\/\/petmobile.ca\/fr\/wp-json\/wp\/v2\/product_tag?post=39091"},{"taxonomy":"pa_animal","embeddable":true,"href":"https:\/\/petmobile.ca\/fr\/wp-json\/wp\/v2\/pa_animal?post=39091"},{"taxonomy":"pa_couleur","embeddable":true,"href":"https:\/\/petmobile.ca\/fr\/wp-json\/wp\/v2\/pa_couleur?post=39091"},{"taxonomy":"pa_duration","embeddable":true,"href":"https:\/\/petmobile.ca\/fr\/wp-json\/wp\/v2\/pa_duration?post=39091"},{"taxonomy":"pa_format","embeddable":true,"href":"https:\/\/petmobile.ca\/fr\/wp-json\/wp\/v2\/pa_format?post=39091"},{"taxonomy":"pa_marque","embeddable":true,"href":"https:\/\/petmobile.ca\/fr\/wp-json\/wp\/v2\/pa_marque?post=39091"},{"taxonomy":"pa_type-de-produit","embeddable":true,"href":"https:\/\/petmobile.ca\/fr\/wp-json\/wp\/v2\/pa_type-de-produit?post=39091"}],"curies":[{"name":"wp","href":"https:\/\/api.w.org\/{rel}","templated":true}]}}