{"id":39760,"date":"2021-03-06T10:23:40","date_gmt":"2021-03-06T15:23:40","guid":{"rendered":"https:\/\/petmobile.ca\/?post_type=product&#038;p=39760"},"modified":"2021-12-23T09:31:26","modified_gmt":"2021-12-23T14:31:26","slug":"bellerive-trachee-de-veau","status":"publish","type":"product","link":"https:\/\/petmobile.ca\/fr\/produit\/bellerive-trachee-de-veau\/","title":{"rendered":"Bellerive <br> Trach\u00e9e de veau"},"content":{"rendered":"<p>En plus de leur texture appr\u00e9ci\u00e9e par les chiens qui aiment mastiquer, les trach\u00e9es de veau sont un excellente source de collag\u00e8ne. Le collag\u00e8ne est une source importante de prot\u00e9ines et un composant essentiel du pelage, des os, du cartilage, des ligaments et des tendons, et est \u00e9galement un incontournable pour favoriser la gu\u00e9rison de blessures.<\/p>\n<p>Avec l'\u00e2ge, les chiens voient leurs niveaux de collag\u00e8ne naturels diminuer, ce qui peut mener \u00e0 un affaiblissement des fibres, menant \u00e0 une fragilit\u00e9 au niveau des jointures et des tissus conjonctifs.<\/p>\n<p>Les trach\u00e9es de veau offrent donc non-seulement \u00e0 votre compagnon une s\u00e9ance de masticage savoureuse, elles offrent aussi un support important \u00e0 leur sant\u00e9 et \u00e0 leur bien \u00eatre!<\/p>\n<p>Vendu \u00e0 l'unit\u00e9.<\/p>\n","protected":false},"excerpt":{"rendered":"<p>En plus de leur texture appr\u00e9ci\u00e9e par les chiens qui aiment mastiquer, les trach\u00e9es de veau sont un excellente source<\/p>\n","protected":false},"featured_media":39759,"comment_status":"closed","ping_status":"closed","template":"","meta":[],"product_brand":[],"product_cat":[1109,1115,1114],"product_tag":[],"pa_animal":[1848],"pa_couleur":[],"pa_duration":[],"pa_format":[],"pa_marque":[2546],"pa_type-de-produit":[2547],"class_list":{"0":"post-39760","1":"product","2":"type-product","3":"status-publish","4":"has-post-thumbnail","6":"product_cat-nourriture-et-produits-pour-chien","7":"product_cat-chien-gateries","8":"product_cat-chien-gateries-os-cuir-brut-parties-animales","9":"pa_animal-chien","10":"pa_marque-produits-bellerive","11":"pa_type-de-produit-viande","12":"has-subscription-plans","14":"first","15":"instock","16":"taxable","17":"shipping-taxable","18":"purchasable","19":"product-type-simple"},"aioseo_notices":[],"_links":{"self":[{"href":"https:\/\/petmobile.ca\/fr\/wp-json\/wp\/v2\/product\/39760","targetHints":{"allow":["GET"]}}],"collection":[{"href":"https:\/\/petmobile.ca\/fr\/wp-json\/wp\/v2\/product"}],"about":[{"href":"https:\/\/petmobile.ca\/fr\/wp-json\/wp\/v2\/types\/product"}],"replies":[{"embeddable":true,"href":"https:\/\/petmobile.ca\/fr\/wp-json\/wp\/v2\/comments?post=39760"}],"wp:featuredmedia":[{"embeddable":true,"href":"https:\/\/petmobile.ca\/fr\/wp-json\/wp\/v2\/media\/39759"}],"wp:attachment":[{"href":"https:\/\/petmobile.ca\/fr\/wp-json\/wp\/v2\/media?parent=39760"}],"wp:term":[{"taxonomy":"product_brand","embeddable":true,"href":"https:\/\/petmobile.ca\/fr\/wp-json\/wp\/v2\/product_brand?post=39760"},{"taxonomy":"product_cat","embeddable":true,"href":"https:\/\/petmobile.ca\/fr\/wp-json\/wp\/v2\/product_cat?post=39760"},{"taxonomy":"product_tag","embeddable":true,"href":"https:\/\/petmobile.ca\/fr\/wp-json\/wp\/v2\/product_tag?post=39760"},{"taxonomy":"pa_animal","embeddable":true,"href":"https:\/\/petmobile.ca\/fr\/wp-json\/wp\/v2\/pa_animal?post=39760"},{"taxonomy":"pa_couleur","embeddable":true,"href":"https:\/\/petmobile.ca\/fr\/wp-json\/wp\/v2\/pa_couleur?post=39760"},{"taxonomy":"pa_duration","embeddable":true,"href":"https:\/\/petmobile.ca\/fr\/wp-json\/wp\/v2\/pa_duration?post=39760"},{"taxonomy":"pa_format","embeddable":true,"href":"https:\/\/petmobile.ca\/fr\/wp-json\/wp\/v2\/pa_format?post=39760"},{"taxonomy":"pa_marque","embeddable":true,"href":"https:\/\/petmobile.ca\/fr\/wp-json\/wp\/v2\/pa_marque?post=39760"},{"taxonomy":"pa_type-de-produit","embeddable":true,"href":"https:\/\/petmobile.ca\/fr\/wp-json\/wp\/v2\/pa_type-de-produit?post=39760"}],"curies":[{"name":"wp","href":"https:\/\/api.w.org\/{rel}","templated":true}]}}