{"id":39765,"date":"2021-03-06T10:48:21","date_gmt":"2021-03-06T15:48:21","guid":{"rendered":"https:\/\/petmobile.ca\/?post_type=product&#038;p=39765"},"modified":"2024-05-01T11:05:03","modified_gmt":"2024-05-01T15:05:03","slug":"bellerive-languettes-de-porc","status":"publish","type":"product","link":"https:\/\/petmobile.ca\/fr\/produit\/bellerive-languettes-de-porc\/","title":{"rendered":"Bellerive <br> Languettes d&rsquo;oreilles porc"},"content":{"rendered":"<p>Les languettes de porc sont une g\u00e2terie populaire chez nos amis canins, de par leur saveur riche et leur texture croustillante. Elles durent beaucoup plus longtemps que les g\u00e2teries standards, et d'autant plus important, sont de taille parfaite pour convenir \u00e0 tous les chiens, incluant les petits toutous. Tr\u00e8s app\u00e9tissantes et 100% digestibles, elles sont aussi une alternative sant\u00e9 et s\u00e9curitaire au cuir brut.<\/p>\n<ul>\n<li>100% naturel et issu de porc \u00e9lev\u00e9 au Qu\u00e9bec<\/li>\n<li>Sans grain et sans gluten, sans sel ou sucre ajout\u00e9<\/li>\n<li>S\u00e9ch\u00e9 naturellement pour une qualit\u00e9 et une saveur sup\u00e9rieures<\/li>\n<li>Une r\u00e9compense parfaite qui favorise la sant\u00e9 dentaire long-terme de votre compagnon<\/li>\n<\/ul>\n<p><u>Vendu en paquets de 500g et en caisses de 5kg.<\/u><\/p>\n<p>Les languettes peuvent varier dans leur forme et leur taille, mais sont g\u00e9n\u00e9ralement de petite taille, convenant aux chiens de toutes races, m\u00eame aux touts petits.<\/p>\n","protected":false},"excerpt":{"rendered":"<p>Les languettes de porc sont une g\u00e2terie populaire chez nos amis canins, de par leur saveur riche et leur texture<\/p>\n","protected":false},"featured_media":39764,"comment_status":"closed","ping_status":"closed","template":"","meta":[],"product_brand":[],"product_cat":[1109,1114],"product_tag":[],"pa_animal":[1848],"pa_couleur":[],"pa_duration":[],"pa_format":[2628,2091],"pa_marque":[2546],"pa_type-de-produit":[2547],"class_list":{"0":"post-39765","1":"product","2":"type-product","3":"status-publish","4":"has-post-thumbnail","6":"product_cat-nourriture-et-produits-pour-chien","7":"product_cat-chien-gateries-os-cuir-brut-parties-animales","8":"pa_animal-chien","9":"pa_format-500g-fr","10":"pa_format-5kg-fr","11":"pa_marque-produits-bellerive","12":"pa_type-de-produit-viande","13":"has-subscription-plans","15":"first","16":"instock","17":"taxable","18":"shipping-taxable","19":"purchasable","20":"product-type-simple"},"aioseo_notices":[],"_links":{"self":[{"href":"https:\/\/petmobile.ca\/fr\/wp-json\/wp\/v2\/product\/39765","targetHints":{"allow":["GET"]}}],"collection":[{"href":"https:\/\/petmobile.ca\/fr\/wp-json\/wp\/v2\/product"}],"about":[{"href":"https:\/\/petmobile.ca\/fr\/wp-json\/wp\/v2\/types\/product"}],"replies":[{"embeddable":true,"href":"https:\/\/petmobile.ca\/fr\/wp-json\/wp\/v2\/comments?post=39765"}],"wp:featuredmedia":[{"embeddable":true,"href":"https:\/\/petmobile.ca\/fr\/wp-json\/wp\/v2\/media\/39764"}],"wp:attachment":[{"href":"https:\/\/petmobile.ca\/fr\/wp-json\/wp\/v2\/media?parent=39765"}],"wp:term":[{"taxonomy":"product_brand","embeddable":true,"href":"https:\/\/petmobile.ca\/fr\/wp-json\/wp\/v2\/product_brand?post=39765"},{"taxonomy":"product_cat","embeddable":true,"href":"https:\/\/petmobile.ca\/fr\/wp-json\/wp\/v2\/product_cat?post=39765"},{"taxonomy":"product_tag","embeddable":true,"href":"https:\/\/petmobile.ca\/fr\/wp-json\/wp\/v2\/product_tag?post=39765"},{"taxonomy":"pa_animal","embeddable":true,"href":"https:\/\/petmobile.ca\/fr\/wp-json\/wp\/v2\/pa_animal?post=39765"},{"taxonomy":"pa_couleur","embeddable":true,"href":"https:\/\/petmobile.ca\/fr\/wp-json\/wp\/v2\/pa_couleur?post=39765"},{"taxonomy":"pa_duration","embeddable":true,"href":"https:\/\/petmobile.ca\/fr\/wp-json\/wp\/v2\/pa_duration?post=39765"},{"taxonomy":"pa_format","embeddable":true,"href":"https:\/\/petmobile.ca\/fr\/wp-json\/wp\/v2\/pa_format?post=39765"},{"taxonomy":"pa_marque","embeddable":true,"href":"https:\/\/petmobile.ca\/fr\/wp-json\/wp\/v2\/pa_marque?post=39765"},{"taxonomy":"pa_type-de-produit","embeddable":true,"href":"https:\/\/petmobile.ca\/fr\/wp-json\/wp\/v2\/pa_type-de-produit?post=39765"}],"curies":[{"name":"wp","href":"https:\/\/api.w.org\/{rel}","templated":true}]}}