{"id":39796,"date":"2021-03-09T14:49:17","date_gmt":"2021-03-09T19:49:17","guid":{"rendered":"https:\/\/petmobile.ca\/?post_type=product&#038;p=39796"},"modified":"2021-12-23T09:27:16","modified_gmt":"2021-12-23T14:27:16","slug":"bellerive-tranches-de-foie-de-boeuf-sechees","status":"publish","type":"product","link":"https:\/\/petmobile.ca\/fr\/produit\/bellerive-tranches-de-foie-de-boeuf-sechees\/","title":{"rendered":"Bellerive <br> Foie de B\u0153uf"},"content":{"rendered":"<p>Le foie de b\u0153uf d\u00e9shydrat\u00e9 est une g\u00e2terie tr\u00e8s attrayante pour les chiens. Il enthousiasme m\u00eame les chiens les plus difficiles!<\/p>\n<p>Cette g\u00e2terie naturelle est extr\u00eamement nutritive. Le foie de b\u0153uf d\u00e9shydrat\u00e9 est charg\u00e9 en prot\u00e9ines et ne contient que tr\u00e8s peu de gras. Le foie de b\u0153uf est aussi une grande source de fer et de zinc, ces deux \u00e9l\u00e9ments jouant un r\u00f4le essentiel dans le maintien d'un m\u00e9tabolisme et d'un syst\u00e8me immunitaire sains.<\/p>\n<p>Ces g\u00e2teries 100% naturelles sont issues de b\u0153uf \u00e9lev\u00e9 au Qu\u00e9bec, et ne contiennent aucun agent de pr\u00e9servation ou de saveurs artificielles. Une r\u00e9compense sant\u00e9 et attrayante pour les chiens de tous \u00e2ges!<\/p>\n<p>500g par unit\u00e9.<\/p>\n","protected":false},"excerpt":{"rendered":"<p>Le foie de b\u0153uf d\u00e9shydrat\u00e9 est une g\u00e2terie tr\u00e8s attrayante pour les chiens. Il enthousiasme m\u00eame les chiens les plus<\/p>\n","protected":false},"featured_media":39795,"comment_status":"closed","ping_status":"closed","template":"","meta":[],"product_brand":[],"product_cat":[1109,1114],"product_tag":[],"pa_animal":[1848],"pa_couleur":[],"pa_duration":[],"pa_format":[2628],"pa_marque":[2546],"pa_type-de-produit":[2547],"class_list":{"0":"post-39796","1":"product","2":"type-product","3":"status-publish","4":"has-post-thumbnail","6":"product_cat-nourriture-et-produits-pour-chien","7":"product_cat-chien-gateries-os-cuir-brut-parties-animales","8":"pa_animal-chien","9":"pa_format-500g-fr","10":"pa_marque-produits-bellerive","11":"pa_type-de-produit-viande","12":"has-subscription-plans","14":"first","15":"instock","16":"taxable","17":"shipping-taxable","18":"purchasable","19":"product-type-simple"},"aioseo_notices":[],"_links":{"self":[{"href":"https:\/\/petmobile.ca\/fr\/wp-json\/wp\/v2\/product\/39796","targetHints":{"allow":["GET"]}}],"collection":[{"href":"https:\/\/petmobile.ca\/fr\/wp-json\/wp\/v2\/product"}],"about":[{"href":"https:\/\/petmobile.ca\/fr\/wp-json\/wp\/v2\/types\/product"}],"replies":[{"embeddable":true,"href":"https:\/\/petmobile.ca\/fr\/wp-json\/wp\/v2\/comments?post=39796"}],"wp:featuredmedia":[{"embeddable":true,"href":"https:\/\/petmobile.ca\/fr\/wp-json\/wp\/v2\/media\/39795"}],"wp:attachment":[{"href":"https:\/\/petmobile.ca\/fr\/wp-json\/wp\/v2\/media?parent=39796"}],"wp:term":[{"taxonomy":"product_brand","embeddable":true,"href":"https:\/\/petmobile.ca\/fr\/wp-json\/wp\/v2\/product_brand?post=39796"},{"taxonomy":"product_cat","embeddable":true,"href":"https:\/\/petmobile.ca\/fr\/wp-json\/wp\/v2\/product_cat?post=39796"},{"taxonomy":"product_tag","embeddable":true,"href":"https:\/\/petmobile.ca\/fr\/wp-json\/wp\/v2\/product_tag?post=39796"},{"taxonomy":"pa_animal","embeddable":true,"href":"https:\/\/petmobile.ca\/fr\/wp-json\/wp\/v2\/pa_animal?post=39796"},{"taxonomy":"pa_couleur","embeddable":true,"href":"https:\/\/petmobile.ca\/fr\/wp-json\/wp\/v2\/pa_couleur?post=39796"},{"taxonomy":"pa_duration","embeddable":true,"href":"https:\/\/petmobile.ca\/fr\/wp-json\/wp\/v2\/pa_duration?post=39796"},{"taxonomy":"pa_format","embeddable":true,"href":"https:\/\/petmobile.ca\/fr\/wp-json\/wp\/v2\/pa_format?post=39796"},{"taxonomy":"pa_marque","embeddable":true,"href":"https:\/\/petmobile.ca\/fr\/wp-json\/wp\/v2\/pa_marque?post=39796"},{"taxonomy":"pa_type-de-produit","embeddable":true,"href":"https:\/\/petmobile.ca\/fr\/wp-json\/wp\/v2\/pa_type-de-produit?post=39796"}],"curies":[{"name":"wp","href":"https:\/\/api.w.org\/{rel}","templated":true}]}}